{"id":22869,"date":"2019-05-16T12:18:39","date_gmt":"2019-05-16T16:18:39","guid":{"rendered":"https:\/\/www.nosm.ca\/?page_id=22869"},"modified":"2026-03-31T14:13:54","modified_gmt":"2026-03-31T18:13:54","slug":"contact-the-cepd-office","status":"publish","type":"page","link":"https:\/\/www.nosm.ca\/fr\/education\/cepd\/contact-the-cepd-office\/","title":{"rendered":"Coordonn\u00e9es"},"content":{"rendered":"<p class=\"qtranxs-available-languages-message qtranxs-available-languages-message-fr\">D\u00e9sol\u00e9,  cette entr\u00e9e de donn\u00e9es est seulement disponible en <a href=\"https:\/\/www.nosm.ca\/en\/wp-json\/wp\/v2\/pages\/22869\" class=\"qtranxs-available-language-link qtranxs-available-language-link-en\" title=\"English\">English<\/a>.<\/p>","protected":false},"excerpt":{"rendered":"<p>D\u00e9sol\u00e9, cette entr\u00e9e de donn\u00e9es est seulement disponible en English.<\/p>\n","protected":false},"author":16,"featured_media":0,"parent":3413,"menu_order":14,"comment_status":"closed","ping_status":"closed","template":"page-templates\/landing.php","meta":{"_acf_changed":false,"footnotes":""},"class_list":["post-22869","page","type-page","status-publish","hentry"],"acf":[],"_links":{"self":[{"href":"https:\/\/www.nosm.ca\/fr\/wp-json\/wp\/v2\/pages\/22869","targetHints":{"allow":["GET"]}}],"collection":[{"href":"https:\/\/www.nosm.ca\/fr\/wp-json\/wp\/v2\/pages"}],"about":[{"href":"https:\/\/www.nosm.ca\/fr\/wp-json\/wp\/v2\/types\/page"}],"author":[{"embeddable":true,"href":"https:\/\/www.nosm.ca\/fr\/wp-json\/wp\/v2\/users\/16"}],"replies":[{"embeddable":true,"href":"https:\/\/www.nosm.ca\/fr\/wp-json\/wp\/v2\/comments?post=22869"}],"version-history":[{"count":49,"href":"https:\/\/www.nosm.ca\/fr\/wp-json\/wp\/v2\/pages\/22869\/revisions"}],"predecessor-version":[{"id":83820,"href":"https:\/\/www.nosm.ca\/fr\/wp-json\/wp\/v2\/pages\/22869\/revisions\/83820"}],"up":[{"embeddable":true,"href":"https:\/\/www.nosm.ca\/fr\/wp-json\/wp\/v2\/pages\/3413"}],"wp:attachment":[{"href":"https:\/\/www.nosm.ca\/fr\/wp-json\/wp\/v2\/media?parent=22869"}],"curies":[{"name":"wp","href":"https:\/\/api.w.org\/{rel}","templated":true}]}}