{"id":22255,"date":"2019-04-16T11:33:05","date_gmt":"2019-04-16T15:33:05","guid":{"rendered":"https:\/\/www.nosm.ca\/?page_id=22255"},"modified":"2023-04-06T15:02:59","modified_gmt":"2023-04-06T19:02:59","slug":"overcoming-barriers-to-safe-opioid-prescribing","status":"publish","type":"page","link":"https:\/\/www.nosm.ca\/fr\/education\/cepd\/about-us\/cepd-programs\/overcoming-barriers-to-safe-opioid-prescribing\/","title":{"rendered":"Surmonter les obstacles \u00e0 la prescription s\u00e9curitaire d&rsquo;opio\u00efdes"},"content":{"rendered":"<p>&nbsp;<\/p>\n<h2 style=\"text-align: center\"><strong><span class=\"TextRun BCX0 SCXW228480218\" lang=\"FR-CA\" xml:lang=\"FR-CA\" data-contrast=\"none\"><span class=\"NormalTextRun BCX0 SCXW228480218\">L\u2019inscription des fournisseurs de soins primaires est maintenant ouverte!<\/span><\/span><\/strong><\/h2>\n<div style=\"text-align: center\"><em>Ce programme n&rsquo;est propos\u00e9 qu&rsquo;en anglais pour le moment<\/em><\/div>\n<p style=\"text-align: center\"><a href=\"https:\/\/nosm.qualtrics.com\/jfe\/form\/SV_doK7MYpqEZz2ftj\" target=\"_blank\" rel=\"noopener noreferrer\"><img loading=\"lazy\" decoding=\"async\" class=\"alignnone wp-image-28010\" src=\"https:\/\/www.nosm.ca\/wp-content\/uploads\/2020\/01\/240_F_29821205_SjNyi7y5oFFSIOJGlybdcuYpRjZeoPC7-300x110.jpg\" alt=\"S'inscrire\" width=\"164\" height=\"60\" srcset=\"https:\/\/www.nosm.ca\/wp-content\/uploads\/2020\/01\/240_F_29821205_SjNyi7y5oFFSIOJGlybdcuYpRjZeoPC7-300x110.jpg 300w, https:\/\/www.nosm.ca\/wp-content\/uploads\/2020\/01\/240_F_29821205_SjNyi7y5oFFSIOJGlybdcuYpRjZeoPC7.jpg 656w\" sizes=\"auto, (max-width: 164px) 100vw, 164px\" \/><\/a><\/p>\n<div class='accordion' data-autoclose='true'>\n<div class='accordion-item closed'>\n<h3 class='accordion-title'>Veuillez lire ces renseignements importants concernant l&rsquo;inscription.<\/h3>\n<div class='accordion-content'>\n<p><strong><span class=\"TextRun SCXW155297625 BCX0\" lang=\"FR-CA\" xml:lang=\"FR-CA\" data-contrast=\"none\"><span class=\"NormalTextRun SCXW155297625 BCX0\">Ce module d\u2019apprentissage en ligne requiert des donn\u00e9es d\u2019ouverture de session<\/span><\/span>.<\/strong><\/p>\n<p><span class=\"TextRun SCXW163307360 BCX0\" lang=\"FR-CA\" xml:lang=\"FR-CA\" data-contrast=\"none\"><span class=\"NormalTextRun SCXW163307360 BCX0\">Si vous avez oubli\u00e9 votre nom d\u2019utilisateur et\/ou votre mot de passe <\/span><\/span>:<\/p>\n<ul>\n<li><span class=\"TextRun SCXW122227861 BCX0\" lang=\"FR-CA\" xml:lang=\"FR-CA\" data-contrast=\"none\"><span class=\"NormalTextRun SCXW122227861 BCX0\">Communiquez directement avec le Service de TI de l&rsquo;EMNO <strong>pendant les\u00a0<\/strong><\/span><\/span><strong><span class=\"TextRun SCXW122227861 BCX0\" lang=\"FR-CA\" xml:lang=\"FR-CA\" data-contrast=\"none\"><span class=\"NormalTextRun SCXW122227861 BCX0\">heures normales d\u2019ouverture<\/span><\/span><\/strong><\/li>\n<li><span class=\"TextRun SCXW266788645 BCX0\" lang=\"FR-CA\" xml:lang=\"FR-CA\" data-contrast=\"none\"><span class=\"NormalTextRun SCXW266788645 BCX0\">Heures d\u2019ouverture\u202f: du lundi au vendredi de 9 h \u00e0 16 h, sauf <\/span><\/span><span class=\"TextRun SCXW266788645 BCX0\" lang=\"FR-CA\" xml:lang=\"FR-CA\" data-contrast=\"none\"><span class=\"NormalTextRun SCXW266788645 BCX0\">les jours f\u00e9ri\u00e9s<\/span><\/span><span class=\"EOP SCXW266788645 BCX0\" data-ccp-props=\"{&quot;134233117&quot;:true,&quot;134233118&quot;:true,&quot;201341983&quot;:0,&quot;335559685&quot;:945,&quot;335559739&quot;:160,&quot;335559740&quot;:240}\">\u00a0<\/span><\/li>\n<li><span class=\"TextRun SCXW259994335 BCX0\" lang=\"FR-CA\" xml:lang=\"FR-CA\" data-contrast=\"none\"><span class=\"NormalTextRun SCXW259994335 BCX0\">Appels sans frais\u00a0<\/span><\/span><span class=\"TextRun SCXW259994335 BCX0\" lang=\"FR-CA\" xml:lang=\"FR-CA\" data-contrast=\"none\"><span class=\"NormalTextRun SCXW259994335 BCX0\">: 1<\/span><\/span><span class=\"TextRun SCXW259994335 BCX0\" lang=\"FR-CA\" xml:lang=\"FR-CA\" data-contrast=\"none\"><span class=\"NormalTextRun SCXW259994335 BCX0\">&#8211;<\/span><\/span><span class=\"TextRun SCXW259994335 BCX0\" lang=\"FR-CA\" xml:lang=\"FR-CA\" data-contrast=\"none\"><span class=\"NormalTextRun SCXW259994335 BCX0\">800<\/span><\/span><span class=\"TextRun SCXW259994335 BCX0\" lang=\"FR-CA\" xml:lang=\"FR-CA\" data-contrast=\"none\"><span class=\"NormalTextRun SCXW259994335 BCX0\">&#8211;<\/span><\/span><span class=\"TextRun SCXW259994335 BCX0\" lang=\"FR-CA\" xml:lang=\"FR-CA\" data-contrast=\"none\"><span class=\"NormalTextRun SCXW259994335 BCX0\">461<\/span><\/span><span class=\"TextRun SCXW259994335 BCX0\" lang=\"FR-CA\" xml:lang=\"FR-CA\" data-contrast=\"none\"><span class=\"NormalTextRun SCXW259994335 BCX0\">&#8211;<\/span><\/span><span class=\"TextRun SCXW259994335 BCX0\" lang=\"FR-CA\" xml:lang=\"FR-CA\" data-contrast=\"none\"><span class=\"NormalTextRun SCXW259994335 BCX0\">8777,\u00a0<\/span><\/span><em><span class=\"TextRun SCXW259994335 BCX0\" lang=\"FR-CA\" xml:lang=\"FR-CA\" data-contrast=\"none\"><span class=\"NormalTextRun SCXW259994335 BCX0\">s\u00e9lectionnez l\u2019<\/span><\/span><span class=\"TextRun SCXW259994335 BCX0\" lang=\"FR-CA\" xml:lang=\"FR-CA\" data-contrast=\"none\"><span class=\"NormalTextRun SCXW259994335 BCX0\">o<\/span><\/span><span class=\"TextRun SCXW259994335 BCX0\" lang=\"FR-CA\" xml:lang=\"FR-CA\" data-contrast=\"none\"><span class=\"NormalTextRun SCXW259994335 BCX0\">ption<\/span><\/span><span class=\"TextRun SCXW259994335 BCX0\" lang=\"FR-CA\" xml:lang=\"FR-CA\" data-contrast=\"none\"><span class=\"NormalTextRun SCXW259994335 BCX0\">\u00a01<\/span><\/span><span class=\"TextRun SCXW259994335 BCX0\" lang=\"FR-CA\" xml:lang=\"FR-CA\" data-contrast=\"none\"><span class=\"NormalTextRun SCXW259994335 BCX0\">,<\/span><\/span><span class=\"TextRun SCXW259994335 BCX0\" lang=\"FR-CA\" xml:lang=\"FR-CA\" data-contrast=\"none\"><span class=\"NormalTextRun SCXW259994335 BCX0\">\u00a0puis l\u2019option\u00a0<\/span><\/span><span class=\"TextRun SCXW259994335 BCX0\" lang=\"FR-CA\" xml:lang=\"FR-CA\" data-contrast=\"none\"><span class=\"NormalTextRun SCXW259994335 BCX0\">7<\/span><\/span><span class=\"TextRun SCXW259994335 BCX0\" lang=\"FR-CA\" xml:lang=\"FR-CA\" data-contrast=\"none\"><span class=\"NormalTextRun SCXW259994335 BCX0\">\u00a0et l\u2019option\u00a0<\/span><\/span><span class=\"TextRun SCXW259994335 BCX0\" lang=\"FR-CA\" xml:lang=\"FR-CA\" data-contrast=\"none\"><span class=\"NormalTextRun SCXW259994335 BCX0\">1\u00a0<\/span><\/span><span class=\"TextRun SCXW259994335 BCX0\" lang=\"FR-CA\" xml:lang=\"FR-CA\" data-contrast=\"none\"><span class=\"NormalTextRun SCXW259994335 BCX0\">o<\/span><\/span><span class=\"TextRun SCXW259994335 BCX0\" lang=\"FR-CA\" xml:lang=\"FR-CA\" data-contrast=\"none\"><span class=\"NormalTextRun SCXW259994335 BCX0\">u<\/span><\/span><span class=\"TextRun SCXW259994335 BCX0\" lang=\"FR-CA\" xml:lang=\"FR-CA\" data-contrast=\"none\"><span class=\"NormalTextRun SCXW259994335 BCX0\">\u00a02<\/span><\/span><br \/>\n<\/em><\/li>\n<\/ul>\n<p><span class=\"TextRun SCXW256424818 BCX0\" lang=\"FR-CA\" xml:lang=\"FR-CA\" data-contrast=\"none\"><span class=\"NormalTextRun SCXW256424818 BCX0\">Si <strong>vous n\u2019avez pas<\/strong> de nom d\u2019utilisateur et de mot de passe de l&rsquo;EMNO <\/span><\/span>:<\/p>\n<ul>\n<li><span class=\"TextRun SCXW200915676 BCX0\" lang=\"FR-CA\" xml:lang=\"FR-CA\" data-contrast=\"none\"><span class=\"NormalTextRun SCXW200915676 BCX0\">Remplissez le\u00a0<\/span><\/span><a class=\"Hyperlink SCXW200915676 BCX0\" href=\"https:\/\/nosm.qualtrics.com\/jfe\/form\/SV_doK7MYpqEZz2ftj\" target=\"_blank\" rel=\"noopener noreferrer\"><span class=\"TextRun Underlined SCXW200915676 BCX0\" lang=\"FR-CA\" xml:lang=\"FR-CA\" data-contrast=\"none\"><span class=\"NormalTextRun SCXW200915676 BCX0\">formulaire d\u2019inscription<\/span><\/span><\/a><span class=\"TextRun SCXW200915676 BCX0\" lang=\"FR-CA\" xml:lang=\"FR-CA\" data-contrast=\"none\"><span class=\"NormalTextRun SCXW200915676 BCX0\">; vous re<\/span><\/span><span class=\"TextRun SCXW200915676 BCX0\" lang=\"FR-CA\" xml:lang=\"FR-CA\" data-contrast=\"none\"><span class=\"NormalTextRun SCXW200915676 BCX0\">cevrez ensuite\u00a0<\/span><\/span><span class=\"TextRun SCXW200915676 BCX0\" lang=\"FR-CA\" xml:lang=\"FR-CA\" data-contrast=\"none\"><span class=\"NormalTextRun SCXW200915676 BCX0\">d\u2019autres renseignements par courrier \u00e9lectronique.<\/span><\/span><\/li>\n<li><span class=\"TextRun SCXW187746233 BCX0\" lang=\"FR-CA\" xml:lang=\"FR-CA\" data-contrast=\"none\"><span class=\"NormalTextRun SCXW187746233 BCX0\">Ce processus peut prendre\u00a0<\/span><\/span><strong><span class=\"TextRun SCXW187746233 BCX0\" lang=\"FR-CA\" xml:lang=\"FR-CA\" data-contrast=\"none\"><span class=\"NormalTextRun SCXW187746233 BCX0\">jusqu\u2019\u00e0 trois jours ouvrables<\/span><\/span><\/strong><span class=\"TextRun SCXW187746233 BCX0\" lang=\"FR-CA\" xml:lang=\"FR-CA\" data-contrast=\"none\"><span class=\"NormalTextRun SCXW187746233 BCX0\">.<\/span><\/span><\/li>\n<\/ul>\n<\/div>\n<\/div>\n<\/div>\n<p><span class=\"TextRun BCX0 SCXW183835824\" lang=\"FR-CA\" xml:lang=\"FR-CA\" data-contrast=\"none\"><span class=\"NormalTextRun BCX0 SCXW183835824\"><img loading=\"lazy\" decoding=\"async\" class=\"alignleft wp-image-28510 size-thumbnail\" src=\"https:\/\/www.nosm.ca\/wp-content\/uploads\/2020\/02\/prescription-150x150.png\" alt=\"Habitudes de prescription\" width=\"150\" height=\"150\" srcset=\"https:\/\/www.nosm.ca\/wp-content\/uploads\/2020\/02\/prescription-150x150.png 150w, https:\/\/www.nosm.ca\/wp-content\/uploads\/2020\/02\/prescription-300x300.png 300w, https:\/\/www.nosm.ca\/wp-content\/uploads\/2020\/02\/prescription.png 512w\" sizes=\"auto, (max-width: 150px) 100vw, 150px\" \/><\/span><\/span><\/p>\n<p><span class=\"TextRun BCX0 SCXW183835824\" lang=\"FR-CA\" xml:lang=\"FR-CA\" data-contrast=\"none\"><span class=\"NormalTextRun BCX0 SCXW183835824\">Ce programme GRATUIT <\/span><\/span><span class=\"TextRun BCX0 SCXW183835824\" lang=\"FR-CA\" xml:lang=\"FR-CA\" data-contrast=\"none\"><span class=\"NormalTextRun BCX0 SCXW183835824\">vise \u00e0 changer les habitudes de prescription des opio\u00efdes des fournisseurs de soins primaires\u00a0<\/span><\/span><span class=\"TextRun BCX0 SCXW183835824\" lang=\"FR-CA\" xml:lang=\"FR-CA\" data-contrast=\"none\"><span class=\"NormalTextRun BCX0 SCXW183835824\">du<\/span><\/span><span class=\"TextRun BCX0 SCXW183835824\" lang=\"FR-CA\" xml:lang=\"FR-CA\" data-contrast=\"none\"><span class=\"NormalTextRun BCX0 SCXW183835824\">\u00a0Nord de l&rsquo;Ontario o\u00f9 les probl\u00e8mes de sant\u00e9 et socio\u00e9conomiques diff\u00e8rent souvent de ceux constat\u00e9s dans les centres urbains\u00a0<\/span><\/span><span class=\"TextRun BCX0 SCXW183835824\" lang=\"FR-CA\" xml:lang=\"FR-CA\" data-contrast=\"none\"><span class=\"NormalTextRun BCX0 SCXW183835824\">et o\u00f9 l\u2019acc\u00e8s \u00e0 des programmes multidisciplinaires est limit\u00e9.<\/span><\/span><\/p>\n<p>&nbsp;<\/p>\n<p>&nbsp;<\/p>\n<h2><span style=\"color: #5c787c\"><strong>Un aper\u00e7u du programme<\/strong><\/span><\/h2>\n<p><iframe loading=\"lazy\" title=\"Overcoming Barriers To Safe Opioid Prescribing (French Subtitles)\" width=\"474\" height=\"267\" src=\"https:\/\/www.youtube.com\/embed\/xypMogRlyYg?feature=oembed\" frameborder=\"0\" allow=\"accelerometer; autoplay; clipboard-write; encrypted-media; gyroscope; picture-in-picture; web-share\" referrerpolicy=\"strict-origin-when-cross-origin\" allowfullscreen><\/iframe><\/p>\n<p>&nbsp;<\/p>\n<p>&nbsp;<\/p>\n<table style=\"border-collapse: collapse;width: 100%\">\n<tbody>\n<tr style=\"background-color: #dee4e4\">\n<td>\n<h2><span style=\"color: #5c787c\"><strong>Objectifs d&rsquo;apprentissage<br \/>\n<\/strong><\/span><\/h2>\n<ol>\n<li>Saisir l\u2019importance grandissante et la magnitude de la crise des opio\u00efdes, et son rapport avec votre exercice. (Expert\/promoteur de la sant\u00e9)<\/li>\n<li>Relever les points forts et les faiblesses de vos mod\u00e8les de prescription ainsi que les domaines dans lesquels apporter des changements ou des am\u00e9liorations. (Expert\/communicateur\/collaborateur)<\/li>\n<li>Utiliser des outils et des strat\u00e9gies qui am\u00e9lioreront la s\u00e9curit\u00e9 et faciliteront la prescription d\u2019opio\u00efdes et le sevrage. (Expert\/communicateur)<\/li>\n<\/ol>\n<\/td>\n<\/tr>\n<\/tbody>\n<\/table>\n<h2><span style=\"color: #5c787c\"><strong><br \/>\nModule d&rsquo;apprentissage en ligne<\/strong><\/span><\/h2>\n<ul>\n<li><span class=\"TextRun SCXW115998700 BCX0\" lang=\"FR-CA\" xml:lang=\"FR-CA\" data-contrast=\"none\"><span class=\"NormalTextRun SCXW115998700 BCX0\">Acc\u00e8s au module \u00e0 partir de n\u2019importe quel appareil et en tout temps<\/span><\/span><span class=\"EOP SCXW115998700 BCX0\" data-ccp-props=\"{&quot;201341983&quot;:0,&quot;335559685&quot;:300,&quot;335559739&quot;:160,&quot;335559740&quot;:240}\">\u00a0<\/span><\/li>\n<li><span class=\"TextRun SCXW147842982 BCX0\" lang=\"FR-CA\" xml:lang=\"FR-CA\" data-contrast=\"none\"><span class=\"NormalTextRun SCXW147842982 BCX0\">Renseignements et ressources fond\u00e9es sur des preuves\u00a0<\/span><\/span><span class=\"TextRun SCXW147842982 BCX0\" lang=\"FR-CA\" xml:lang=\"FR-CA\" data-contrast=\"none\"><span class=\"NormalTextRun SCXW147842982 BCX0\">pour am\u00e9liorer les comp\u00e9tences en \u00e9valuation et gestion<\/span><\/span><span class=\"EOP SCXW147842982 BCX0\" data-ccp-props=\"{&quot;201341983&quot;:0,&quot;335559685&quot;:300,&quot;335559739&quot;:160,&quot;335559740&quot;:240}\">\u00a0<\/span><\/li>\n<li><span class=\"TextRun SCXW26889598 BCX0\" lang=\"FR-CA\" xml:lang=\"FR-CA\" data-contrast=\"none\"><span class=\"NormalTextRun SCXW26889598 BCX0\">\u00ab\u202fGestion\u202f\u00bb de situation<\/span><\/span><span class=\"TextRun SCXW26889598 BCX0\" lang=\"FR-CA\" xml:lang=\"FR-CA\" data-contrast=\"none\"><span class=\"NormalTextRun SCXW26889598 BCX0\">s<\/span><\/span><span class=\"TextRun SCXW26889598 BCX0\" lang=\"FR-CA\" xml:lang=\"FR-CA\" data-contrast=\"none\"><span class=\"NormalTextRun SCXW26889598 BCX0\">\u00a0au moyen de questions guid\u00e9es<\/span><\/span><span class=\"EOP SCXW26889598 BCX0\" data-ccp-props=\"{&quot;201341983&quot;:0,&quot;335559685&quot;:300,&quot;335559739&quot;:160,&quot;335559740&quot;:240}\">\u00a0<\/span><\/li>\n<li><span class=\"TextRun SCXW152399045 BCX0\" lang=\"FR-CA\" xml:lang=\"FR-CA\" data-contrast=\"none\"><span class=\"NormalTextRun SCXW152399045 BCX0\">Peut durer<\/span><\/span><span class=\"TextRun SCXW152399045 BCX0\" lang=\"FR-CA\" xml:lang=\"FR-CA\" data-contrast=\"none\"><span class=\"NormalTextRun SCXW152399045 BCX0\">\u00a0<em>jusqu\u2019\u00e0\u00a0<\/em><\/span><\/span><span class=\"TextRun SCXW152399045 BCX0\" lang=\"FR-CA\" xml:lang=\"FR-CA\" data-contrast=\"none\"><span class=\"NormalTextRun SCXW152399045 BCX0\">deux heures<\/span><\/span><span class=\"EOP SCXW152399045 BCX0\" data-ccp-props=\"{&quot;201341983&quot;:0,&quot;335559685&quot;:300,&quot;335559739&quot;:160,&quot;335559740&quot;:240}\">\u00a0<\/span><\/li>\n<\/ul>\n<h2><span style=\"color: #5c787c\"><strong>Agr\u00e9ment\/certification<\/strong><\/span><\/h2>\n<p><strong>Module :<\/strong> Ce programme d\u2019apprentissage en groupe apportant un cr\u00e9dit par heure r\u00e9pond aux crit\u00e8res de certification du Coll\u00e8ge des m\u00e9decins de famille du Canada et a \u00e9t\u00e9 agr\u00e9\u00e9 par le Bureau d\u2019\u00e9ducation permanente et de perfectionnement professionnel de l&rsquo;\u00c9cole de m\u00e9decine du Nord de l&rsquo;Ontario pour apporter jusqu\u2019\u00e0 deux cr\u00e9dits Mainpro+.<\/p>\n<p>Cette activit\u00e9 est un programme d\u2019auto\u00e9valuation agr\u00e9\u00e9 (section 1) d\u00e9fini par le programme de Maintien du certificat du Coll\u00e8ge royal des m\u00e9decins et chirurgiens du Canada, et a \u00e9t\u00e9 approuv\u00e9 par le Bureau d\u2019\u00e9ducation permanente et de perfectionnement professionnel de l&rsquo;\u00c9cole de m\u00e9decine du Nord de l&rsquo;Ontario. Vous pouvez demander un maximum de 2 heures (les cr\u00e9dits sont calcul\u00e9s automatiquement).<\/p>\n<dl id=\"attachment_22256\" class=\"wp-caption alignleft\" style=\"width: 737px\"><\/dl>\n<p><\/p>","protected":false},"excerpt":{"rendered":"<p>&nbsp; L\u2019inscription des fournisseurs de soins primaires est maintenant ouverte! Ce programme n&rsquo;est propos\u00e9 qu&rsquo;en anglais pour le moment Ce programme GRATUIT vise \u00e0 changer les habitudes de prescription des opio\u00efdes des fournisseurs de soins primaires\u00a0du\u00a0Nord de l&rsquo;Ontario o\u00f9 les probl\u00e8mes de sant\u00e9 et socio\u00e9conomiques diff\u00e8rent souvent de ceux constat\u00e9s dans les centres urbains\u00a0et o\u00f9 &hellip; <a href=\"https:\/\/www.nosm.ca\/fr\/education\/cepd\/about-us\/cepd-programs\/overcoming-barriers-to-safe-opioid-prescribing\/\" class=\"more-link\">Continue reading <span class=\"screen-reader-text\">Surmonter les obstacles \u00e0 la prescription s\u00e9curitaire d&rsquo;opio\u00efdes<\/span> <span class=\"meta-nav\">&rarr;<\/span><\/a><\/p>\n","protected":false},"author":16,"featured_media":0,"parent":8323,"menu_order":4,"comment_status":"closed","ping_status":"closed","template":"page-templates\/landing.php","meta":{"_acf_changed":false,"footnotes":""},"class_list":["post-22255","page","type-page","status-publish","hentry"],"acf":[],"_links":{"self":[{"href":"https:\/\/www.nosm.ca\/fr\/wp-json\/wp\/v2\/pages\/22255","targetHints":{"allow":["GET"]}}],"collection":[{"href":"https:\/\/www.nosm.ca\/fr\/wp-json\/wp\/v2\/pages"}],"about":[{"href":"https:\/\/www.nosm.ca\/fr\/wp-json\/wp\/v2\/types\/page"}],"author":[{"embeddable":true,"href":"https:\/\/www.nosm.ca\/fr\/wp-json\/wp\/v2\/users\/16"}],"replies":[{"embeddable":true,"href":"https:\/\/www.nosm.ca\/fr\/wp-json\/wp\/v2\/comments?post=22255"}],"version-history":[{"count":119,"href":"https:\/\/www.nosm.ca\/fr\/wp-json\/wp\/v2\/pages\/22255\/revisions"}],"predecessor-version":[{"id":60465,"href":"https:\/\/www.nosm.ca\/fr\/wp-json\/wp\/v2\/pages\/22255\/revisions\/60465"}],"up":[{"embeddable":true,"href":"https:\/\/www.nosm.ca\/fr\/wp-json\/wp\/v2\/pages\/8323"}],"wp:attachment":[{"href":"https:\/\/www.nosm.ca\/fr\/wp-json\/wp\/v2\/media?parent=22255"}],"curies":[{"name":"wp","href":"https:\/\/api.w.org\/{rel}","templated":true}]}}