{"id":21955,"date":"2019-03-21T15:20:53","date_gmt":"2019-03-21T19:20:53","guid":{"rendered":"https:\/\/www.nosm.ca\/?page_id=21955"},"modified":"2025-02-10T17:11:55","modified_gmt":"2025-02-10T22:11:55","slug":"rene-guilbeault-research-award","status":"publish","type":"page","link":"https:\/\/www.nosm.ca\/fr\/research\/funding-opportunities\/research-awards-at-nosm\/rene-guilbeault-research-award\/","title":{"rendered":"Prix de recherche Ren\u00e9 Guilbeault"},"content":{"rendered":"<p class=\"qtranxs-available-languages-message qtranxs-available-languages-message-fr\">D\u00e9sol\u00e9,  cette entr\u00e9e de donn\u00e9es est seulement disponible en <a href=\"https:\/\/www.nosm.ca\/en\/wp-json\/wp\/v2\/pages\/21955\" class=\"qtranxs-available-language-link qtranxs-available-language-link-en\" title=\"English\">English<\/a>.<\/p>","protected":false},"excerpt":{"rendered":"<p>D\u00e9sol\u00e9, cette entr\u00e9e de donn\u00e9es est seulement disponible en English.<\/p>\n","protected":false},"author":166,"featured_media":0,"parent":1537,"menu_order":7,"comment_status":"closed","ping_status":"closed","template":"","meta":{"_acf_changed":false,"footnotes":""},"class_list":["post-21955","page","type-page","status-publish","hentry"],"acf":[],"_links":{"self":[{"href":"https:\/\/www.nosm.ca\/fr\/wp-json\/wp\/v2\/pages\/21955","targetHints":{"allow":["GET"]}}],"collection":[{"href":"https:\/\/www.nosm.ca\/fr\/wp-json\/wp\/v2\/pages"}],"about":[{"href":"https:\/\/www.nosm.ca\/fr\/wp-json\/wp\/v2\/types\/page"}],"author":[{"embeddable":true,"href":"https:\/\/www.nosm.ca\/fr\/wp-json\/wp\/v2\/users\/166"}],"replies":[{"embeddable":true,"href":"https:\/\/www.nosm.ca\/fr\/wp-json\/wp\/v2\/comments?post=21955"}],"version-history":[{"count":18,"href":"https:\/\/www.nosm.ca\/fr\/wp-json\/wp\/v2\/pages\/21955\/revisions"}],"predecessor-version":[{"id":76187,"href":"https:\/\/www.nosm.ca\/fr\/wp-json\/wp\/v2\/pages\/21955\/revisions\/76187"}],"up":[{"embeddable":true,"href":"https:\/\/www.nosm.ca\/fr\/wp-json\/wp\/v2\/pages\/1537"}],"wp:attachment":[{"href":"https:\/\/www.nosm.ca\/fr\/wp-json\/wp\/v2\/media?parent=21955"}],"curies":[{"name":"wp","href":"https:\/\/api.w.org\/{rel}","templated":true}]}}