{"id":21731,"date":"2020-04-24T14:06:50","date_gmt":"2020-04-24T18:06:50","guid":{"rendered":"https:\/\/www.nosm.ca\/?page_id=21731"},"modified":"2025-11-17T20:26:07","modified_gmt":"2025-11-17T20:26:07","slug":"course-descriptions","status":"publish","type":"page","link":"https:\/\/www.nosm.ca\/fr\/research\/graduate-studies\/master-of-medical-studies\/course-descriptions\/","title":{"rendered":"Course Listings"},"content":{"rendered":"<p class=\"qtranxs-available-languages-message qtranxs-available-languages-message-fr\">D\u00e9sol\u00e9,  cette entr\u00e9e de donn\u00e9es est seulement disponible en <a href=\"https:\/\/www.nosm.ca\/en\/wp-json\/wp\/v2\/pages\/21731\" class=\"qtranxs-available-language-link qtranxs-available-language-link-en\" title=\"English\">English<\/a>.<\/p>","protected":false},"excerpt":{"rendered":"<p>D\u00e9sol\u00e9, cette entr\u00e9e de donn\u00e9es est seulement disponible en English.<\/p>\n","protected":false},"author":166,"featured_media":0,"parent":30510,"menu_order":8,"comment_status":"closed","ping_status":"closed","template":"","meta":{"_acf_changed":false,"footnotes":""},"class_list":["post-21731","page","type-page","status-publish","hentry"],"acf":[],"_links":{"self":[{"href":"https:\/\/www.nosm.ca\/fr\/wp-json\/wp\/v2\/pages\/21731","targetHints":{"allow":["GET"]}}],"collection":[{"href":"https:\/\/www.nosm.ca\/fr\/wp-json\/wp\/v2\/pages"}],"about":[{"href":"https:\/\/www.nosm.ca\/fr\/wp-json\/wp\/v2\/types\/page"}],"author":[{"embeddable":true,"href":"https:\/\/www.nosm.ca\/fr\/wp-json\/wp\/v2\/users\/166"}],"replies":[{"embeddable":true,"href":"https:\/\/www.nosm.ca\/fr\/wp-json\/wp\/v2\/comments?post=21731"}],"version-history":[{"count":45,"href":"https:\/\/www.nosm.ca\/fr\/wp-json\/wp\/v2\/pages\/21731\/revisions"}],"predecessor-version":[{"id":81727,"href":"https:\/\/www.nosm.ca\/fr\/wp-json\/wp\/v2\/pages\/21731\/revisions\/81727"}],"up":[{"embeddable":true,"href":"https:\/\/www.nosm.ca\/fr\/wp-json\/wp\/v2\/pages\/30510"}],"wp:attachment":[{"href":"https:\/\/www.nosm.ca\/fr\/wp-json\/wp\/v2\/media?parent=21731"}],"curies":[{"name":"wp","href":"https:\/\/api.w.org\/{rel}","templated":true}]}}