{"id":21721,"date":"2020-04-24T14:05:00","date_gmt":"2020-04-24T18:05:00","guid":{"rendered":"https:\/\/www.nosm.ca\/?page_id=21721"},"modified":"2026-02-24T14:42:59","modified_gmt":"2026-02-24T19:42:59","slug":"mms-application-process","status":"publish","type":"page","link":"https:\/\/www.nosm.ca\/fr\/research\/graduate-studies\/master-of-medical-studies\/mms-application-process\/","title":{"rendered":"Admission Requirements"},"content":{"rendered":"<p class=\"qtranxs-available-languages-message qtranxs-available-languages-message-fr\">D\u00e9sol\u00e9,  cette entr\u00e9e de donn\u00e9es est seulement disponible en <a href=\"https:\/\/www.nosm.ca\/en\/wp-json\/wp\/v2\/pages\/21721\" class=\"qtranxs-available-language-link qtranxs-available-language-link-en\" title=\"English\">English<\/a>.<\/p>","protected":false},"excerpt":{"rendered":"<p>D\u00e9sol\u00e9, cette entr\u00e9e de donn\u00e9es est seulement disponible en English.<\/p>\n","protected":false},"author":166,"featured_media":0,"parent":30510,"menu_order":2,"comment_status":"closed","ping_status":"closed","template":"","meta":{"_acf_changed":false,"footnotes":""},"class_list":["post-21721","page","type-page","status-publish","hentry"],"acf":[],"_links":{"self":[{"href":"https:\/\/www.nosm.ca\/fr\/wp-json\/wp\/v2\/pages\/21721","targetHints":{"allow":["GET"]}}],"collection":[{"href":"https:\/\/www.nosm.ca\/fr\/wp-json\/wp\/v2\/pages"}],"about":[{"href":"https:\/\/www.nosm.ca\/fr\/wp-json\/wp\/v2\/types\/page"}],"author":[{"embeddable":true,"href":"https:\/\/www.nosm.ca\/fr\/wp-json\/wp\/v2\/users\/166"}],"replies":[{"embeddable":true,"href":"https:\/\/www.nosm.ca\/fr\/wp-json\/wp\/v2\/comments?post=21721"}],"version-history":[{"count":277,"href":"https:\/\/www.nosm.ca\/fr\/wp-json\/wp\/v2\/pages\/21721\/revisions"}],"predecessor-version":[{"id":83028,"href":"https:\/\/www.nosm.ca\/fr\/wp-json\/wp\/v2\/pages\/21721\/revisions\/83028"}],"up":[{"embeddable":true,"href":"https:\/\/www.nosm.ca\/fr\/wp-json\/wp\/v2\/pages\/30510"}],"wp:attachment":[{"href":"https:\/\/www.nosm.ca\/fr\/wp-json\/wp\/v2\/media?parent=21721"}],"curies":[{"name":"wp","href":"https:\/\/api.w.org\/{rel}","templated":true}]}}