{"id":20811,"date":"2019-01-23T11:59:47","date_gmt":"2019-01-23T16:59:47","guid":{"rendered":"https:\/\/www.nosm.ca\/?page_id=20811"},"modified":"2025-08-22T11:46:34","modified_gmt":"2025-08-22T15:46:34","slug":"clinicalfellowships","status":"publish","type":"page","link":"https:\/\/www.nosm.ca\/fr\/pgme-office\/future-residents\/clinicalfellowships\/","title":{"rendered":"Formations cliniques sursp\u00e9cialis\u00e9es"},"content":{"rendered":"<p class=\"qtranxs-available-languages-message qtranxs-available-languages-message-fr\">D\u00e9sol\u00e9,  cette entr\u00e9e de donn\u00e9es est seulement disponible en <a href=\"https:\/\/www.nosm.ca\/en\/wp-json\/wp\/v2\/pages\/20811\" class=\"qtranxs-available-language-link qtranxs-available-language-link-en\" title=\"English\">English<\/a>.<\/p>","protected":false},"excerpt":{"rendered":"<p>D\u00e9sol\u00e9, cette entr\u00e9e de donn\u00e9es est seulement disponible en English.<\/p>\n","protected":false},"author":16,"featured_media":0,"parent":79048,"menu_order":5,"comment_status":"closed","ping_status":"closed","template":"page-templates\/landing.php","meta":{"_acf_changed":false,"footnotes":""},"class_list":["post-20811","page","type-page","status-publish","hentry"],"acf":[],"_links":{"self":[{"href":"https:\/\/www.nosm.ca\/fr\/wp-json\/wp\/v2\/pages\/20811","targetHints":{"allow":["GET"]}}],"collection":[{"href":"https:\/\/www.nosm.ca\/fr\/wp-json\/wp\/v2\/pages"}],"about":[{"href":"https:\/\/www.nosm.ca\/fr\/wp-json\/wp\/v2\/types\/page"}],"author":[{"embeddable":true,"href":"https:\/\/www.nosm.ca\/fr\/wp-json\/wp\/v2\/users\/16"}],"replies":[{"embeddable":true,"href":"https:\/\/www.nosm.ca\/fr\/wp-json\/wp\/v2\/comments?post=20811"}],"version-history":[{"count":79,"href":"https:\/\/www.nosm.ca\/fr\/wp-json\/wp\/v2\/pages\/20811\/revisions"}],"predecessor-version":[{"id":80104,"href":"https:\/\/www.nosm.ca\/fr\/wp-json\/wp\/v2\/pages\/20811\/revisions\/80104"}],"up":[{"embeddable":true,"href":"https:\/\/www.nosm.ca\/fr\/wp-json\/wp\/v2\/pages\/79048"}],"wp:attachment":[{"href":"https:\/\/www.nosm.ca\/fr\/wp-json\/wp\/v2\/media?parent=20811"}],"curies":[{"name":"wp","href":"https:\/\/api.w.org\/{rel}","templated":true}]}}