{"id":20791,"date":"2019-01-23T10:01:58","date_gmt":"2019-01-23T15:01:58","guid":{"rendered":"https:\/\/www.nosm.ca\/?page_id=20791"},"modified":"2024-09-03T11:26:28","modified_gmt":"2024-09-03T15:26:28","slug":"information-for-administration-and-faculty","status":"publish","type":"page","link":"https:\/\/www.nosm.ca\/fr\/education\/md-program\/md-program-accreditation\/information-for-administration-and-faculty\/","title":{"rendered":"Information for Administration and Faculty"},"content":{"rendered":"<p class=\"qtranxs-available-languages-message qtranxs-available-languages-message-fr\">D\u00e9sol\u00e9,  cette entr\u00e9e de donn\u00e9es est seulement disponible en <a href=\"https:\/\/www.nosm.ca\/en\/wp-json\/wp\/v2\/pages\/20791\" class=\"qtranxs-available-language-link qtranxs-available-language-link-en\" title=\"English\">English<\/a>.<\/p>","protected":false},"excerpt":{"rendered":"<p>D\u00e9sol\u00e9, cette entr\u00e9e de donn\u00e9es est seulement disponible en English.<\/p>\n","protected":false},"author":16,"featured_media":0,"parent":19790,"menu_order":2,"comment_status":"closed","ping_status":"closed","template":"page-templates\/landing.php","meta":{"_acf_changed":false,"footnotes":""},"class_list":["post-20791","page","type-page","status-publish","hentry"],"acf":[],"_links":{"self":[{"href":"https:\/\/www.nosm.ca\/fr\/wp-json\/wp\/v2\/pages\/20791","targetHints":{"allow":["GET"]}}],"collection":[{"href":"https:\/\/www.nosm.ca\/fr\/wp-json\/wp\/v2\/pages"}],"about":[{"href":"https:\/\/www.nosm.ca\/fr\/wp-json\/wp\/v2\/types\/page"}],"author":[{"embeddable":true,"href":"https:\/\/www.nosm.ca\/fr\/wp-json\/wp\/v2\/users\/16"}],"replies":[{"embeddable":true,"href":"https:\/\/www.nosm.ca\/fr\/wp-json\/wp\/v2\/comments?post=20791"}],"version-history":[{"count":17,"href":"https:\/\/www.nosm.ca\/fr\/wp-json\/wp\/v2\/pages\/20791\/revisions"}],"predecessor-version":[{"id":71121,"href":"https:\/\/www.nosm.ca\/fr\/wp-json\/wp\/v2\/pages\/20791\/revisions\/71121"}],"up":[{"embeddable":true,"href":"https:\/\/www.nosm.ca\/fr\/wp-json\/wp\/v2\/pages\/19790"}],"wp:attachment":[{"href":"https:\/\/www.nosm.ca\/fr\/wp-json\/wp\/v2\/media?parent=20791"}],"curies":[{"name":"wp","href":"https:\/\/api.w.org\/{rel}","templated":true}]}}