{"id":20686,"date":"2019-02-13T10:26:30","date_gmt":"2019-02-13T15:26:30","guid":{"rendered":"https:\/\/www.nosm.ca\/?page_id=20686"},"modified":"2021-01-13T09:57:43","modified_gmt":"2021-01-13T14:57:43","slug":"needs-assessment-resources-2","status":"publish","type":"page","link":"https:\/\/www.nosm.ca\/fr\/education\/cepd\/program-development-toolbox\/needs-assessment-resources-2\/","title":{"rendered":"Needs Assessment Resources"},"content":{"rendered":"<p class=\"qtranxs-available-languages-message qtranxs-available-languages-message-fr\">D\u00e9sol\u00e9,  cette entr\u00e9e de donn\u00e9es est seulement disponible en <a href=\"https:\/\/www.nosm.ca\/en\/wp-json\/wp\/v2\/pages\/20686\" class=\"qtranxs-available-language-link qtranxs-available-language-link-en\" title=\"English\">English<\/a>.<\/p>","protected":false},"excerpt":{"rendered":"<p>D\u00e9sol\u00e9, cette entr\u00e9e de donn\u00e9es est seulement disponible en English.<\/p>\n","protected":false},"author":75,"featured_media":0,"parent":18303,"menu_order":1,"comment_status":"closed","ping_status":"closed","template":"","meta":{"_acf_changed":false,"footnotes":""},"class_list":["post-20686","page","type-page","status-publish","hentry"],"acf":[],"_links":{"self":[{"href":"https:\/\/www.nosm.ca\/fr\/wp-json\/wp\/v2\/pages\/20686","targetHints":{"allow":["GET"]}}],"collection":[{"href":"https:\/\/www.nosm.ca\/fr\/wp-json\/wp\/v2\/pages"}],"about":[{"href":"https:\/\/www.nosm.ca\/fr\/wp-json\/wp\/v2\/types\/page"}],"author":[{"embeddable":true,"href":"https:\/\/www.nosm.ca\/fr\/wp-json\/wp\/v2\/users\/75"}],"replies":[{"embeddable":true,"href":"https:\/\/www.nosm.ca\/fr\/wp-json\/wp\/v2\/comments?post=20686"}],"version-history":[{"count":54,"href":"https:\/\/www.nosm.ca\/fr\/wp-json\/wp\/v2\/pages\/20686\/revisions"}],"predecessor-version":[{"id":37496,"href":"https:\/\/www.nosm.ca\/fr\/wp-json\/wp\/v2\/pages\/20686\/revisions\/37496"}],"up":[{"embeddable":true,"href":"https:\/\/www.nosm.ca\/fr\/wp-json\/wp\/v2\/pages\/18303"}],"wp:attachment":[{"href":"https:\/\/www.nosm.ca\/fr\/wp-json\/wp\/v2\/media?parent=20686"}],"curies":[{"name":"wp","href":"https:\/\/api.w.org\/{rel}","templated":true}]}}