{"id":20059,"date":"2019-01-18T11:00:25","date_gmt":"2019-01-18T16:00:25","guid":{"rendered":"https:\/\/www.nosm.ca\/?page_id=20059"},"modified":"2023-06-23T12:48:00","modified_gmt":"2023-06-23T16:48:00","slug":"planning-on-international-elective","status":"publish","type":"page","link":"https:\/\/www.nosm.ca\/fr\/our-community\/global-health\/planning-on-international-elective\/","title":{"rendered":"Global Health Engagement Hub"},"content":{"rendered":"<p class=\"qtranxs-available-languages-message qtranxs-available-languages-message-fr\">D\u00e9sol\u00e9,  cette entr\u00e9e de donn\u00e9es est seulement disponible en <a href=\"https:\/\/www.nosm.ca\/en\/wp-json\/wp\/v2\/pages\/20059\" class=\"qtranxs-available-language-link qtranxs-available-language-link-en\" title=\"English\">English<\/a>.<\/p>","protected":false},"excerpt":{"rendered":"<p>D\u00e9sol\u00e9, cette entr\u00e9e de donn\u00e9es est seulement disponible en English.<\/p>\n","protected":false},"author":16,"featured_media":0,"parent":14377,"menu_order":2,"comment_status":"closed","ping_status":"closed","template":"page-templates\/landing.php","meta":{"_acf_changed":false,"footnotes":""},"class_list":["post-20059","page","type-page","status-publish","hentry"],"acf":[],"_links":{"self":[{"href":"https:\/\/www.nosm.ca\/fr\/wp-json\/wp\/v2\/pages\/20059","targetHints":{"allow":["GET"]}}],"collection":[{"href":"https:\/\/www.nosm.ca\/fr\/wp-json\/wp\/v2\/pages"}],"about":[{"href":"https:\/\/www.nosm.ca\/fr\/wp-json\/wp\/v2\/types\/page"}],"author":[{"embeddable":true,"href":"https:\/\/www.nosm.ca\/fr\/wp-json\/wp\/v2\/users\/16"}],"replies":[{"embeddable":true,"href":"https:\/\/www.nosm.ca\/fr\/wp-json\/wp\/v2\/comments?post=20059"}],"version-history":[{"count":8,"href":"https:\/\/www.nosm.ca\/fr\/wp-json\/wp\/v2\/pages\/20059\/revisions"}],"predecessor-version":[{"id":61708,"href":"https:\/\/www.nosm.ca\/fr\/wp-json\/wp\/v2\/pages\/20059\/revisions\/61708"}],"up":[{"embeddable":true,"href":"https:\/\/www.nosm.ca\/fr\/wp-json\/wp\/v2\/pages\/14377"}],"wp:attachment":[{"href":"https:\/\/www.nosm.ca\/fr\/wp-json\/wp\/v2\/media?parent=20059"}],"curies":[{"name":"wp","href":"https:\/\/api.w.org\/{rel}","templated":true}]}}