{"id":20030,"date":"2018-11-30T14:42:22","date_gmt":"2018-11-30T19:42:22","guid":{"rendered":"https:\/\/www.nosm.ca\/?page_id=20030"},"modified":"2025-01-30T11:30:26","modified_gmt":"2025-01-30T16:30:26","slug":"merlin","status":"publish","type":"page","link":"https:\/\/www.nosm.ca\/fr\/research\/dr-gilles-arcand-centre-for-health-equity\/merlin\/","title":{"rendered":"Laboratoire de recherche en \u00e9ducation m\u00e9dicale dans le Nord"},"content":{"rendered":"<p class=\"qtranxs-available-languages-message qtranxs-available-languages-message-fr\">D\u00e9sol\u00e9,  cette entr\u00e9e de donn\u00e9es est seulement disponible en <a href=\"https:\/\/www.nosm.ca\/en\/wp-json\/wp\/v2\/pages\/20030\" class=\"qtranxs-available-language-link qtranxs-available-language-link-en\" title=\"English\">English<\/a>.<\/p>","protected":false},"excerpt":{"rendered":"<p>D\u00e9sol\u00e9, cette entr\u00e9e de donn\u00e9es est seulement disponible en English.<\/p>\n","protected":false},"author":16,"featured_media":0,"parent":38001,"menu_order":6,"comment_status":"closed","ping_status":"closed","template":"","meta":{"_acf_changed":false,"footnotes":""},"class_list":["post-20030","page","type-page","status-publish","hentry"],"acf":[],"_links":{"self":[{"href":"https:\/\/www.nosm.ca\/fr\/wp-json\/wp\/v2\/pages\/20030","targetHints":{"allow":["GET"]}}],"collection":[{"href":"https:\/\/www.nosm.ca\/fr\/wp-json\/wp\/v2\/pages"}],"about":[{"href":"https:\/\/www.nosm.ca\/fr\/wp-json\/wp\/v2\/types\/page"}],"author":[{"embeddable":true,"href":"https:\/\/www.nosm.ca\/fr\/wp-json\/wp\/v2\/users\/16"}],"replies":[{"embeddable":true,"href":"https:\/\/www.nosm.ca\/fr\/wp-json\/wp\/v2\/comments?post=20030"}],"version-history":[{"count":40,"href":"https:\/\/www.nosm.ca\/fr\/wp-json\/wp\/v2\/pages\/20030\/revisions"}],"predecessor-version":[{"id":75797,"href":"https:\/\/www.nosm.ca\/fr\/wp-json\/wp\/v2\/pages\/20030\/revisions\/75797"}],"up":[{"embeddable":true,"href":"https:\/\/www.nosm.ca\/fr\/wp-json\/wp\/v2\/pages\/38001"}],"wp:attachment":[{"href":"https:\/\/www.nosm.ca\/fr\/wp-json\/wp\/v2\/media?parent=20030"}],"curies":[{"name":"wp","href":"https:\/\/api.w.org\/{rel}","templated":true}]}}