{"id":19983,"date":"2018-11-28T14:54:42","date_gmt":"2018-11-28T19:54:42","guid":{"rendered":"https:\/\/www.nosm.ca\/?page_id=19983"},"modified":"2025-03-03T15:58:26","modified_gmt":"2025-03-03T20:58:26","slug":"a-message-from-the-associate-dean-research","status":"publish","type":"page","link":"https:\/\/www.nosm.ca\/fr\/research\/a-message-from-the-associate-dean-research\/","title":{"rendered":"A Message from the Vice President, Research and Graduate Studies"},"content":{"rendered":"<p class=\"qtranxs-available-languages-message qtranxs-available-languages-message-fr\">D\u00e9sol\u00e9,  cette entr\u00e9e de donn\u00e9es est seulement disponible en <a href=\"https:\/\/www.nosm.ca\/en\/wp-json\/wp\/v2\/pages\/19983\" class=\"qtranxs-available-language-link qtranxs-available-language-link-en\" title=\"English\">English<\/a>.<\/p>","protected":false},"excerpt":{"rendered":"<p>D\u00e9sol\u00e9, cette entr\u00e9e de donn\u00e9es est seulement disponible en English.<\/p>\n","protected":false},"author":166,"featured_media":0,"parent":3329,"menu_order":1,"comment_status":"closed","ping_status":"closed","template":"","meta":{"_acf_changed":false,"footnotes":""},"class_list":["post-19983","page","type-page","status-publish","hentry"],"acf":[],"_links":{"self":[{"href":"https:\/\/www.nosm.ca\/fr\/wp-json\/wp\/v2\/pages\/19983","targetHints":{"allow":["GET"]}}],"collection":[{"href":"https:\/\/www.nosm.ca\/fr\/wp-json\/wp\/v2\/pages"}],"about":[{"href":"https:\/\/www.nosm.ca\/fr\/wp-json\/wp\/v2\/types\/page"}],"author":[{"embeddable":true,"href":"https:\/\/www.nosm.ca\/fr\/wp-json\/wp\/v2\/users\/166"}],"replies":[{"embeddable":true,"href":"https:\/\/www.nosm.ca\/fr\/wp-json\/wp\/v2\/comments?post=19983"}],"version-history":[{"count":24,"href":"https:\/\/www.nosm.ca\/fr\/wp-json\/wp\/v2\/pages\/19983\/revisions"}],"predecessor-version":[{"id":76650,"href":"https:\/\/www.nosm.ca\/fr\/wp-json\/wp\/v2\/pages\/19983\/revisions\/76650"}],"up":[{"embeddable":true,"href":"https:\/\/www.nosm.ca\/fr\/wp-json\/wp\/v2\/pages\/3329"}],"wp:attachment":[{"href":"https:\/\/www.nosm.ca\/fr\/wp-json\/wp\/v2\/media?parent=19983"}],"curies":[{"name":"wp","href":"https:\/\/api.w.org\/{rel}","templated":true}]}}