{"id":1986,"date":"2016-02-10T11:25:52","date_gmt":"2016-02-10T16:25:52","guid":{"rendered":"http:\/\/10.1.1.93\/wordpress\/?page_id=1986"},"modified":"2023-09-13T13:39:57","modified_gmt":"2023-09-13T17:39:57","slug":"2015-nhrc-conference","status":"publish","type":"page","link":"https:\/\/www.nosm.ca\/fr\/research\/research-conferences-gatherings-and-publications\/northern-health-research-conference\/first-ten-years-of-nhrc\/2015-nhrc-conference\/","title":{"rendered":"2015 NHRC Conference"},"content":{"rendered":"<p class=\"qtranxs-available-languages-message qtranxs-available-languages-message-fr\">D\u00e9sol\u00e9,  cette entr\u00e9e de donn\u00e9es est seulement disponible en <a href=\"https:\/\/www.nosm.ca\/en\/wp-json\/wp\/v2\/pages\/1986\" class=\"qtranxs-available-language-link qtranxs-available-language-link-en\" title=\"English\">English<\/a>.<\/p>","protected":false},"excerpt":{"rendered":"<p>D\u00e9sol\u00e9, cette entr\u00e9e de donn\u00e9es est seulement disponible en English.<\/p>\n","protected":false},"author":16,"featured_media":0,"parent":1555,"menu_order":11,"comment_status":"closed","ping_status":"closed","template":"","meta":{"_acf_changed":false,"footnotes":""},"class_list":["post-1986","page","type-page","status-publish","hentry"],"acf":[],"_links":{"self":[{"href":"https:\/\/www.nosm.ca\/fr\/wp-json\/wp\/v2\/pages\/1986","targetHints":{"allow":["GET"]}}],"collection":[{"href":"https:\/\/www.nosm.ca\/fr\/wp-json\/wp\/v2\/pages"}],"about":[{"href":"https:\/\/www.nosm.ca\/fr\/wp-json\/wp\/v2\/types\/page"}],"author":[{"embeddable":true,"href":"https:\/\/www.nosm.ca\/fr\/wp-json\/wp\/v2\/users\/16"}],"replies":[{"embeddable":true,"href":"https:\/\/www.nosm.ca\/fr\/wp-json\/wp\/v2\/comments?post=1986"}],"version-history":[{"count":6,"href":"https:\/\/www.nosm.ca\/fr\/wp-json\/wp\/v2\/pages\/1986\/revisions"}],"predecessor-version":[{"id":63318,"href":"https:\/\/www.nosm.ca\/fr\/wp-json\/wp\/v2\/pages\/1986\/revisions\/63318"}],"up":[{"embeddable":true,"href":"https:\/\/www.nosm.ca\/fr\/wp-json\/wp\/v2\/pages\/1555"}],"wp:attachment":[{"href":"https:\/\/www.nosm.ca\/fr\/wp-json\/wp\/v2\/media?parent=1986"}],"curies":[{"name":"wp","href":"https:\/\/api.w.org\/{rel}","templated":true}]}}