{"id":19592,"date":"2018-11-07T15:36:06","date_gmt":"2018-11-07T20:36:06","guid":{"rendered":"https:\/\/www.nosm.ca\/?page_id=19592"},"modified":"2025-09-29T10:07:44","modified_gmt":"2025-09-29T14:07:44","slug":"dr-christopher-thome","status":"publish","type":"page","link":"https:\/\/www.nosm.ca\/fr\/faculty\/dr-christopher-thome\/","title":{"rendered":"Christopher Thome, PhD"},"content":{"rendered":"<p class=\"qtranxs-available-languages-message qtranxs-available-languages-message-fr\">D\u00e9sol\u00e9,  cette entr\u00e9e de donn\u00e9es est seulement disponible en <a href=\"https:\/\/www.nosm.ca\/en\/wp-json\/wp\/v2\/pages\/19592\" class=\"qtranxs-available-language-link qtranxs-available-language-link-en\" title=\"English\">English<\/a>.<\/p>","protected":false},"excerpt":{"rendered":"<p>D\u00e9sol\u00e9, cette entr\u00e9e de donn\u00e9es est seulement disponible en English.<\/p>\n","protected":false},"author":75,"featured_media":0,"parent":6806,"menu_order":5,"comment_status":"closed","ping_status":"closed","template":"","meta":{"_acf_changed":false,"footnotes":""},"class_list":["post-19592","page","type-page","status-publish","hentry"],"acf":[],"_links":{"self":[{"href":"https:\/\/www.nosm.ca\/fr\/wp-json\/wp\/v2\/pages\/19592","targetHints":{"allow":["GET"]}}],"collection":[{"href":"https:\/\/www.nosm.ca\/fr\/wp-json\/wp\/v2\/pages"}],"about":[{"href":"https:\/\/www.nosm.ca\/fr\/wp-json\/wp\/v2\/types\/page"}],"author":[{"embeddable":true,"href":"https:\/\/www.nosm.ca\/fr\/wp-json\/wp\/v2\/users\/75"}],"replies":[{"embeddable":true,"href":"https:\/\/www.nosm.ca\/fr\/wp-json\/wp\/v2\/comments?post=19592"}],"version-history":[{"count":19,"href":"https:\/\/www.nosm.ca\/fr\/wp-json\/wp\/v2\/pages\/19592\/revisions"}],"predecessor-version":[{"id":80870,"href":"https:\/\/www.nosm.ca\/fr\/wp-json\/wp\/v2\/pages\/19592\/revisions\/80870"}],"up":[{"embeddable":true,"href":"https:\/\/www.nosm.ca\/fr\/wp-json\/wp\/v2\/pages\/6806"}],"wp:attachment":[{"href":"https:\/\/www.nosm.ca\/fr\/wp-json\/wp\/v2\/media?parent=19592"}],"curies":[{"name":"wp","href":"https:\/\/api.w.org\/{rel}","templated":true}]}}