{"id":19023,"date":"2018-10-02T15:59:22","date_gmt":"2018-10-02T19:59:22","guid":{"rendered":"https:\/\/www.nosm.ca\/?page_id=19023"},"modified":"2018-10-02T16:03:52","modified_gmt":"2018-10-02T20:03:52","slug":"2018-nhrc-presentations","status":"publish","type":"page","link":"https:\/\/www.nosm.ca\/fr\/research\/research-conferences-gatherings-and-publications\/northern-health-research-conference\/first-ten-years-of-nhrc\/2018-nhrc-presentations\/","title":{"rendered":"2018 NHRC Presentations"},"content":{"rendered":"<p class=\"qtranxs-available-languages-message qtranxs-available-languages-message-fr\">D\u00e9sol\u00e9,  cette entr\u00e9e de donn\u00e9es est seulement disponible en <a href=\"https:\/\/www.nosm.ca\/en\/wp-json\/wp\/v2\/pages\/19023\" class=\"qtranxs-available-language-link qtranxs-available-language-link-en\" title=\"English\">English<\/a>.<\/p>","protected":false},"excerpt":{"rendered":"<p>D\u00e9sol\u00e9, cette entr\u00e9e de donn\u00e9es est seulement disponible en English.<\/p>\n","protected":false},"author":166,"featured_media":0,"parent":1555,"menu_order":1,"comment_status":"closed","ping_status":"closed","template":"","meta":{"_acf_changed":false,"footnotes":""},"class_list":["post-19023","page","type-page","status-publish","hentry"],"acf":[],"_links":{"self":[{"href":"https:\/\/www.nosm.ca\/fr\/wp-json\/wp\/v2\/pages\/19023","targetHints":{"allow":["GET"]}}],"collection":[{"href":"https:\/\/www.nosm.ca\/fr\/wp-json\/wp\/v2\/pages"}],"about":[{"href":"https:\/\/www.nosm.ca\/fr\/wp-json\/wp\/v2\/types\/page"}],"author":[{"embeddable":true,"href":"https:\/\/www.nosm.ca\/fr\/wp-json\/wp\/v2\/users\/166"}],"replies":[{"embeddable":true,"href":"https:\/\/www.nosm.ca\/fr\/wp-json\/wp\/v2\/comments?post=19023"}],"version-history":[{"count":2,"href":"https:\/\/www.nosm.ca\/fr\/wp-json\/wp\/v2\/pages\/19023\/revisions"}],"predecessor-version":[{"id":19028,"href":"https:\/\/www.nosm.ca\/fr\/wp-json\/wp\/v2\/pages\/19023\/revisions\/19028"}],"up":[{"embeddable":true,"href":"https:\/\/www.nosm.ca\/fr\/wp-json\/wp\/v2\/pages\/1555"}],"wp:attachment":[{"href":"https:\/\/www.nosm.ca\/fr\/wp-json\/wp\/v2\/media?parent=19023"}],"curies":[{"name":"wp","href":"https:\/\/api.w.org\/{rel}","templated":true}]}}