{"id":1791,"date":"2018-06-11T04:45:15","date_gmt":"2018-06-11T08:45:15","guid":{"rendered":"http:\/\/10.1.1.93\/wordpress\/?page_id=1791"},"modified":"2026-03-04T22:35:29","modified_gmt":"2026-03-05T03:35:29","slug":"community-profiles","status":"publish","type":"page","link":"https:\/\/www.nosm.ca\/fr\/our-community\/wider-campus-of-the-northern-ontario-school-of-medicine\/community-profiles\/","title":{"rendered":"Profils des communaut\u00e9s"},"content":{"rendered":"<p><\/p>\n<h2>Les communaut\u00e9s du Nord\u00a0de l&rsquo;Ontario \u2013 Nos salles de classe<\/h2>\n<p>L\u2019EMNO offre sa formation litt\u00e9ralement partout; elle fait sortir les \u00e9tudiants des salles de classe\u00a0traditionnelles et les am\u00e8ne dans votre communaut\u00e9. Les \u00e9tudiants de l&rsquo;EMNO se trouvent\u00a0dans une situation unique pour y apprendre la culture locale, les r\u00e9alit\u00e9s \u00e9conomiques et les\u00a0d\u00e9terminants sociaux de la sant\u00e9 pertinents dans la r\u00e9gion, dans l\u2019espoir que leurs exp\u00e9riences\u00a0les encourageront \u00e0\u00a0 revenir exercer dans le Nord apr\u00e8s leurs \u00e9tudes. Et \u00e7a fonctionne. La majorit\u00e9\u00a0des \u00e9tudiants de l&rsquo;EMNO restent dans le Nord pour y exercer.<\/p>\n<p>Tout le Nord de l&rsquo;Ontario est consid\u00e9r\u00e9 comme le campus de l&rsquo;EMNO et<span lang=\"fr\">\u00a0s&rsquo;\u00e9tendent sur 800 000 km2.\u00a0<\/span>Les \u00e9tudiants de l&rsquo;EMNO sont litt\u00e9ralement partout car ils vivent et s&rsquo;instruisent dans diverses communaut\u00e9s du Nord de l&rsquo;Ontario en se renseignant sur les besoins des patients dans le Nord, y compris les Autochtones, les francophones et les populations rurales et \u00e9loign\u00e9es.<\/p>\n<p>Voici 63 profils de plus de 90 communaut\u00e9s qui contribuent \u00e0 la formation des \u00e9tudiants de l&rsquo;EMNO.<\/p>\n<h4><a href=\"https:\/\/nosm.sharepoint.com\/:b:\/g\/proj\/communityprofiles\/EZCGe3oV7k1PomBz0iWNpr4BaWAl2sQMpSG-xadAsLdG5g\">Cartographie<\/a> du mod\u00e8le distribu\u00e9 du NOSM<\/h4>\n<p><a href=\"https:\/\/nosm.sharepoint.com\/:b:\/g\/proj\/communityprofiles\/EcDEZfoGG9hNq-devsXoeCoBXBR5IIm7CaS3B3iAY1oZUQ\">Assiginack<\/a><a href=\"https:\/\/nosm.sharepoint.com\/proj\/communityprofiles\/Shared%20Documents\/Community%20Profile%20-%20Assiginack.pdf\"><br \/>\n<\/a><a href=\"https:\/\/nosm.sharepoint.com\/:b:\/g\/proj\/communityprofiles\/EQhjB14TS35NmdrgmhyTaowBDrh3CA9JZNHCztvs3fFP7A\">Atikokan<\/a><a href=\"https:\/\/nosm.sharepoint.com\/proj\/communityprofiles\/Shared%20Documents\/Community%20Profile%20-%20Assiginack.pdf\"><br \/>\n<\/a><a href=\"https:\/\/nosm.sharepoint.com\/:b:\/g\/proj\/communityprofiles\/EQefP09kT51DpMNqTvhjkeEBqzMBMQlYVxdOdH9Q7zocFA\">Barrie<\/a><a href=\"https:\/\/nosm.sharepoint.com\/proj\/communityprofiles\/Shared%20Documents\/Community%20Profile%20-%20Assiginack.pdf\"><br \/>\n<\/a><a href=\"https:\/\/nosm.sharepoint.com\/:b:\/g\/proj\/communityprofiles\/EUfBGiQiZtxOpbSL9xiIUpcBBCs_5Am8BSHem1A2R2bIDQ\">Black River-Matheson<\/a><a href=\"https:\/\/nosm.sharepoint.com\/proj\/communityprofiles\/Shared%20Documents\/Community%20Profile%20-%20Assiginack.pdf\"><br \/>\n<\/a><a href=\"https:\/\/nosm.sharepoint.com\/:b:\/g\/proj\/communityprofiles\/EWyNo7Z-PHVIqpnraa7UyAABYZZsqgtCnHkO9qjxzoMByA\">Blind River<\/a><a href=\"https:\/\/nosm.sharepoint.com\/proj\/communityprofiles\/Shared%20Documents\/Community%20Profile%20-%20Assiginack.pdf\"><br \/>\n<\/a><a href=\"https:\/\/nosm.sharepoint.com\/:b:\/g\/proj\/communityprofiles\/EQK008NmCqZEjAuC57Dok30BHL-fl_TMa6xi05P8aEjrbg\">Bracebridge<\/a><a href=\"https:\/\/nosm.sharepoint.com\/proj\/communityprofiles\/Shared%20Documents\/Community%20Profile%20-%20Assiginack.pdf\"><br \/>\n<\/a><a href=\"https:\/\/nosm.sharepoint.com\/:b:\/g\/proj\/communityprofiles\/EadY-nRUe6FJhT7Ym4cR2yMBdRTNfMP9BgtCRLvYwL9p9g\"> Bruce Mines<\/a><a href=\"https:\/\/nosm.sharepoint.com\/proj\/communityprofiles\/Shared%20Documents\/Community%20Profile%20-%20Assiginack.pdf\"><br \/>\n<\/a><a href=\"https:\/\/nosm.sharepoint.com\/:b:\/g\/proj\/communityprofiles\/EW_YWPD9SLdKp5qd8ix9PWUB-hmaIwuIFU-0JC2QvEUbNw\">Burk&rsquo;s Falls<\/a><a href=\"https:\/\/nosm.sharepoint.com\/proj\/communityprofiles\/Shared%20Documents\/Community%20Profile%20-%20Assiginack.pdf\"><br \/>\n<\/a><a href=\"https:\/\/nosm.sharepoint.com\/:b:\/g\/proj\/communityprofiles\/EQ3W6RPkvoVLseL7WzJo8ngBuUa31EayUwz5BFMbFlxfdg\">Central Manitoulin<\/a><a href=\"https:\/\/nosm.sharepoint.com\/proj\/communityprofiles\/Shared%20Documents\/Community%20Profile%20-%20Assiginack.pdf\"><br \/>\n<\/a><a href=\"https:\/\/nosm.sharepoint.com\/:b:\/g\/proj\/communityprofiles\/EfJcEsF6mvNFsqNIsBX6_z8B9_Yt_yBB6_J9-CDm6UGHig\">Chapleau<\/a><a href=\"https:\/\/nosm.sharepoint.com\/proj\/communityprofiles\/Shared%20Documents\/Community%20Profile%20-%20Assiginack.pdf\"><br \/>\n<\/a><a href=\"https:\/\/nosm.sharepoint.com\/:b:\/g\/proj\/communityprofiles\/EUq_cSzkgatOg-0M1iyv6jgBEKtU_FeWpyU83xP_Kul4Ow\">Cobalt<\/a><a href=\"https:\/\/nosm.sharepoint.com\/proj\/communityprofiles\/Shared%20Documents\/Community%20Profile%20-%20Assiginack.pdf\"><br \/>\n<\/a><a href=\"https:\/\/nosm.sharepoint.com\/:b:\/g\/proj\/communityprofiles\/EWWfIxsk53FKlOaC4UJGSi8B_eLFWXzxAHFaxhMoF4d1Xw\">Cochrane<\/a><a href=\"https:\/\/nosm.sharepoint.com\/proj\/communityprofiles\/Shared%20Documents\/Community%20Profile%20-%20Assiginack.pdf\"><br \/>\n<\/a><a href=\"https:\/\/nosm.sharepoint.com\/:b:\/g\/proj\/communityprofiles\/EX6fU2Q3fqFImGiv_nWyxl0BYADv7wvFa1CnTgy1YWCVaw\">Collingwood<\/a><a href=\"https:\/\/nosm.sharepoint.com\/proj\/communityprofiles\/Shared%20Documents\/Community%20Profile%20-%20Assiginack.pdf\"><br \/>\n<\/a><a href=\"https:\/\/nosm.sharepoint.com\/:b:\/g\/proj\/communityprofiles\/Eaiaw-fAUO9EqIrx5O1U9zABhcm1NFUfE_JP8jznH8ewnw\">Dryden<\/a><a href=\"https:\/\/nosm.sharepoint.com\/proj\/communityprofiles\/Shared%20Documents\/Community%20Profile%20-%20Assiginack.pdf\"><br \/>\n<\/a><a href=\"https:\/\/nosm.sharepoint.com\/:b:\/g\/proj\/communityprofiles\/EYdalD7tn9FHgJxQP8zlp-4Bw9gEiMo6yYuTLVErZKYp5Q\">Ear Falls<\/a><a href=\"https:\/\/nosm.sharepoint.com\/proj\/communityprofiles\/Shared%20Documents\/Community%20Profile%20-%20Assiginack.pdf\"><br \/>\n<\/a><a href=\"https:\/\/nosm.sharepoint.com\/:b:\/g\/proj\/communityprofiles\/Ed-f1PduK5pOngej2IVcnY4B0vQiOTEHrYXOcXCd5WFhwA\">Elliot Lake<\/a><a href=\"https:\/\/nosm.sharepoint.com\/proj\/communityprofiles\/Shared%20Documents\/Community%20Profile%20-%20Assiginack.pdf\"><br \/>\n<\/a><a href=\"https:\/\/nosm.sharepoint.com\/:b:\/g\/proj\/communityprofiles\/EVuOkDQ3qmxNhgX6j_er0uYBw4ga07nbUgKIbAZjkksYaw\">Emo<\/a><a href=\"https:\/\/nosm.sharepoint.com\/proj\/communityprofiles\/Shared%20Documents\/Community%20Profile%20-%20Assiginack.pdf\"><br \/>\n<\/a><a href=\"https:\/\/nosm.sharepoint.com\/:b:\/g\/proj\/communityprofiles\/EXBk1X-VDABNjbt0CA7zLTsBd69ghInwtQpGGAkrUfB61A\">Englehart<\/a><a href=\"https:\/\/nosm.sharepoint.com\/proj\/communityprofiles\/Shared%20Documents\/Community%20Profile%20-%20Assiginack.pdf\"><br \/>\n<\/a><a href=\"https:\/\/nosm.sharepoint.com\/:b:\/g\/proj\/communityprofiles\/EYjncDyAbT1CninJM2gcTLIBq2lFq04QbJgDC4GqFphYHg\">Espanola<\/a><a href=\"https:\/\/nosm.sharepoint.com\/proj\/communityprofiles\/Shared%20Documents\/Community%20Profile%20-%20Assiginack.pdf\"><br \/>\n<\/a><a href=\"https:\/\/nosm.sharepoint.com\/:b:\/g\/proj\/communityprofiles\/ETrmsTOARvBKomgmv0aFj8wBU0-c5c3d21VP9RZm8czaIw\">Fort Frances<\/a><a href=\"https:\/\/nosm.sharepoint.com\/proj\/communityprofiles\/Shared%20Documents\/Community%20Profile%20-%20Assiginack.pdf\"><br \/>\n<\/a><a href=\"https:\/\/nosm.sharepoint.com\/:b:\/g\/proj\/communityprofiles\/EZbbtXgY7gBBnPmhA04KHQcBgMabvHe_jpTWm9Mi1YqMXA\">French River \/ Rivi\u00e8re des Fran\u00e7ais<\/a><a href=\"https:\/\/nosm.sharepoint.com\/proj\/communityprofiles\/Shared%20Documents\/Community%20Profile%20-%20Assiginack.pdf\"><br \/>\n<\/a><a href=\"https:\/\/nosm.sharepoint.com\/:b:\/g\/proj\/communityprofiles\/EQ2D3QdleY5DsUY2Gy0UMGQBDtK23o2EHHhZcfYVaWe9Pg\">Gore Bay<\/a><a href=\"https:\/\/nosm.sharepoint.com\/proj\/communityprofiles\/Shared%20Documents\/Community%20Profile%20-%20Assiginack.pdf\"><br \/>\n<\/a><a href=\"https:\/\/nosm.sharepoint.com\/:b:\/g\/proj\/communityprofiles\/ERfXSjbKfQ5Gj-u5zWxIBK8BBGjFVjLet43ZNi8ZSSSecg\">Gravenhurst<\/a><a href=\"https:\/\/nosm.sharepoint.com\/proj\/communityprofiles\/Shared%20Documents\/Community%20Profile%20-%20Assiginack.pdf\"><br \/>\n<\/a><a href=\"https:\/\/nosm.sharepoint.com\/:b:\/g\/proj\/communityprofiles\/EbFrYZ4r7ydCmQGlNJF3GNcBVTS2UapPt-VmmBBWcgV9mw\">Greater Sudbury<\/a><a href=\"https:\/\/nosm.sharepoint.com\/proj\/communityprofiles\/Shared%20Documents\/Community%20Profile%20-%20Assiginack.pdf\"><br \/>\n<\/a><a href=\"https:\/\/nosm.sharepoint.com\/:b:\/g\/proj\/communityprofiles\/EVhS1j1mRRBIktL2sRkJOHgB2pefvyCgCbkt6wjERuMBuw\">Greenstone<\/a><a href=\"https:\/\/nosm.sharepoint.com\/proj\/communityprofiles\/Shared%20Documents\/Community%20Profile%20-%20Assiginack.pdf\"><br \/>\n<\/a><a href=\"https:\/\/nosm.sharepoint.com\/:b:\/g\/proj\/communityprofiles\/EWYHPhU_tYtEvCb8muK9PAsBpMMnKcqDcGPIvsVq3vj6sQ\">Hearst<\/a><a href=\"https:\/\/nosm.sharepoint.com\/proj\/communityprofiles\/Shared%20Documents\/Community%20Profile%20-%20Assiginack.pdf\"><br \/>\n<\/a><a href=\"https:\/\/nosm.sharepoint.com\/:b:\/g\/proj\/communityprofiles\/Ed12aAp5pGlAusUKU4qHvhsBg0GxlhW0UmLl7qjfelsQOg\">Hornepayne<\/a><a href=\"https:\/\/nosm.sharepoint.com\/proj\/communityprofiles\/Shared%20Documents\/Community%20Profile%20-%20Assiginack.pdf\"><br \/>\n<\/a><a href=\"https:\/\/nosm.sharepoint.com\/:b:\/g\/proj\/communityprofiles\/EWom5rmlSARCl_czQoEKNRwBTlwSWN7fUJcBSOKIq-bCTg\">Huntsville<\/a><a href=\"https:\/\/nosm.sharepoint.com\/proj\/communityprofiles\/Shared%20Documents\/Community%20Profile%20-%20Assiginack.pdf\"><br \/>\n<\/a><a href=\"https:\/\/nosm.sharepoint.com\/:b:\/g\/proj\/communityprofiles\/Ee9k3Znu1KxPoYK91SIwmaoBQX-9PVnnI-dFgqTiSzNXiA\">Ignace<\/a><a href=\"https:\/\/nosm.sharepoint.com\/proj\/communityprofiles\/Shared%20Documents\/Community%20Profile%20-%20Assiginack.pdf\"><br \/>\n<\/a><a href=\"https:\/\/nosm.sharepoint.com\/:b:\/g\/proj\/communityprofiles\/EZVwFS6an4RGn73_fUC6QAMBH4K8l5LfzdAd6TS8hVB8nA\">Iroquois Falls<\/a><a href=\"https:\/\/nosm.sharepoint.com\/proj\/communityprofiles\/Shared%20Documents\/Community%20Profile%20-%20Assiginack.pdf\"><br \/>\n<\/a><a href=\"https:\/\/nosm.sharepoint.com\/:b:\/g\/proj\/communityprofiles\/EY_8lH5oZHdFuL-BUrk3zT4BeT2FEZ3vRE1_YVDNHNEPVg\">Kapuskasing<\/a><a href=\"https:\/\/nosm.sharepoint.com\/proj\/communityprofiles\/Shared%20Documents\/Community%20Profile%20-%20Assiginack.pdf\"><br \/>\n<\/a><a href=\"https:\/\/nosm.sharepoint.com\/:b:\/g\/proj\/communityprofiles\/EbZ0V_8XB5JAme3f4BsEBeEBKsUVR8dp3HY7O8VXMNGlXA\">Kenora<\/a><a href=\"https:\/\/nosm.sharepoint.com\/proj\/communityprofiles\/Shared%20Documents\/Community%20Profile%20-%20Assiginack.pdf\"><br \/>\n<\/a><a href=\"https:\/\/nosm.sharepoint.com\/:b:\/g\/proj\/communityprofiles\/EbsKkVoSs1NGuoLq-PRsc90BG6dzPFZI3arIFkGvcoQ33Q\">Kirkland Lake<\/a><a href=\"https:\/\/nosm.sharepoint.com\/proj\/communityprofiles\/Shared%20Documents\/Community%20Profile%20-%20Assiginack.pdf\"><br \/>\n<\/a><a href=\"https:\/\/nosm.sharepoint.com\/:b:\/g\/proj\/communityprofiles\/Ea3ytFqi2MJItHiovAog-n0BGO6cIhQDmhw82zdJuBQycQ\">Latchford<\/a><a href=\"https:\/\/nosm.sharepoint.com\/proj\/communityprofiles\/Shared%20Documents\/Community%20Profile%20-%20Assiginack.pdf\"><br \/>\n<\/a><a href=\"https:\/\/nosm.sharepoint.com\/:b:\/g\/proj\/communityprofiles\/EZQSTf-FBwBAvDhFTfJmNQcBp69DxU4gZyEgs74FZ8JTLw\">Machin<\/a><a href=\"https:\/\/nosm.sharepoint.com\/proj\/communityprofiles\/Shared%20Documents\/Community%20Profile%20-%20Assiginack.pdf\"><br \/>\n<\/a><a href=\"https:\/\/nosm.sharepoint.com\/:b:\/g\/proj\/communityprofiles\/EcRs4fcQJtJBgwYEMEmgEoQBi-LDjL_JlRfhIJFX0-_gtw\">Manitouwadge<\/a><a href=\"https:\/\/nosm.sharepoint.com\/proj\/communityprofiles\/Shared%20Documents\/Community%20Profile%20-%20Assiginack.pdf\"><br \/>\n<\/a><a href=\"https:\/\/nosm.sharepoint.com\/:b:\/g\/proj\/communityprofiles\/Ebf1AxAbTz5HodizXZt5pmcB154-VMCwJ4X1h-EXWp_7PQ\">Marathon<\/a><a href=\"https:\/\/nosm.sharepoint.com\/proj\/communityprofiles\/Shared%20Documents\/Community%20Profile%20-%20Assiginack.pdf\"><br \/>\n<\/a><a href=\"https:\/\/nosm.sharepoint.com\/:b:\/g\/proj\/communityprofiles\/EY1qh_MjDhtGiu59Vgj3AEYBTjc5T19KCat5PVJ8hmz2Dg\">Mattawa<\/a><a href=\"https:\/\/nosm.sharepoint.com\/proj\/communityprofiles\/Shared%20Documents\/Community%20Profile%20-%20Assiginack.pdf\"><br \/>\n<\/a><a href=\"https:\/\/nosm.sharepoint.com\/:b:\/g\/proj\/communityprofiles\/EZ0qvk-q9j5EitSpj0zqEEYBOftLaI1zUhowbPhZx6EiZQ\">Midland<\/a><a href=\"https:\/\/nosm.sharepoint.com\/proj\/communityprofiles\/Shared%20Documents\/Community%20Profile%20-%20Assiginack.pdf\"><br \/>\n<\/a><a href=\"https:\/\/nosm.sharepoint.com\/:b:\/g\/proj\/communityprofiles\/EdX45jRps1VKle_1SACJxLgBY2RleF0MPvc-keCZqmdeCQ\">Nairn and Hyman<\/a><a href=\"https:\/\/nosm.sharepoint.com\/proj\/communityprofiles\/Shared%20Documents\/Community%20Profile%20-%20Assiginack.pdf\"><br \/>\n<\/a><a href=\"https:\/\/nosm.sharepoint.com\/:b:\/g\/proj\/communityprofiles\/EbQPvVzDyxpLp1ESh6oKneEBBTms7gPnRft4-kfW2II4eA\">Nipigon<\/a><a href=\"https:\/\/nosm.sharepoint.com\/proj\/communityprofiles\/Shared%20Documents\/Community%20Profile%20-%20Assiginack.pdf\"><br \/>\n<\/a><a href=\"https:\/\/nosm.sharepoint.com\/:b:\/g\/proj\/communityprofiles\/EZjcTLefTI9EvrREeCnK9wEB2f6rtY4PeXKhBAkjonR9_w\">North Bay<\/a><a href=\"https:\/\/nosm.sharepoint.com\/proj\/communityprofiles\/Shared%20Documents\/Community%20Profile%20-%20Assiginack.pdf\"><br \/>\n<\/a><a href=\"https:\/\/nosm.sharepoint.com\/:b:\/g\/proj\/communityprofiles\/EXBfTW4V2C1BnnrQ4iY8nPgBTsL4DZVzWlkz7GHd7iIkrQ\">Northeastern Manitoulin and the Islands<\/a><a href=\"https:\/\/nosm.sharepoint.com\/proj\/communityprofiles\/Shared%20Documents\/Community%20Profile%20-%20Assiginack.pdf\"><br \/>\n<\/a><a href=\"https:\/\/nosm.sharepoint.com\/:b:\/g\/proj\/communityprofiles\/EVFC8VMB-cZNl05987rpgaoB97nQ9c14lbafKqpogkB0SA\">Orillia<\/a><a href=\"https:\/\/nosm.sharepoint.com\/proj\/communityprofiles\/Shared%20Documents\/Community%20Profile%20-%20Assiginack.pdf\"><br \/>\n<\/a><a href=\"https:\/\/nosm.sharepoint.com\/:b:\/g\/proj\/communityprofiles\/EdcjQVsdNetIvz8Yy-hOGMgBsfgwD_BPyDa0KF3NHfvP7w\">Parry Sound<\/a><a href=\"https:\/\/nosm.sharepoint.com\/proj\/communityprofiles\/Shared%20Documents\/Community%20Profile%20-%20Assiginack.pdf\"><br \/>\n<\/a><a href=\"https:\/\/nosm.sharepoint.com\/:b:\/g\/proj\/communityprofiles\/EZaNxZq69RpLgEAjLnXJWcEBpDf46AgQj04TXQ2z-3EOjA\">Red Lake<\/a><a href=\"https:\/\/nosm.sharepoint.com\/proj\/communityprofiles\/Shared%20Documents\/Community%20Profile%20-%20Assiginack.pdf\"><br \/>\n<\/a><a href=\"https:\/\/nosm.sharepoint.com\/:b:\/g\/proj\/communityprofiles\/EXwuYZPGElhIs5ra5EcLhhYBHYLTJ-pKKiNpS2H8e7Dwgg\">Sault Ste. Marie<\/a><a href=\"https:\/\/nosm.sharepoint.com\/proj\/communityprofiles\/Shared%20Documents\/Community%20Profile%20-%20Assiginack.pdf\"><br \/>\n<\/a><a href=\"https:\/\/nosm.sharepoint.com\/:b:\/g\/proj\/communityprofiles\/EULwdYaqBCxDhX6rs4XbtwUBhe0da2NnPyvGYIU-v-oAyA\">Schreiber<\/a><a href=\"https:\/\/nosm.sharepoint.com\/proj\/communityprofiles\/Shared%20Documents\/Community%20Profile%20-%20Assiginack.pdf\"><br \/>\n<\/a><a href=\"https:\/\/nosm.sharepoint.com\/:b:\/g\/proj\/communityprofiles\/ESGVJZIqm85Iltz8qgbgEDoBrXaVPlmMf9C3LwI9hpyKLg\">Seguin<\/a><a href=\"https:\/\/nosm.sharepoint.com\/proj\/communityprofiles\/Shared%20Documents\/Community%20Profile%20-%20Assiginack.pdf\"><br \/>\n<\/a><a href=\"https:\/\/nosm.sharepoint.com\/:b:\/g\/proj\/communityprofiles\/EbbE8yW2XO1JqfI6IJVylRMBTy5xc-86HxHBI2Pp-7DQ_Q\">Sioux Lookout<\/a><a href=\"https:\/\/nosm.sharepoint.com\/proj\/communityprofiles\/Shared%20Documents\/Community%20Profile%20-%20Assiginack.pdf\"><br \/>\n<\/a><a href=\"https:\/\/nosm.sharepoint.com\/:b:\/g\/proj\/communityprofiles\/EZg7su_4faVOp8WwSki5kYkB3QxIKLdyji61LqK_2s2BtQ\">Smooth Rock Falls<\/a><a href=\"https:\/\/nosm.sharepoint.com\/proj\/communityprofiles\/Shared%20Documents\/Community%20Profile%20-%20Assiginack.pdf\"><br \/>\n<\/a><a href=\"https:\/\/nosm.sharepoint.com\/:b:\/g\/proj\/communityprofiles\/EeTKgNCldmtGtDfPJO3HR5EBs0vpRF-h4QP3dPtA29MKow\">South River<\/a><a href=\"https:\/\/nosm.sharepoint.com\/proj\/communityprofiles\/Shared%20Documents\/Community%20Profile%20-%20Assiginack.pdf\"><br \/>\n<\/a><a href=\"https:\/\/nosm.sharepoint.com\/:b:\/g\/proj\/communityprofiles\/EUjPVliRAUdKh1kNsOnuE4kBuQDsqe7YKiAhiD0Nq72d0w\">St. Joseph<\/a><a href=\"https:\/\/nosm.sharepoint.com\/proj\/communityprofiles\/Shared%20Documents\/Community%20Profile%20-%20Assiginack.pdf\"><br \/>\n<\/a><a href=\"https:\/\/nosm.sharepoint.com\/:b:\/g\/proj\/communityprofiles\/EZXhteTTbxZJhCpPMFxPOZUBleNH4NX78gh4_OcTpflCBA\">Sundridge<\/a><a href=\"https:\/\/nosm.sharepoint.com\/proj\/communityprofiles\/Shared%20Documents\/Community%20Profile%20-%20Assiginack.pdf\"><br \/>\n<\/a><a href=\"https:\/\/nosm.sharepoint.com\/:b:\/g\/proj\/communityprofiles\/EVtqc-7nCi9OsyG6oEThD34B9Gbsa7TWGXBwKegNICzy-A\">Temagami<\/a><a href=\"https:\/\/nosm.sharepoint.com\/proj\/communityprofiles\/Shared%20Documents\/Community%20Profile%20-%20Assiginack.pdf\"><br \/>\n<\/a><a href=\"https:\/\/nosm.sharepoint.com\/:b:\/g\/proj\/communityprofiles\/ERuhBLov_rROmZuSVvJVmF4B5QxDdsEB1wNpFlvgNCs4MA\">Temiskaming Shores<\/a><a href=\"https:\/\/nosm.sharepoint.com\/proj\/communityprofiles\/Shared%20Documents\/Community%20Profile%20-%20Assiginack.pdf\"><br \/>\n<\/a><a href=\"https:\/\/nosm.sharepoint.com\/:b:\/g\/proj\/communityprofiles\/EVk-IuaEpPpLrLRlErg7uWoBxOMCQPDth8SU9ro03MbSvQ\">Terrace Bay<\/a><a href=\"https:\/\/nosm.sharepoint.com\/proj\/communityprofiles\/Shared%20Documents\/Community%20Profile%20-%20Assiginack.pdf\"><br \/>\n<\/a><a href=\"https:\/\/nosm.sharepoint.com\/:b:\/g\/proj\/communityprofiles\/ES8SzZf08_RIudRALVkG6xQBVB_HMAJ4RQ83WfVjDqi5Cw\">Thessalon<\/a><a href=\"https:\/\/nosm.sharepoint.com\/proj\/communityprofiles\/Shared%20Documents\/Community%20Profile%20-%20Assiginack.pdf\"><br \/>\n<\/a><a href=\"https:\/\/nosm.sharepoint.com\/:b:\/g\/proj\/communityprofiles\/EYikLR4WYvFAiV-oj17PsPsBCbHVkrAS4sG20XPt4g7KMQ\">Thunder Bay<\/a><a href=\"https:\/\/nosm.sharepoint.com\/proj\/communityprofiles\/Shared%20Documents\/Community%20Profile%20-%20Assiginack.pdf\"><br \/>\n<\/a><a href=\"https:\/\/nosm.sharepoint.com\/:b:\/g\/proj\/communityprofiles\/ESMSBCz_4-FPjX5bHgvA4OsBwScFX9il4gFAP-HpDcyWkA\">Timmins<\/a><a href=\"https:\/\/nosm.sharepoint.com\/proj\/communityprofiles\/Shared%20Documents\/Community%20Profile%20-%20Assiginack.pdf\"><br \/>\n<\/a><a href=\"https:\/\/nosm.sharepoint.com\/:b:\/g\/proj\/communityprofiles\/EQDOt44ThcBJgdAP1NRt_nkBUI5cQw30w0iirgBm5p7RrQ\">Wasaga Beach<\/a><a href=\"https:\/\/nosm.sharepoint.com\/proj\/communityprofiles\/Shared%20Documents\/Community%20Profile%20-%20Assiginack.pdf\"><br \/>\n<\/a><a href=\"https:\/\/nosm.sharepoint.com\/:b:\/g\/proj\/communityprofiles\/EWu7g0AMkQNBt4ouxOBzqo4BVPlu1awD_IVRT5iA6oyCow\">Wawa<\/a><a href=\"https:\/\/nosm.sharepoint.com\/proj\/communityprofiles\/Shared%20Documents\/Community%20Profile%20-%20Assiginack.pdf\"><br \/>\n<\/a><a href=\"https:\/\/nosm.sharepoint.com\/:b:\/g\/proj\/communityprofiles\/EXKhjdpTC6FIu8XpEEvW11sBL0jYoROl0pwpNpNnfs6o9g\">West Nipissing \/ Nipissing Ouest<\/a><\/p>","protected":false},"excerpt":{"rendered":"<p>Les communaut\u00e9s du Nord\u00a0de l&rsquo;Ontario \u2013 Nos salles de classe L\u2019EMNO offre sa formation litt\u00e9ralement partout; elle fait sortir les \u00e9tudiants des salles de classe\u00a0traditionnelles et les am\u00e8ne dans votre communaut\u00e9. Les \u00e9tudiants de l&rsquo;EMNO se trouvent\u00a0dans une situation unique pour y apprendre la culture locale, les r\u00e9alit\u00e9s \u00e9conomiques et les\u00a0d\u00e9terminants sociaux de la sant\u00e9 &hellip; <a href=\"https:\/\/www.nosm.ca\/fr\/our-community\/wider-campus-of-the-northern-ontario-school-of-medicine\/community-profiles\/\" class=\"more-link\">Continue reading <span class=\"screen-reader-text\">Profils des communaut\u00e9s<\/span> <span class=\"meta-nav\">&rarr;<\/span><\/a><\/p>\n","protected":false},"author":16,"featured_media":0,"parent":8420,"menu_order":1,"comment_status":"closed","ping_status":"closed","template":"","meta":{"_acf_changed":false,"footnotes":""},"class_list":["post-1791","page","type-page","status-publish","hentry"],"acf":[],"_links":{"self":[{"href":"https:\/\/www.nosm.ca\/fr\/wp-json\/wp\/v2\/pages\/1791","targetHints":{"allow":["GET"]}}],"collection":[{"href":"https:\/\/www.nosm.ca\/fr\/wp-json\/wp\/v2\/pages"}],"about":[{"href":"https:\/\/www.nosm.ca\/fr\/wp-json\/wp\/v2\/types\/page"}],"author":[{"embeddable":true,"href":"https:\/\/www.nosm.ca\/fr\/wp-json\/wp\/v2\/users\/16"}],"replies":[{"embeddable":true,"href":"https:\/\/www.nosm.ca\/fr\/wp-json\/wp\/v2\/comments?post=1791"}],"version-history":[{"count":116,"href":"https:\/\/www.nosm.ca\/fr\/wp-json\/wp\/v2\/pages\/1791\/revisions"}],"predecessor-version":[{"id":83167,"href":"https:\/\/www.nosm.ca\/fr\/wp-json\/wp\/v2\/pages\/1791\/revisions\/83167"}],"up":[{"embeddable":true,"href":"https:\/\/www.nosm.ca\/fr\/wp-json\/wp\/v2\/pages\/8420"}],"wp:attachment":[{"href":"https:\/\/www.nosm.ca\/fr\/wp-json\/wp\/v2\/media?parent=1791"}],"curies":[{"name":"wp","href":"https:\/\/api.w.org\/{rel}","templated":true}]}}