{"id":17017,"date":"2018-06-24T22:44:36","date_gmt":"2018-06-25T02:44:36","guid":{"rendered":"https:\/\/www.nosm.ca\/?page_id=17017"},"modified":"2025-07-18T16:07:43","modified_gmt":"2025-07-18T20:07:43","slug":"travel-for-residents","status":"publish","type":"page","link":"https:\/\/www.nosm.ca\/fr\/pgme-office\/current-residents\/rotation-related\/travel-for-residents\/","title":{"rendered":"Travel"},"content":{"rendered":"<p class=\"qtranxs-available-languages-message qtranxs-available-languages-message-fr\">D\u00e9sol\u00e9,  cette entr\u00e9e de donn\u00e9es est seulement disponible en <a href=\"https:\/\/www.nosm.ca\/en\/wp-json\/wp\/v2\/pages\/17017\" class=\"qtranxs-available-language-link qtranxs-available-language-link-en\" title=\"English\">English<\/a>.<\/p>","protected":false},"excerpt":{"rendered":"<p>D\u00e9sol\u00e9, cette entr\u00e9e de donn\u00e9es est seulement disponible en English.<\/p>\n","protected":false},"author":16,"featured_media":0,"parent":79069,"menu_order":5,"comment_status":"closed","ping_status":"closed","template":"","meta":{"_acf_changed":false,"footnotes":""},"class_list":["post-17017","page","type-page","status-publish","hentry"],"acf":[],"_links":{"self":[{"href":"https:\/\/www.nosm.ca\/fr\/wp-json\/wp\/v2\/pages\/17017","targetHints":{"allow":["GET"]}}],"collection":[{"href":"https:\/\/www.nosm.ca\/fr\/wp-json\/wp\/v2\/pages"}],"about":[{"href":"https:\/\/www.nosm.ca\/fr\/wp-json\/wp\/v2\/types\/page"}],"author":[{"embeddable":true,"href":"https:\/\/www.nosm.ca\/fr\/wp-json\/wp\/v2\/users\/16"}],"replies":[{"embeddable":true,"href":"https:\/\/www.nosm.ca\/fr\/wp-json\/wp\/v2\/comments?post=17017"}],"version-history":[{"count":47,"href":"https:\/\/www.nosm.ca\/fr\/wp-json\/wp\/v2\/pages\/17017\/revisions"}],"predecessor-version":[{"id":73779,"href":"https:\/\/www.nosm.ca\/fr\/wp-json\/wp\/v2\/pages\/17017\/revisions\/73779"}],"up":[{"embeddable":true,"href":"https:\/\/www.nosm.ca\/fr\/wp-json\/wp\/v2\/pages\/79069"}],"wp:attachment":[{"href":"https:\/\/www.nosm.ca\/fr\/wp-json\/wp\/v2\/media?parent=17017"}],"curies":[{"name":"wp","href":"https:\/\/api.w.org\/{rel}","templated":true}]}}