{"id":16095,"date":"2018-06-19T23:53:29","date_gmt":"2018-06-20T03:53:29","guid":{"rendered":"https:\/\/nosm.ca\/?page_id=16095"},"modified":"2026-02-03T09:28:58","modified_gmt":"2026-02-03T14:28:58","slug":"goals-objectives-epas","status":"publish","type":"page","link":"https:\/\/www.nosm.ca\/fr\/fm-emergencymedicine\/goals-objectives-epas\/","title":{"rendered":"Goals\/Objectives\/EPAs"},"content":{"rendered":"<p class=\"qtranxs-available-languages-message qtranxs-available-languages-message-fr\">D\u00e9sol\u00e9,  cette entr\u00e9e de donn\u00e9es est seulement disponible en <a href=\"https:\/\/www.nosm.ca\/en\/wp-json\/wp\/v2\/pages\/16095\" class=\"qtranxs-available-language-link qtranxs-available-language-link-en\" title=\"English\">English<\/a>.<\/p>","protected":false},"excerpt":{"rendered":"<p>D\u00e9sol\u00e9, cette entr\u00e9e de donn\u00e9es est seulement disponible en English.<\/p>\n","protected":false},"author":16,"featured_media":0,"parent":12382,"menu_order":6,"comment_status":"closed","ping_status":"closed","template":"","meta":{"_acf_changed":false,"footnotes":""},"class_list":["post-16095","page","type-page","status-publish","hentry"],"acf":[],"_links":{"self":[{"href":"https:\/\/www.nosm.ca\/fr\/wp-json\/wp\/v2\/pages\/16095","targetHints":{"allow":["GET"]}}],"collection":[{"href":"https:\/\/www.nosm.ca\/fr\/wp-json\/wp\/v2\/pages"}],"about":[{"href":"https:\/\/www.nosm.ca\/fr\/wp-json\/wp\/v2\/types\/page"}],"author":[{"embeddable":true,"href":"https:\/\/www.nosm.ca\/fr\/wp-json\/wp\/v2\/users\/16"}],"replies":[{"embeddable":true,"href":"https:\/\/www.nosm.ca\/fr\/wp-json\/wp\/v2\/comments?post=16095"}],"version-history":[{"count":9,"href":"https:\/\/www.nosm.ca\/fr\/wp-json\/wp\/v2\/pages\/16095\/revisions"}],"predecessor-version":[{"id":82698,"href":"https:\/\/www.nosm.ca\/fr\/wp-json\/wp\/v2\/pages\/16095\/revisions\/82698"}],"up":[{"embeddable":true,"href":"https:\/\/www.nosm.ca\/fr\/wp-json\/wp\/v2\/pages\/12382"}],"wp:attachment":[{"href":"https:\/\/www.nosm.ca\/fr\/wp-json\/wp\/v2\/media?parent=16095"}],"curies":[{"name":"wp","href":"https:\/\/api.w.org\/{rel}","templated":true}]}}