{"id":16071,"date":"2018-06-19T22:53:11","date_gmt":"2018-06-20T02:53:11","guid":{"rendered":"https:\/\/nosm.ca\/?page_id=16071"},"modified":"2018-06-19T22:54:37","modified_gmt":"2018-06-20T02:54:37","slug":"program-overview-highlights","status":"publish","type":"page","link":"https:\/\/www.nosm.ca\/fr\/orthopedicsurgery\/program-overview-highlights\/","title":{"rendered":"Program Overview &amp; Highlights"},"content":{"rendered":"<p class=\"qtranxs-available-languages-message qtranxs-available-languages-message-fr\">D\u00e9sol\u00e9,  cette entr\u00e9e de donn\u00e9es est seulement disponible en <a href=\"https:\/\/www.nosm.ca\/en\/wp-json\/wp\/v2\/pages\/16071\" class=\"qtranxs-available-language-link qtranxs-available-language-link-en\" title=\"English\">English<\/a>.<\/p>","protected":false},"excerpt":{"rendered":"<p>D\u00e9sol\u00e9, cette entr\u00e9e de donn\u00e9es est seulement disponible en English.<\/p>\n","protected":false},"author":16,"featured_media":0,"parent":12400,"menu_order":5,"comment_status":"closed","ping_status":"closed","template":"","meta":{"_acf_changed":false,"footnotes":""},"class_list":["post-16071","page","type-page","status-publish","hentry"],"acf":[],"_links":{"self":[{"href":"https:\/\/www.nosm.ca\/fr\/wp-json\/wp\/v2\/pages\/16071","targetHints":{"allow":["GET"]}}],"collection":[{"href":"https:\/\/www.nosm.ca\/fr\/wp-json\/wp\/v2\/pages"}],"about":[{"href":"https:\/\/www.nosm.ca\/fr\/wp-json\/wp\/v2\/types\/page"}],"author":[{"embeddable":true,"href":"https:\/\/www.nosm.ca\/fr\/wp-json\/wp\/v2\/users\/16"}],"replies":[{"embeddable":true,"href":"https:\/\/www.nosm.ca\/fr\/wp-json\/wp\/v2\/comments?post=16071"}],"version-history":[{"count":3,"href":"https:\/\/www.nosm.ca\/fr\/wp-json\/wp\/v2\/pages\/16071\/revisions"}],"predecessor-version":[{"id":16074,"href":"https:\/\/www.nosm.ca\/fr\/wp-json\/wp\/v2\/pages\/16071\/revisions\/16074"}],"up":[{"embeddable":true,"href":"https:\/\/www.nosm.ca\/fr\/wp-json\/wp\/v2\/pages\/12400"}],"wp:attachment":[{"href":"https:\/\/www.nosm.ca\/fr\/wp-json\/wp\/v2\/media?parent=16071"}],"curies":[{"name":"wp","href":"https:\/\/api.w.org\/{rel}","templated":true}]}}