{"id":16024,"date":"2018-06-19T21:22:33","date_gmt":"2018-06-20T01:22:33","guid":{"rendered":"https:\/\/nosm.ca\/?page_id=16024"},"modified":"2024-10-22T12:09:25","modified_gmt":"2024-10-22T16:09:25","slug":"program-overview-highlights","status":"publish","type":"page","link":"https:\/\/www.nosm.ca\/fr\/generalsurgery\/program-overview-highlights\/","title":{"rendered":"Program Overview &amp; Highlights"},"content":{"rendered":"<p class=\"qtranxs-available-languages-message qtranxs-available-languages-message-fr\">D\u00e9sol\u00e9,  cette entr\u00e9e de donn\u00e9es est seulement disponible en <a href=\"https:\/\/www.nosm.ca\/en\/wp-json\/wp\/v2\/pages\/16024\" class=\"qtranxs-available-language-link qtranxs-available-language-link-en\" title=\"English\">English<\/a>.<\/p>","protected":false},"excerpt":{"rendered":"<p>D\u00e9sol\u00e9, cette entr\u00e9e de donn\u00e9es est seulement disponible en English.<\/p>\n","protected":false},"author":16,"featured_media":0,"parent":12394,"menu_order":5,"comment_status":"closed","ping_status":"closed","template":"","meta":{"_acf_changed":false,"footnotes":""},"class_list":["post-16024","page","type-page","status-publish","hentry"],"acf":[],"_links":{"self":[{"href":"https:\/\/www.nosm.ca\/fr\/wp-json\/wp\/v2\/pages\/16024","targetHints":{"allow":["GET"]}}],"collection":[{"href":"https:\/\/www.nosm.ca\/fr\/wp-json\/wp\/v2\/pages"}],"about":[{"href":"https:\/\/www.nosm.ca\/fr\/wp-json\/wp\/v2\/types\/page"}],"author":[{"embeddable":true,"href":"https:\/\/www.nosm.ca\/fr\/wp-json\/wp\/v2\/users\/16"}],"replies":[{"embeddable":true,"href":"https:\/\/www.nosm.ca\/fr\/wp-json\/wp\/v2\/comments?post=16024"}],"version-history":[{"count":4,"href":"https:\/\/www.nosm.ca\/fr\/wp-json\/wp\/v2\/pages\/16024\/revisions"}],"predecessor-version":[{"id":72367,"href":"https:\/\/www.nosm.ca\/fr\/wp-json\/wp\/v2\/pages\/16024\/revisions\/72367"}],"up":[{"embeddable":true,"href":"https:\/\/www.nosm.ca\/fr\/wp-json\/wp\/v2\/pages\/12394"}],"wp:attachment":[{"href":"https:\/\/www.nosm.ca\/fr\/wp-json\/wp\/v2\/media?parent=16024"}],"curies":[{"name":"wp","href":"https:\/\/api.w.org\/{rel}","templated":true}]}}