{"id":15210,"date":"2018-06-18T10:59:57","date_gmt":"2018-06-18T14:59:57","guid":{"rendered":"https:\/\/wp.nosm.ca\/?page_id=15210"},"modified":"2024-10-02T15:06:12","modified_gmt":"2024-10-02T19:06:12","slug":"how-to-apply-faqs","status":"publish","type":"page","link":"https:\/\/www.nosm.ca\/fr\/anesthesiology\/how-to-apply-faqs\/","title":{"rendered":"How to Apply\/FAQs"},"content":{"rendered":"<p class=\"qtranxs-available-languages-message qtranxs-available-languages-message-fr\">D\u00e9sol\u00e9,  cette entr\u00e9e de donn\u00e9es est seulement disponible en <a href=\"https:\/\/www.nosm.ca\/en\/wp-json\/wp\/v2\/pages\/15210\" class=\"qtranxs-available-language-link qtranxs-available-language-link-en\" title=\"English\">English<\/a>.<\/p>","protected":false},"excerpt":{"rendered":"<p>D\u00e9sol\u00e9, cette entr\u00e9e de donn\u00e9es est seulement disponible en English.<\/p>\n","protected":false},"author":16,"featured_media":0,"parent":11149,"menu_order":2,"comment_status":"closed","ping_status":"closed","template":"","meta":{"_acf_changed":false,"footnotes":""},"class_list":["post-15210","page","type-page","status-publish","hentry"],"acf":[],"_links":{"self":[{"href":"https:\/\/www.nosm.ca\/fr\/wp-json\/wp\/v2\/pages\/15210","targetHints":{"allow":["GET"]}}],"collection":[{"href":"https:\/\/www.nosm.ca\/fr\/wp-json\/wp\/v2\/pages"}],"about":[{"href":"https:\/\/www.nosm.ca\/fr\/wp-json\/wp\/v2\/types\/page"}],"author":[{"embeddable":true,"href":"https:\/\/www.nosm.ca\/fr\/wp-json\/wp\/v2\/users\/16"}],"replies":[{"embeddable":true,"href":"https:\/\/www.nosm.ca\/fr\/wp-json\/wp\/v2\/comments?post=15210"}],"version-history":[{"count":9,"href":"https:\/\/www.nosm.ca\/fr\/wp-json\/wp\/v2\/pages\/15210\/revisions"}],"predecessor-version":[{"id":72016,"href":"https:\/\/www.nosm.ca\/fr\/wp-json\/wp\/v2\/pages\/15210\/revisions\/72016"}],"up":[{"embeddable":true,"href":"https:\/\/www.nosm.ca\/fr\/wp-json\/wp\/v2\/pages\/11149"}],"wp:attachment":[{"href":"https:\/\/www.nosm.ca\/fr\/wp-json\/wp\/v2\/media?parent=15210"}],"curies":[{"name":"wp","href":"https:\/\/api.w.org\/{rel}","templated":true}]}}