{"id":15178,"date":"2018-06-18T10:29:43","date_gmt":"2018-06-18T14:29:43","guid":{"rendered":"https:\/\/wp.nosm.ca\/?page_id=15178"},"modified":"2025-07-09T14:39:56","modified_gmt":"2025-07-09T18:39:56","slug":"program-contacts","status":"publish","type":"page","link":"https:\/\/www.nosm.ca\/fr\/anesthesiology\/program-contacts\/","title":{"rendered":"Program Contacts"},"content":{"rendered":"<p class=\"qtranxs-available-languages-message qtranxs-available-languages-message-fr\">D\u00e9sol\u00e9,  cette entr\u00e9e de donn\u00e9es est seulement disponible en <a href=\"https:\/\/www.nosm.ca\/en\/wp-json\/wp\/v2\/pages\/15178\" class=\"qtranxs-available-language-link qtranxs-available-language-link-en\" title=\"English\">English<\/a>.<\/p>","protected":false},"excerpt":{"rendered":"<p>D\u00e9sol\u00e9, cette entr\u00e9e de donn\u00e9es est seulement disponible en English.<\/p>\n","protected":false},"author":16,"featured_media":0,"parent":11149,"menu_order":3,"comment_status":"closed","ping_status":"closed","template":"","meta":{"_acf_changed":false,"footnotes":""},"class_list":["post-15178","page","type-page","status-publish","hentry"],"acf":[],"_links":{"self":[{"href":"https:\/\/www.nosm.ca\/fr\/wp-json\/wp\/v2\/pages\/15178","targetHints":{"allow":["GET"]}}],"collection":[{"href":"https:\/\/www.nosm.ca\/fr\/wp-json\/wp\/v2\/pages"}],"about":[{"href":"https:\/\/www.nosm.ca\/fr\/wp-json\/wp\/v2\/types\/page"}],"author":[{"embeddable":true,"href":"https:\/\/www.nosm.ca\/fr\/wp-json\/wp\/v2\/users\/16"}],"replies":[{"embeddable":true,"href":"https:\/\/www.nosm.ca\/fr\/wp-json\/wp\/v2\/comments?post=15178"}],"version-history":[{"count":37,"href":"https:\/\/www.nosm.ca\/fr\/wp-json\/wp\/v2\/pages\/15178\/revisions"}],"predecessor-version":[{"id":79181,"href":"https:\/\/www.nosm.ca\/fr\/wp-json\/wp\/v2\/pages\/15178\/revisions\/79181"}],"up":[{"embeddable":true,"href":"https:\/\/www.nosm.ca\/fr\/wp-json\/wp\/v2\/pages\/11149"}],"wp:attachment":[{"href":"https:\/\/www.nosm.ca\/fr\/wp-json\/wp\/v2\/media?parent=15178"}],"curies":[{"name":"wp","href":"https:\/\/api.w.org\/{rel}","templated":true}]}}