{"id":15004,"date":"2018-06-17T21:05:01","date_gmt":"2018-06-18T01:05:01","guid":{"rendered":"https:\/\/wp.nosm.ca\/?page_id=15004"},"modified":"2023-10-26T18:42:12","modified_gmt":"2023-10-26T22:42:12","slug":"prospectiveresidents","status":"publish","type":"page","link":"https:\/\/www.nosm.ca\/fr\/familymedicine\/prospectiveresidents\/","title":{"rendered":"Prospective Residents\/How to Apply"},"content":{"rendered":"<p class=\"qtranxs-available-languages-message qtranxs-available-languages-message-fr\">D\u00e9sol\u00e9,  cette entr\u00e9e de donn\u00e9es est seulement disponible en <a href=\"https:\/\/www.nosm.ca\/en\/wp-json\/wp\/v2\/pages\/15004\" class=\"qtranxs-available-language-link qtranxs-available-language-link-en\" title=\"English\">English<\/a>.<\/p>","protected":false},"excerpt":{"rendered":"<p>D\u00e9sol\u00e9, cette entr\u00e9e de donn\u00e9es est seulement disponible en English.<\/p>\n","protected":false},"author":16,"featured_media":36357,"parent":12079,"menu_order":2,"comment_status":"closed","ping_status":"closed","template":"","meta":{"_acf_changed":false,"footnotes":""},"class_list":["post-15004","page","type-page","status-publish","has-post-thumbnail","hentry"],"acf":[],"_links":{"self":[{"href":"https:\/\/www.nosm.ca\/fr\/wp-json\/wp\/v2\/pages\/15004","targetHints":{"allow":["GET"]}}],"collection":[{"href":"https:\/\/www.nosm.ca\/fr\/wp-json\/wp\/v2\/pages"}],"about":[{"href":"https:\/\/www.nosm.ca\/fr\/wp-json\/wp\/v2\/types\/page"}],"author":[{"embeddable":true,"href":"https:\/\/www.nosm.ca\/fr\/wp-json\/wp\/v2\/users\/16"}],"replies":[{"embeddable":true,"href":"https:\/\/www.nosm.ca\/fr\/wp-json\/wp\/v2\/comments?post=15004"}],"version-history":[{"count":13,"href":"https:\/\/www.nosm.ca\/fr\/wp-json\/wp\/v2\/pages\/15004\/revisions"}],"predecessor-version":[{"id":64632,"href":"https:\/\/www.nosm.ca\/fr\/wp-json\/wp\/v2\/pages\/15004\/revisions\/64632"}],"up":[{"embeddable":true,"href":"https:\/\/www.nosm.ca\/fr\/wp-json\/wp\/v2\/pages\/12079"}],"wp:featuredmedia":[{"embeddable":true,"href":"https:\/\/www.nosm.ca\/fr\/wp-json\/wp\/v2\/media\/36357"}],"wp:attachment":[{"href":"https:\/\/www.nosm.ca\/fr\/wp-json\/wp\/v2\/media?parent=15004"}],"curies":[{"name":"wp","href":"https:\/\/api.w.org\/{rel}","templated":true}]}}