{"id":14412,"date":"2018-06-14T15:21:35","date_gmt":"2018-06-14T19:21:35","guid":{"rendered":"https:\/\/wp.nosm.ca\/?page_id=14412"},"modified":"2023-08-30T11:21:29","modified_gmt":"2023-08-30T15:21:29","slug":"inspiration","status":"publish","type":"page","link":"https:\/\/www.nosm.ca\/fr\/our-community\/indigenous-medical-education\/inspiration\/","title":{"rendered":"Stories of Inspiration"},"content":{"rendered":"<p class=\"qtranxs-available-languages-message qtranxs-available-languages-message-fr\">D\u00e9sol\u00e9,  cette entr\u00e9e de donn\u00e9es est seulement disponible en <a href=\"https:\/\/www.nosm.ca\/en\/wp-json\/wp\/v2\/pages\/14412\" class=\"qtranxs-available-language-link qtranxs-available-language-link-en\" title=\"English\">English<\/a>.<\/p>","protected":false},"excerpt":{"rendered":"<p>D\u00e9sol\u00e9, cette entr\u00e9e de donn\u00e9es est seulement disponible en English.<\/p>\n","protected":false},"author":15,"featured_media":0,"parent":40663,"menu_order":3,"comment_status":"closed","ping_status":"closed","template":"page-templates\/quick-links-2.php","meta":{"_acf_changed":false,"footnotes":""},"class_list":["post-14412","page","type-page","status-publish","hentry"],"acf":[],"_links":{"self":[{"href":"https:\/\/www.nosm.ca\/fr\/wp-json\/wp\/v2\/pages\/14412","targetHints":{"allow":["GET"]}}],"collection":[{"href":"https:\/\/www.nosm.ca\/fr\/wp-json\/wp\/v2\/pages"}],"about":[{"href":"https:\/\/www.nosm.ca\/fr\/wp-json\/wp\/v2\/types\/page"}],"author":[{"embeddable":true,"href":"https:\/\/www.nosm.ca\/fr\/wp-json\/wp\/v2\/users\/15"}],"replies":[{"embeddable":true,"href":"https:\/\/www.nosm.ca\/fr\/wp-json\/wp\/v2\/comments?post=14412"}],"version-history":[{"count":13,"href":"https:\/\/www.nosm.ca\/fr\/wp-json\/wp\/v2\/pages\/14412\/revisions"}],"predecessor-version":[{"id":54431,"href":"https:\/\/www.nosm.ca\/fr\/wp-json\/wp\/v2\/pages\/14412\/revisions\/54431"}],"up":[{"embeddable":true,"href":"https:\/\/www.nosm.ca\/fr\/wp-json\/wp\/v2\/pages\/40663"}],"wp:attachment":[{"href":"https:\/\/www.nosm.ca\/fr\/wp-json\/wp\/v2\/media?parent=14412"}],"curies":[{"name":"wp","href":"https:\/\/api.w.org\/{rel}","templated":true}]}}