{"id":14355,"date":"2018-06-14T14:36:54","date_gmt":"2018-06-14T18:36:54","guid":{"rendered":"https:\/\/wp.nosm.ca\/?page_id=14355"},"modified":"2025-06-20T15:29:24","modified_gmt":"2025-06-20T19:29:24","slug":"francophone-reference-group","status":"publish","type":"page","link":"https:\/\/www.nosm.ca\/fr\/our-community\/francophone-engagement\/francophone-reference-group\/","title":{"rendered":"Groupe consultatif francophone"},"content":{"rendered":"<p><img loading=\"lazy\" decoding=\"async\" class=\"aligncenter wp-image-65660 size-full\" src=\"https:\/\/www.nosm.ca\/wp-content\/uploads\/2023\/12\/Photo-GCF-juin-2023.png\" alt=\"\" width=\"1897\" height=\"666\" srcset=\"https:\/\/www.nosm.ca\/wp-content\/uploads\/2023\/12\/Photo-GCF-juin-2023.png 1897w, https:\/\/www.nosm.ca\/wp-content\/uploads\/2023\/12\/Photo-GCF-juin-2023-300x105.png 300w, https:\/\/www.nosm.ca\/wp-content\/uploads\/2023\/12\/Photo-GCF-juin-2023-1024x360.png 1024w, https:\/\/www.nosm.ca\/wp-content\/uploads\/2023\/12\/Photo-GCF-juin-2023-768x270.png 768w, https:\/\/www.nosm.ca\/wp-content\/uploads\/2023\/12\/Photo-GCF-juin-2023-1536x539.png 1536w\" sizes=\"auto, (max-width: 1897px) 100vw, 1897px\" \/><\/p>\n<p>&nbsp;<\/p>\n<p>L\u2019Universit\u00e9 de l&rsquo;EMNO (U EMNO) se fait un devoir de r\u00e9pondre aux besoins de la population du Nord, y compris des communaut\u00e9s francophones. Pour l\u2019aider \u00e0 s\u2019acquitter de cette t\u00e2che, elle a cr\u00e9\u00e9 en 2003 le Groupe consultatif francophone (GCF) qui assure la liaison avec les communaut\u00e9s francophones du Nord ontarien afin de relever leurs besoins et d\u2019en tenir compte dans son d\u00e9veloppement. Le GCF, pr\u00e9sid\u00e9 par Monique Rocheleau, se r\u00e9unit r\u00e9guli\u00e8rement. Ses membres repr\u00e9sentent divers secteurs de la communaut\u00e9 francophone, notamment les professionnels de la sant\u00e9, les \u00e9tablissements d\u2019enseignement postsecondaire, les d\u00e9cideurs en sant\u00e9 en fran\u00e7ais, les h\u00f4pitaux, les \u00e9tudiants et r\u00e9sidents en m\u00e9decine de l\u2019U EMNO et le grand public.<\/p>\n<p>Le GCF a pour mandat de formuler des recommandations au doyen sur les sujets suivants :<\/p>\n<ul>\n<li>Initiatives en cours ou futures visant les francophones.<\/li>\n<li>Strat\u00e9gies de mises en \u0153uvre d\u2019initiatives qui r\u00e9pondent aux besoins des communaut\u00e9s francophones du Nord.<\/li>\n<li>Activit\u00e9s de l\u2019U EMNO qui peuvent avoir une incidence sur les corps \u00e9tudiant et professoral ainsi que le personnel francophone.<\/li>\n<\/ul>\n<p>Le GCF veille \u00e0 ce que les francophones du Nord de l\u2019Ontario soient repr\u00e9sent\u00e9s et que leurs int\u00e9r\u00eats soient pris en compte \u00e0 chaque niveau de l\u2019U EMNO en ce qui concerne le recrutement, le conseil d\u2019administration, le personnel et le corps professoral. Il veille en particulier \u00e0 ce que les futurs m\u00e9decins soient en mesure de servir les populations francophones en fran\u00e7ais.<\/p>\n<p>L\u2019U EMNO travaille avec le GCF pour assurer la pleine participation des francophones \u00e0 toutes ses initiatives et activit\u00e9s.<\/p>\n<p><strong>Membres du GCF :<\/strong><\/p>\n<p>Pr\u00e9sidente du GCF : Nicole Dubuc-Charonneau &#8211; Gestionnaire de projets\/ CNFS- Coll\u00e8ge Bor\u00e9al<\/p>\n<p>Repr\u00e9sentants des r\u00e9sidents :<br \/>\nDr Sebastien Diebel, r\u00e9sident en m\u00e9decine familiale<br \/>\nDr\u00a0 S\u00e9bastien Labelle, r\u00e9sident en m\u00e9decine familiale<\/p>\n<p>Repr\u00e9sentants des \u00e9tudiants :<\/p>\n<p>Janik Dufour, \u00e9tudiante en m\u00e9decine de premier cycle \/ campus de Sudbury<br \/>\nStevie Giles, \u00e9tudiante en m\u00e9decine de premier cycle campus de Sudbury<br \/>\n\u00c9milie Labranche, \u00e9tudiante en m\u00e9decine de premier cycle \/ campus de Thunder Bay<br \/>\nJo\u00ebl Pitre, \u00e9tudiant en m\u00e9decine de premier cycle \/ campus de Sudbury<\/p>\n<p>Repr\u00e9sentants du corps professoral :<br \/>\nDre Nicole Ranger, m\u00e9decin de famille, chef de projet, Volet vers la m\u00e9decine en fran\u00e7ais, PFMPC<br \/>\nDre Meghan Cusack, m\u00e9decin de famille, chef clinique francophone, PFMPC<br \/>\nDre Shyanne Fournier, m\u00e9decin de famille, professeur francophone de formation clinique<br \/>\nDre M\u00e9lanie Patrie, m\u00e9decin de famille, chef de l\u2019\u00e9ducation francophone, Programme postdoctoral de l\u2019Universit\u00e9 de l\u2019EMNO<\/p>\n<p>Repr\u00e9sentants de la communaut\u00e9 :<br \/>\nAng\u00e8le Brunelle,\u00a0 membre communautaire du Nord-Ouest de l&rsquo;Ontario<br \/>\nDenis Constantineau, directeur g\u00e9n\u00e9ral \/ Centre de sant\u00e9 communautaire du Grand Sudbury<br \/>\nChanelle Landriault, Gestionnaire\/ CNFS &#8211; Universit\u00e9 Laurentienne<br \/>\nVanessa Kroeker , membre communautaire du Nord-Ouest de l&rsquo;Ontario<br \/>\nMonique Rocheleau, directrice g\u00e9n\u00e9rale adjointe\/ R\u00e9seau du mieux-\u00eatre francophone du Nord de l&rsquo;Ontario<br \/>\nSylvie Sylvestre, agente de planification et d&rsquo;engagement communautaire \/ R\u00e9seau du mieux-\u00eatre francophone du Nord de l&rsquo;Ontario<\/p>\n<p>Membres du personnel de l&rsquo;Universit\u00e9 de l&rsquo;EMNO :<br \/>\nDanielle Barbeau-Rodrigue, Directrice, Affaires francophones \/ Universit\u00e9 de l\u2019EMNO \u00e0 Sudbury<br \/>\nTsilavo Ralandison, Coordonnateur de liaison communautaire, Affaires francophones \/ Universit\u00e9 de l\u2019EMNO \u00e0 Thunder Bay<br \/>\nSierra Howald, Coordonnatrice du recrutement et du soutien des \u00e9tudiants \/ Universit\u00e9 de l\u2019EMNO \u00e0 Sudbury<br \/>\nJoseph LeBlanc, Ph. D.,\u00a0 Vice-recteur , \u00c9quit\u00e9 &amp; Inclusion \/ Universit\u00e9 de l\u2019EMNO \u00e0 Sudbury<\/p>","protected":false},"excerpt":{"rendered":"<p>&nbsp; L\u2019Universit\u00e9 de l&rsquo;EMNO (U EMNO) se fait un devoir de r\u00e9pondre aux besoins de la population du Nord, y compris des communaut\u00e9s francophones. Pour l\u2019aider \u00e0 s\u2019acquitter de cette t\u00e2che, elle a cr\u00e9\u00e9 en 2003 le Groupe consultatif francophone (GCF) qui assure la liaison avec les communaut\u00e9s francophones du Nord ontarien afin de relever &hellip; <a href=\"https:\/\/www.nosm.ca\/fr\/our-community\/francophone-engagement\/francophone-reference-group\/\" class=\"more-link\">Continue reading <span class=\"screen-reader-text\">Groupe consultatif francophone<\/span> <span class=\"meta-nav\">&rarr;<\/span><\/a><\/p>\n","protected":false},"author":15,"featured_media":0,"parent":7810,"menu_order":2,"comment_status":"closed","ping_status":"closed","template":"","meta":{"_acf_changed":false,"footnotes":""},"class_list":["post-14355","page","type-page","status-publish","hentry"],"acf":[],"_links":{"self":[{"href":"https:\/\/www.nosm.ca\/fr\/wp-json\/wp\/v2\/pages\/14355","targetHints":{"allow":["GET"]}}],"collection":[{"href":"https:\/\/www.nosm.ca\/fr\/wp-json\/wp\/v2\/pages"}],"about":[{"href":"https:\/\/www.nosm.ca\/fr\/wp-json\/wp\/v2\/types\/page"}],"author":[{"embeddable":true,"href":"https:\/\/www.nosm.ca\/fr\/wp-json\/wp\/v2\/users\/15"}],"replies":[{"embeddable":true,"href":"https:\/\/www.nosm.ca\/fr\/wp-json\/wp\/v2\/comments?post=14355"}],"version-history":[{"count":33,"href":"https:\/\/www.nosm.ca\/fr\/wp-json\/wp\/v2\/pages\/14355\/revisions"}],"predecessor-version":[{"id":78747,"href":"https:\/\/www.nosm.ca\/fr\/wp-json\/wp\/v2\/pages\/14355\/revisions\/78747"}],"up":[{"embeddable":true,"href":"https:\/\/www.nosm.ca\/fr\/wp-json\/wp\/v2\/pages\/7810"}],"wp:attachment":[{"href":"https:\/\/www.nosm.ca\/fr\/wp-json\/wp\/v2\/media?parent=14355"}],"curies":[{"name":"wp","href":"https:\/\/api.w.org\/{rel}","templated":true}]}}