{"id":14336,"date":"2018-06-14T14:26:36","date_gmt":"2018-06-14T18:26:36","guid":{"rendered":"https:\/\/wp.nosm.ca\/?page_id=14336"},"modified":"2022-08-16T13:14:39","modified_gmt":"2022-08-16T17:14:39","slug":"community-consultation-2009","status":"publish","type":"page","link":"https:\/\/www.nosm.ca\/fr\/our-community\/francophone-engagement\/community-consultation-2009\/","title":{"rendered":"Consultation communautaire (2009)"},"content":{"rendered":"<p>Ce rapport pr\u00e9sente une revue des consultations qu\u2019a men\u00e9es l\u2019Universit\u00e9 de l&rsquo;EMNO (U EMNO) aupr\u00e8s des communaut\u00e9s francophones qui se trouvent sur son territoire, soit tout le Nord de cette province. Il rend compte des commentaires et suggestions des communaut\u00e9s francophones \u00e0 l\u2019intention de l\u2019U EMNO dans le but de l\u2019aider \u00e0 mieux mener \u00e0 bien son mandat d\u2019imputabilit\u00e9 sociale et son engagement communautaire aupr\u00e8s d\u2019elles, et en partenariat avec elles.<\/p>\n<p>La mission g\u00e9n\u00e9rale de l\u2019Universit\u00e9 de l&rsquo;EMNO consiste \u00e0 former des m\u00e9decins qualifi\u00e9s et pr\u00eats \u00e0 exercer dans les r\u00e9gions urbaines, rurales et \u00e9loign\u00e9es, plus particuli\u00e8rement du Nord de l\u2019Ontario. \u00c9tant donn\u00e9 la part importante qu\u2019occupent les francophones et les Autochtones au sein de ces communaut\u00e9s, l\u2019U EMNO s\u2019est assur\u00e9e que les besoins de celles-ci soient pris en compte dans toutes ses sph\u00e8res d\u2019activit\u00e9s. Ainsi, l\u2019U EMNO a pris l\u2019engagement de r\u00e9pondre aux besoins de la population francophone du Nord de l\u2019Ontario.<\/p>\n<p><a href=\"https:\/\/www.nosm.ca\/wp-content\/uploads\/2018\/06\/Environmental-Scan-Report_External_French_optimized-for-web.pdf\">Engagement communautaire francophone : Comprendre | orienter | agir<\/a><\/p>","protected":false},"excerpt":{"rendered":"<p>Ce rapport pr\u00e9sente une revue des consultations qu\u2019a men\u00e9es l\u2019Universit\u00e9 de l&rsquo;EMNO (U EMNO) aupr\u00e8s des communaut\u00e9s francophones qui se trouvent sur son territoire, soit tout le Nord de cette province. Il rend compte des commentaires et suggestions des communaut\u00e9s francophones \u00e0 l\u2019intention de l\u2019U EMNO dans le but de l\u2019aider \u00e0 mieux mener \u00e0 &hellip; <a href=\"https:\/\/www.nosm.ca\/fr\/our-community\/francophone-engagement\/community-consultation-2009\/\" class=\"more-link\">Continue reading <span class=\"screen-reader-text\">Consultation communautaire (2009)<\/span> <span class=\"meta-nav\">&rarr;<\/span><\/a><\/p>\n","protected":false},"author":15,"featured_media":0,"parent":7810,"menu_order":4,"comment_status":"closed","ping_status":"closed","template":"","meta":{"_acf_changed":false,"footnotes":""},"class_list":["post-14336","page","type-page","status-publish","hentry"],"acf":[],"_links":{"self":[{"href":"https:\/\/www.nosm.ca\/fr\/wp-json\/wp\/v2\/pages\/14336","targetHints":{"allow":["GET"]}}],"collection":[{"href":"https:\/\/www.nosm.ca\/fr\/wp-json\/wp\/v2\/pages"}],"about":[{"href":"https:\/\/www.nosm.ca\/fr\/wp-json\/wp\/v2\/types\/page"}],"author":[{"embeddable":true,"href":"https:\/\/www.nosm.ca\/fr\/wp-json\/wp\/v2\/users\/15"}],"replies":[{"embeddable":true,"href":"https:\/\/www.nosm.ca\/fr\/wp-json\/wp\/v2\/comments?post=14336"}],"version-history":[{"count":5,"href":"https:\/\/www.nosm.ca\/fr\/wp-json\/wp\/v2\/pages\/14336\/revisions"}],"predecessor-version":[{"id":54358,"href":"https:\/\/www.nosm.ca\/fr\/wp-json\/wp\/v2\/pages\/14336\/revisions\/54358"}],"up":[{"embeddable":true,"href":"https:\/\/www.nosm.ca\/fr\/wp-json\/wp\/v2\/pages\/7810"}],"wp:attachment":[{"href":"https:\/\/www.nosm.ca\/fr\/wp-json\/wp\/v2\/media?parent=14336"}],"curies":[{"name":"wp","href":"https:\/\/api.w.org\/{rel}","templated":true}]}}