{"id":14254,"date":"2018-06-14T13:49:36","date_gmt":"2018-06-14T17:49:36","guid":{"rendered":"https:\/\/wp.nosm.ca\/?page_id=14254"},"modified":"2024-10-15T09:33:02","modified_gmt":"2024-10-15T13:33:02","slug":"alumni-degree-frames","status":"publish","type":"page","link":"https:\/\/www.nosm.ca\/fr\/alumni\/alumni-degree-frames\/","title":{"rendered":"Cadres pour dipl\u00f4me"},"content":{"rendered":"<p><\/p>\n<h3>Apr\u00e8s des ann\u00e9es de dur travail, le temps est venu d\u2019afficher vos accomplissements dans un magnifique cadre de l&rsquo;EMNO.<\/h3>\n<p>&nbsp;<\/p>\n<p><img loading=\"lazy\" decoding=\"async\" class=\"alignleft wp-image-31114 size-medium\" src=\"https:\/\/www.nosm.ca\/wp-content\/uploads\/2020\/05\/Diplomat-Plus-300x253.png\" alt=\"Diplomat Plus Frame\" width=\"300\" height=\"253\" srcset=\"https:\/\/www.nosm.ca\/wp-content\/uploads\/2020\/05\/Diplomat-Plus-300x253.png 300w, https:\/\/www.nosm.ca\/wp-content\/uploads\/2020\/05\/Diplomat-Plus.png 356w\" sizes=\"auto, (max-width: 300px) 100vw, 300px\" \/><strong>Cadre Diplomat Plus<\/strong><\/p>\n<p>Le cadre Diplomat Plus comporte un passe-partout en su\u00e8de sur lequel l\u2019embl\u00e8me de l&rsquo;EMNO est joliment estampill\u00e9 en couleur or. De plus, un filet de bois dor\u00e9 a \u00e9t\u00e9 ajout\u00e9 \u00e0 l&rsquo;ouverture du passe-partout, ce qui met encore plus en valeur le dipl\u00f4me qu&rsquo;un passe-partout triple et donne au cadre un aspect tridimensionnel. Le Diplomat Plus est spectaculaire et haut de gamme.<\/p>\n<p>Prix\u00a0:<br \/>\nTaille du dipl\u00f4me &#8211; (12 \u00d7 15) : 189,95 $<br \/>\nTaille du certificat de l&rsquo;EMNO &#8211; (15 \u00d7 18) : 219,95 $<\/p>\n<p>Ajouter au panier<\/p>\n<hr \/>\n<p><img loading=\"lazy\" decoding=\"async\" class=\"alignleft wp-image-31115 size-medium\" src=\"https:\/\/www.nosm.ca\/wp-content\/uploads\/2020\/05\/Black-Briarwood-Frame-300x256.png\" alt=\"Black Briarwood Frame\" width=\"300\" height=\"256\" srcset=\"https:\/\/www.nosm.ca\/wp-content\/uploads\/2020\/05\/Black-Briarwood-Frame-300x256.png 300w, https:\/\/www.nosm.ca\/wp-content\/uploads\/2020\/05\/Black-Briarwood-Frame.png 354w\" sizes=\"auto, (max-width: 300px) 100vw, 300px\" \/><strong>Cadre Briarwood noir<\/strong><\/p>\n<p>Le cadre Briarwood noir est un cadre de style contemporain avec un profil large et plat et une finition satin\u00e9e. Disponible en finition noire satin\u00e9e classique ou en acajou satin\u00e9, il est dot\u00e9 d&rsquo;un double passe-partout sans acide avec l&#8217;embl\u00e8me de l&rsquo;EMNO joliment estampill\u00e9 en couleur or.<\/p>\n<p>Prix :<br \/>\nTaille du dipl\u00f4me &#8211; (12 \u00d7 15) : 139,95 $<\/p>\n<p>Taille du certificat de l\u2019EMNO &#8211; (15 \u00d7 18) : 159,95 $<\/p>\n<p>Ajouter au panier<\/p>\n<hr \/>\n<p><img loading=\"lazy\" decoding=\"async\" class=\"alignleft wp-image-31116 size-medium\" src=\"https:\/\/www.nosm.ca\/wp-content\/uploads\/2020\/05\/Mahogany-Briarwood-300x256.png\" alt=\"Mahogany Briarwood Frame \" width=\"300\" height=\"256\" srcset=\"https:\/\/www.nosm.ca\/wp-content\/uploads\/2020\/05\/Mahogany-Briarwood-300x256.png 300w, https:\/\/www.nosm.ca\/wp-content\/uploads\/2020\/05\/Mahogany-Briarwood.png 340w\" sizes=\"auto, (max-width: 300px) 100vw, 300px\" \/><strong>Cadre Briarwood acajou<\/strong><\/p>\n<p>Le cadre Briarwood acajou est un cadre de style contemporain avec un profil large et plat et une finition satin\u00e9e. Disponible en finition noire satin\u00e9e classique ou en acajou satin\u00e9, il est dot\u00e9 d&rsquo;un double passe-partout sans acide avec l&#8217;embl\u00e8me de l&rsquo;EMNO joliment estampill\u00e9 en couleur or.<\/p>\n<p>Prix :<br \/>\nTaille du dipl\u00f4me &#8211; (12 \u00d7 15) : 139,95 $<\/p>\n<p>Taille du certificat de l\u2019EMNO &#8211; (15 \u00d7 18) : 159,95 $<\/p>\n<p>Ajouter au panier<\/p>\n<hr \/>\n<p><img loading=\"lazy\" decoding=\"async\" class=\"alignleft wp-image-31117 size-medium\" src=\"https:\/\/www.nosm.ca\/wp-content\/uploads\/2020\/05\/Vogue-Diploma-Frame-300x251.png\" alt=\"Vogue Diploma Frame\" width=\"300\" height=\"251\" srcset=\"https:\/\/www.nosm.ca\/wp-content\/uploads\/2020\/05\/Vogue-Diploma-Frame-300x251.png 300w, https:\/\/www.nosm.ca\/wp-content\/uploads\/2020\/05\/Vogue-Diploma-Frame.png 306w\" sizes=\"auto, (max-width: 300px) 100vw, 300px\" \/><strong>Cadre pour dipl\u00f4me Vogue <\/strong><\/p>\n<p>Le cadre Vogue est en m\u00e9tal noir avec une large moulure de style contemporain et un passe-partout simple aux couleurs de l&rsquo;EMNO.<\/p>\n<p>Prix :<br \/>\nTaille du certificat de l\u2019EMNO &#8211; (15 \u00d7 18) : 89,95 $<br \/>\nAjouter au panier<\/p>\n<hr \/>\n<p>&nbsp;<\/p>\n<p>&nbsp;<\/p>\n<p>&nbsp;<\/p>\n<h3><strong>Terminez votre<\/strong> achat.<\/h3>\n<p>Si vous avez des questions, communiquez avec le Bureau des dipl\u00f4m\u00e9es et dipl\u00f4m\u00e9s, \u00e0\u00a0<a href=\"mailto:alumni@nosm.ca.\" target=\"_blank\" rel=\"noopener\">alumni@nosm.ca.<\/a><\/p>","protected":false},"excerpt":{"rendered":"<p>Apr\u00e8s des ann\u00e9es de dur travail, le temps est venu d\u2019afficher vos accomplissements dans un magnifique cadre de l&rsquo;EMNO. &nbsp; Cadre Diplomat Plus Le cadre Diplomat Plus comporte un passe-partout en su\u00e8de sur lequel l\u2019embl\u00e8me de l&rsquo;EMNO est joliment estampill\u00e9 en couleur or. De plus, un filet de bois dor\u00e9 a \u00e9t\u00e9 ajout\u00e9 \u00e0 l&rsquo;ouverture &hellip; <a href=\"https:\/\/www.nosm.ca\/fr\/alumni\/alumni-degree-frames\/\" class=\"more-link\">Continue reading <span class=\"screen-reader-text\">Cadres pour dipl\u00f4me<\/span> <span class=\"meta-nav\">&rarr;<\/span><\/a><\/p>\n","protected":false},"author":16,"featured_media":0,"parent":8448,"menu_order":7,"comment_status":"closed","ping_status":"closed","template":"","meta":{"_acf_changed":false,"footnotes":""},"class_list":["post-14254","page","type-page","status-publish","hentry"],"acf":[],"_links":{"self":[{"href":"https:\/\/www.nosm.ca\/fr\/wp-json\/wp\/v2\/pages\/14254","targetHints":{"allow":["GET"]}}],"collection":[{"href":"https:\/\/www.nosm.ca\/fr\/wp-json\/wp\/v2\/pages"}],"about":[{"href":"https:\/\/www.nosm.ca\/fr\/wp-json\/wp\/v2\/types\/page"}],"author":[{"embeddable":true,"href":"https:\/\/www.nosm.ca\/fr\/wp-json\/wp\/v2\/users\/16"}],"replies":[{"embeddable":true,"href":"https:\/\/www.nosm.ca\/fr\/wp-json\/wp\/v2\/comments?post=14254"}],"version-history":[{"count":36,"href":"https:\/\/www.nosm.ca\/fr\/wp-json\/wp\/v2\/pages\/14254\/revisions"}],"predecessor-version":[{"id":72201,"href":"https:\/\/www.nosm.ca\/fr\/wp-json\/wp\/v2\/pages\/14254\/revisions\/72201"}],"up":[{"embeddable":true,"href":"https:\/\/www.nosm.ca\/fr\/wp-json\/wp\/v2\/pages\/8448"}],"wp:attachment":[{"href":"https:\/\/www.nosm.ca\/fr\/wp-json\/wp\/v2\/media?parent=14254"}],"curies":[{"name":"wp","href":"https:\/\/api.w.org\/{rel}","templated":true}]}}