{"id":14234,"date":"2018-06-14T13:05:55","date_gmt":"2018-06-14T17:05:55","guid":{"rendered":"https:\/\/wp.nosm.ca\/?page_id=14234"},"modified":"2025-10-30T10:51:03","modified_gmt":"2025-10-30T14:51:03","slug":"territory-acknowledgement","status":"publish","type":"page","link":"https:\/\/www.nosm.ca\/fr\/our-community\/indigenous-medical-education\/territory-acknowledgement\/","title":{"rendered":"Reconnaissance du territoire"},"content":{"rendered":"<p>L\u2019\u00c9cole de m\u00e9decine du Nord de l\u2019Ontario d\u00e9sire souligner que son vaste campus couvre le territoire traditionnel des Premi\u00e8res Nations et des M\u00e9tis. Elle pr\u00e9cise \u00e9galement respectueusement que son \u00e9difice \u00e0 l\u2019Universit\u00e9 Laurentienne se trouve sur le territoire r\u00e9gi par le Trait\u00e9 Robinson-Huron, et que le lieu o\u00f9 nous nous r\u00e9unissons \u00e0 Sudbury est le territoire traditionnel des Atikameksheng Anishnaabeg et des M\u00e9tis. Quant \u00e0 l\u2019\u00e9difice de l\u2019\u00c9cole \u00e0 la Lakehead University, il se trouve sur le territoire r\u00e9gi par le Trait\u00e9 Robinson- Sup\u00e9rieur, et le lieu o\u00f9 nous nous r\u00e9unissons \u00e0 Thunder Bay est le territoire traditionnel des Anishnaabeg et des M\u00e9tis.<\/p>","protected":false},"excerpt":{"rendered":"<p>L\u2019\u00c9cole de m\u00e9decine du Nord de l\u2019Ontario d\u00e9sire souligner que son vaste campus couvre le territoire traditionnel des Premi\u00e8res Nations et des M\u00e9tis. Elle pr\u00e9cise \u00e9galement respectueusement que son \u00e9difice \u00e0 l\u2019Universit\u00e9 Laurentienne se trouve sur le territoire r\u00e9gi par le Trait\u00e9 Robinson-Huron, et que le lieu o\u00f9 nous nous r\u00e9unissons \u00e0 Sudbury est le &hellip; <a href=\"https:\/\/www.nosm.ca\/fr\/our-community\/indigenous-medical-education\/territory-acknowledgement\/\" class=\"more-link\">Continue reading <span class=\"screen-reader-text\">Reconnaissance du territoire<\/span> <span class=\"meta-nav\">&rarr;<\/span><\/a><\/p>\n","protected":false},"author":15,"featured_media":0,"parent":40663,"menu_order":10,"comment_status":"closed","ping_status":"closed","template":"","meta":{"_acf_changed":false,"footnotes":""},"class_list":["post-14234","page","type-page","status-publish","hentry"],"acf":[],"_links":{"self":[{"href":"https:\/\/www.nosm.ca\/fr\/wp-json\/wp\/v2\/pages\/14234","targetHints":{"allow":["GET"]}}],"collection":[{"href":"https:\/\/www.nosm.ca\/fr\/wp-json\/wp\/v2\/pages"}],"about":[{"href":"https:\/\/www.nosm.ca\/fr\/wp-json\/wp\/v2\/types\/page"}],"author":[{"embeddable":true,"href":"https:\/\/www.nosm.ca\/fr\/wp-json\/wp\/v2\/users\/15"}],"replies":[{"embeddable":true,"href":"https:\/\/www.nosm.ca\/fr\/wp-json\/wp\/v2\/comments?post=14234"}],"version-history":[{"count":14,"href":"https:\/\/www.nosm.ca\/fr\/wp-json\/wp\/v2\/pages\/14234\/revisions"}],"predecessor-version":[{"id":81350,"href":"https:\/\/www.nosm.ca\/fr\/wp-json\/wp\/v2\/pages\/14234\/revisions\/81350"}],"up":[{"embeddable":true,"href":"https:\/\/www.nosm.ca\/fr\/wp-json\/wp\/v2\/pages\/40663"}],"wp:attachment":[{"href":"https:\/\/www.nosm.ca\/fr\/wp-json\/wp\/v2\/media?parent=14234"}],"curies":[{"name":"wp","href":"https:\/\/api.w.org\/{rel}","templated":true}]}}