{"id":14037,"date":"2018-06-13T15:49:08","date_gmt":"2018-06-13T19:49:08","guid":{"rendered":"https:\/\/wp.nosm.ca\/?page_id=14037"},"modified":"2025-05-21T13:15:51","modified_gmt":"2025-05-21T17:15:51","slug":"donor-funded-nosm-awards-and-bursaries","status":"publish","type":"page","link":"https:\/\/www.nosm.ca\/fr\/education\/current-learners\/financial-assistance\/donor-funded-nosm-awards-and-bursaries\/","title":{"rendered":"Donor Funded Awards and Bursaries"},"content":{"rendered":"<p class=\"qtranxs-available-languages-message qtranxs-available-languages-message-fr\">D\u00e9sol\u00e9,  cette entr\u00e9e de donn\u00e9es est seulement disponible en <a href=\"https:\/\/www.nosm.ca\/en\/wp-json\/wp\/v2\/pages\/14037\" class=\"qtranxs-available-language-link qtranxs-available-language-link-en\" title=\"English\">English<\/a>.<\/p>","protected":false},"excerpt":{"rendered":"<p>D\u00e9sol\u00e9, cette entr\u00e9e de donn\u00e9es est seulement disponible en English.<\/p>\n","protected":false},"author":16,"featured_media":0,"parent":50794,"menu_order":1,"comment_status":"closed","ping_status":"closed","template":"","meta":{"_acf_changed":false,"footnotes":""},"class_list":["post-14037","page","type-page","status-publish","hentry"],"acf":[],"_links":{"self":[{"href":"https:\/\/www.nosm.ca\/fr\/wp-json\/wp\/v2\/pages\/14037","targetHints":{"allow":["GET"]}}],"collection":[{"href":"https:\/\/www.nosm.ca\/fr\/wp-json\/wp\/v2\/pages"}],"about":[{"href":"https:\/\/www.nosm.ca\/fr\/wp-json\/wp\/v2\/types\/page"}],"author":[{"embeddable":true,"href":"https:\/\/www.nosm.ca\/fr\/wp-json\/wp\/v2\/users\/16"}],"replies":[{"embeddable":true,"href":"https:\/\/www.nosm.ca\/fr\/wp-json\/wp\/v2\/comments?post=14037"}],"version-history":[{"count":83,"href":"https:\/\/www.nosm.ca\/fr\/wp-json\/wp\/v2\/pages\/14037\/revisions"}],"predecessor-version":[{"id":78160,"href":"https:\/\/www.nosm.ca\/fr\/wp-json\/wp\/v2\/pages\/14037\/revisions\/78160"}],"up":[{"embeddable":true,"href":"https:\/\/www.nosm.ca\/fr\/wp-json\/wp\/v2\/pages\/50794"}],"wp:attachment":[{"href":"https:\/\/www.nosm.ca\/fr\/wp-json\/wp\/v2\/media?parent=14037"}],"curies":[{"name":"wp","href":"https:\/\/api.w.org\/{rel}","templated":true}]}}