{"id":13272,"date":"2018-06-11T11:22:36","date_gmt":"2018-06-11T15:22:36","guid":{"rendered":"https:\/\/wp.nosm.ca\/?page_id=13272"},"modified":"2026-03-02T13:40:06","modified_gmt":"2026-03-02T18:40:06","slug":"contact-us","status":"publish","type":"page","link":"https:\/\/www.nosm.ca\/fr\/education\/current-learners\/contact-us\/","title":{"rendered":"Coordonn\u00e9es"},"content":{"rendered":"<p>Pour les demandes g\u00e9n\u00e9rales de renseignements, veuillez communiquer avec nous \u00e0 <a href=\"mailto:learneraffairs@nosm.ca\">learneraffairs@nosm.ca<\/a>.<\/p>\n<p>Dr. Jason Shack<br \/>\nDoyen associ\u00e9, Services de soutien aux \u00e9tudiantes et \u00e9tudiants<br \/>\nT\u00e9l. : 807-766-7465<br \/>\nCourriel : <a href=\"mailto:jshack@nosm.ca\">jshack@nosm.ca<\/a><\/p>\n<p>Sherry Mongeau<br \/>\nDirectrice par int\u00e9rim, Services de soutien aux \u00e9tudiantes et \u00e9tudiants<br \/>\nTel: 705-662-7257<br \/>\nFax: 705-662-6917<br \/>\nEmail:\u00a0<a href=\"mailto:smongeau@nosm.ca\">smongeau@nosm.ca<\/a><\/p>\n<p>Tracy Laird<br \/>\nAdjointe administrative, Services de soutien aux \u00e9tudiantes et \u00e9tudiants<br \/>\nT\u00e9l. : 807-766-7366<br \/>\nT\u00e9l\u00e9c. : 807-766-7368<br \/>\nCourriel : <a href=\"mailto:tracy.laird@nosm.ca\">tracy.laird@nosm.ca<\/a><\/p>\n<p>Laura Csontos<br \/>\nAgente principale des affaires \u00e9tudiantes, Services de soutien aux \u00e9tudiantes et \u00e9tudiants<br \/>\nTel: 705-662-7248<br \/>\nFax: 705-662-6917<br \/>\nCourriel :\u00a0 <a href=\"mailto:laura.csontos@nosm.ca\">laura.csontos@nosm.ca<\/a><\/p>\n<p>Nicholas Alderton<br \/>\nAgent principal des affaires \u00e9tudiantes, Services de soutien aux \u00e9tudiantes et \u00e9tudiants<br \/>\nT\u00e9l. : 807-766-7315<br \/>\nT\u00e9l\u00e9c. : 807-766-7368<br \/>\nCourriel :\u00a0<a href=\"mailto:nalderton@nosm.ca\">nalderton@nosm.ca<\/a><\/p>\n<p>Terry Oja<br \/>\nAgent de l\u2019aide financi\u00e8re de l\u2019EMNO, Services de soutien aux \u00e9tudiantes et \u00e9tudiants<br \/>\nT\u00e9l. : 807-766-7474<br \/>\nT\u00e9l\u00e9c. : 807-766-7368<br \/>\nCourriel :\u00a0<a href=\"mailto:toja@nosm.ca\">toja@nosm.ca<\/a><\/p>\n<p>&nbsp;<\/p>","protected":false},"excerpt":{"rendered":"<p>Pour les demandes g\u00e9n\u00e9rales de renseignements, veuillez communiquer avec nous \u00e0 learneraffairs@nosm.ca. Dr. Jason Shack Doyen associ\u00e9, Services de soutien aux \u00e9tudiantes et \u00e9tudiants T\u00e9l. : 807-766-7465 Courriel : jshack@nosm.ca Sherry Mongeau Directrice par int\u00e9rim, Services de soutien aux \u00e9tudiantes et \u00e9tudiants Tel: 705-662-7257 Fax: 705-662-6917 Email:\u00a0smongeau@nosm.ca Tracy Laird Adjointe administrative, Services de soutien aux &hellip; <a href=\"https:\/\/www.nosm.ca\/fr\/education\/current-learners\/contact-us\/\" class=\"more-link\">Continue reading <span class=\"screen-reader-text\">Coordonn\u00e9es<\/span> <span class=\"meta-nav\">&rarr;<\/span><\/a><\/p>\n","protected":false},"author":16,"featured_media":0,"parent":53107,"menu_order":29,"comment_status":"closed","ping_status":"closed","template":"","meta":{"_acf_changed":false,"footnotes":""},"class_list":["post-13272","page","type-page","status-publish","hentry"],"acf":[],"_links":{"self":[{"href":"https:\/\/www.nosm.ca\/fr\/wp-json\/wp\/v2\/pages\/13272","targetHints":{"allow":["GET"]}}],"collection":[{"href":"https:\/\/www.nosm.ca\/fr\/wp-json\/wp\/v2\/pages"}],"about":[{"href":"https:\/\/www.nosm.ca\/fr\/wp-json\/wp\/v2\/types\/page"}],"author":[{"embeddable":true,"href":"https:\/\/www.nosm.ca\/fr\/wp-json\/wp\/v2\/users\/16"}],"replies":[{"embeddable":true,"href":"https:\/\/www.nosm.ca\/fr\/wp-json\/wp\/v2\/comments?post=13272"}],"version-history":[{"count":65,"href":"https:\/\/www.nosm.ca\/fr\/wp-json\/wp\/v2\/pages\/13272\/revisions"}],"predecessor-version":[{"id":83114,"href":"https:\/\/www.nosm.ca\/fr\/wp-json\/wp\/v2\/pages\/13272\/revisions\/83114"}],"up":[{"embeddable":true,"href":"https:\/\/www.nosm.ca\/fr\/wp-json\/wp\/v2\/pages\/53107"}],"wp:attachment":[{"href":"https:\/\/www.nosm.ca\/fr\/wp-json\/wp\/v2\/media?parent=13272"}],"curies":[{"name":"wp","href":"https:\/\/api.w.org\/{rel}","templated":true}]}}