{"id":1263,"date":"2016-02-09T13:43:14","date_gmt":"2016-02-09T18:43:14","guid":{"rendered":"http:\/\/10.1.1.93\/wordpress\/?page_id=1263"},"modified":"2023-07-17T10:11:30","modified_gmt":"2023-07-17T14:11:30","slug":"work-at-nosm","status":"publish","type":"page","link":"https:\/\/www.nosm.ca\/fr\/about\/administrative-offices\/human-resources\/work-at-nosm\/","title":{"rendered":"Travailler \u00e0 l&rsquo;EMNO"},"content":{"rendered":"<p>Depuis son ouverture officielle en 2005, l&rsquo;\u00c9cole de m\u00e9decine du Nord de l&rsquo;Ontario (EMNO) a \u00e9labor\u00e9 et applique un mod\u00e8le distinctif de formation en m\u00e9decine et de recherche r\u00e9gionalis\u00e9es et socialement responsables faisant appel aux communaut\u00e9s. L\u2019EMNO est la facult\u00e9 de m\u00e9decine de la Lakehead University \u00e0 Thunder Bay et de l\u2019Universit\u00e9 Laurentienne \u00e0 Sudbury et poss\u00e8de des sites d\u2019enseignement et de recherche r\u00e9partis dans tout le Nord de l&rsquo;Ontario. L\u2019ensemble du territoire du Nord de l&rsquo;Ontario constitue son campus.<\/p>\n<p>L\u2019EMNO est une solution con\u00e7ue dans le Nord dont le mod\u00e8le novateur attire l\u2019attention du monde entier. En seulement quelques ann\u00e9es, l&rsquo;EMNO est devenue un chef de file mondial de la formation et de la recherche m\u00e9dicales faisant appel aux communaut\u00e9s tout en demeurant fid\u00e8le \u00e0 sa responsabilit\u00e9 sociale qui est de contribuer \u00e0 am\u00e9liorer la sant\u00e9 des gens et des communaut\u00e9s du Nord de l&rsquo;Ontario.<\/p>\n<p>Nous sommes fiers de nos r\u00e9alisations et continuons de nous concentrer sur l\u2019avancement de nos mandats d&rsquo;enseignement et de recherche. Nous tenons \u00e0 demeurer un organisme socialement responsable, et toute l\u2019\u00c9cole travaille avec ses communaut\u00e9s, ses partenaires et d\u2019autres collaborateurs pour r\u00e9pondre aux besoins de la r\u00e9gion en mati\u00e8re de sant\u00e9. Ensemble, nous travaillons pour atteindre notre but strat\u00e9gique et nous effor\u00e7ons de concr\u00e9tiser notre vision de la formation et de la recherche novatrices pour l\u2019am\u00e9lioration de la sant\u00e9 dans le Nord.<\/p>\n<hr \/>\n<p>&nbsp;<\/p>\n<h2><strong>Carri\u00e8res<\/strong><\/h2>\n<p>D\u00e9couvrez nos possibilit\u00e9s <a href=\"https:\/\/www.nosm.ca\/about\/administrative-offices\/human-resources\/work-at-nosm\/staff-opportunities\/\"><strong>d\u2019emploi de personnel<\/strong><\/a>\u00a0et\u00a0<a href=\"https:\/\/www.nosm.ca\/about\/administrative-offices\/human-resources\/work-at-nosm\/academic-opportunities\/\"><strong>d\u2019emploi dans le domaine de l\u2019enseignement<\/strong><\/a>.\u00a0 Avant de poser votre candidature, consultez notre page\u00a0<a href=\"https:\/\/www.nosm.ca\/about\/administrative-offices\/human-resources\/work-at-nosm\/how-to-apply\/\"><strong>Comment pr\u00e9senter une candidature<\/strong><\/a>\u00a0qui contient de pr\u00e9cieux renseignements.<\/p>\n<p>L&rsquo;\u00c9cole de m\u00e9decine du Nord de l&rsquo;Ontario offre des adaptations aux personnes handicap\u00e9es tout au long du processus de recrutement. Si vous avez besoin d\u2019adaptations, ou d\u00e9sirez obtenir une version accessible de ce texte, \u00e9crivez aux Ressources humaines \u00e0 <a href=\"mailto:hr@nosm.ca\"><strong>hr@nosm.ca<\/strong><\/a>.<\/p>\n<p>L\u2019EMNO encourage toutes les personnes qualifi\u00e9es \u00e0 poser leur candidature. Elle souscrit au principe de l\u2019\u00e9galit\u00e9 dans l&#8217;emploi et accepte les candidatures de toutes les personnes qualifi\u00e9es, y compris les femmes, les membres des peuples autochtones, les membres des minorit\u00e9s visibles, les personnes handicap\u00e9es et les personnes de toute orientation ou identit\u00e9 sexuelle.<\/p>\n<p>Nous remercions toutes les personnes int\u00e9ress\u00e9es et traiterons toutes les r\u00e9ponses dans la plus stricte confidentialit\u00e9. Nous communiquerons uniquement avec les personnes qui seront convoqu\u00e9es \u00e0 une entrevue.<\/p>\n<p>&nbsp;<\/p>","protected":false},"excerpt":{"rendered":"<p>Depuis son ouverture officielle en 2005, l&rsquo;\u00c9cole de m\u00e9decine du Nord de l&rsquo;Ontario (EMNO) a \u00e9labor\u00e9 et applique un mod\u00e8le distinctif de formation en m\u00e9decine et de recherche r\u00e9gionalis\u00e9es et socialement responsables faisant appel aux communaut\u00e9s. L\u2019EMNO est la facult\u00e9 de m\u00e9decine de la Lakehead University \u00e0 Thunder Bay et de l\u2019Universit\u00e9 Laurentienne \u00e0 Sudbury &hellip; <a href=\"https:\/\/www.nosm.ca\/fr\/about\/administrative-offices\/human-resources\/work-at-nosm\/\" class=\"more-link\">Continue reading <span class=\"screen-reader-text\">Travailler \u00e0 l&rsquo;EMNO<\/span> <span class=\"meta-nav\">&rarr;<\/span><\/a><\/p>\n","protected":false},"author":16,"featured_media":0,"parent":1257,"menu_order":2,"comment_status":"closed","ping_status":"closed","template":"","meta":{"_acf_changed":false,"footnotes":""},"class_list":["post-1263","page","type-page","status-publish","hentry"],"acf":[],"_links":{"self":[{"href":"https:\/\/www.nosm.ca\/fr\/wp-json\/wp\/v2\/pages\/1263","targetHints":{"allow":["GET"]}}],"collection":[{"href":"https:\/\/www.nosm.ca\/fr\/wp-json\/wp\/v2\/pages"}],"about":[{"href":"https:\/\/www.nosm.ca\/fr\/wp-json\/wp\/v2\/types\/page"}],"author":[{"embeddable":true,"href":"https:\/\/www.nosm.ca\/fr\/wp-json\/wp\/v2\/users\/16"}],"replies":[{"embeddable":true,"href":"https:\/\/www.nosm.ca\/fr\/wp-json\/wp\/v2\/comments?post=1263"}],"version-history":[{"count":38,"href":"https:\/\/www.nosm.ca\/fr\/wp-json\/wp\/v2\/pages\/1263\/revisions"}],"predecessor-version":[{"id":62139,"href":"https:\/\/www.nosm.ca\/fr\/wp-json\/wp\/v2\/pages\/1263\/revisions\/62139"}],"up":[{"embeddable":true,"href":"https:\/\/www.nosm.ca\/fr\/wp-json\/wp\/v2\/pages\/1257"}],"wp:attachment":[{"href":"https:\/\/www.nosm.ca\/fr\/wp-json\/wp\/v2\/media?parent=1263"}],"curies":[{"name":"wp","href":"https:\/\/api.w.org\/{rel}","templated":true}]}}