{"id":1259,"date":"2016-02-09T13:38:27","date_gmt":"2016-02-09T18:38:27","guid":{"rendered":"http:\/\/10.1.1.93\/wordpress\/?page_id=1259"},"modified":"2022-04-13T10:59:55","modified_gmt":"2022-04-13T14:59:55","slug":"how-to-apply","status":"publish","type":"page","link":"https:\/\/www.nosm.ca\/fr\/about\/administrative-offices\/human-resources\/work-at-nosm\/how-to-apply\/","title":{"rendered":"Comment pr\u00e9senter une candidature"},"content":{"rendered":"<p>L\u2019EMNO encourage toutes les personnes qualifi\u00e9es \u00e0 poser leur candidature. Elle souscrit au principe de l\u2019\u00e9galit\u00e9 dans l&#8217;emploi et accepte les candidatures de toutes les personnes qualifi\u00e9es, y compris les femmes, les membres des peuples autochtones, les membres des minorit\u00e9s visibles, les personnes handicap\u00e9es et les personnes de toute orientation ou identit\u00e9 sexuelle.<\/p>\n<p>Veuillez suivre le processus de pr\u00e9sentation d\u2019une candidature indiqu\u00e9 ci-dessous.<\/p>\n<hr \/>\n<h3><strong>Comment pr\u00e9senter une candidature en ligne <\/strong><strong>:<\/strong><\/h3>\n<ol>\n<li>V\u00e9rifiez que votre lettre de couverture et\/ou votre curriculum vitae comportent le num\u00e9ro appropri\u00e9 de concours et le titre du poste auquel vous postulez.<\/li>\n<li>Combinez votre lettre de couverture et votre curriculum vitae dans un seul fichier.<\/li>\n<li>Assurez-vous que votre fichier est compatible avec Microsoft Word 2003 ou Adobe Acrobat (PDF) (format pr\u00e9f\u00e9r\u00e9). Utilisez des polices standard comme Times New Roman ou Arial afin que votre curriculum vitae conserve sa mise en page originale.<\/li>\n<li>Cliquez sur le bouton \u00ab\u00a0Posez votre candidature en ligne\u00a0\u00bb du poste que vous visez.<\/li>\n<li>Vous recevrez un message indiquant que votre candidature a bien \u00e9t\u00e9 envoy\u00e9e. Merci d\u2019envisager de travailler pour l&rsquo;EMNO.<\/li>\n<\/ol>\n<hr \/>\n<p>Si le processus d\u00e9crit ci-dessus vous pose des probl\u00e8mes, \u00e9crivez-nous \u00e0 <a href=\"mailto:hr@nosm.ca\"><strong>hr@nosm.ca.<\/strong><\/a><\/p>\n<h4>Nous remercions toutes les personnes int\u00e9ress\u00e9es et traiterons toutes les r\u00e9ponses dans la plus stricte confidentialit\u00e9. Nous suivrons notre processus standard de communication par courrier \u00e9lectronique pour inviter les personnes retenues \u00e0 une entrevue. Si aucune adresse \u00e9lectronique n\u2019est fournie, nous communiquerons par t\u00e9l\u00e9phone avec les personnes retenues.<\/h4>\n<p>&nbsp;<\/p>","protected":false},"excerpt":{"rendered":"<p>L\u2019EMNO encourage toutes les personnes qualifi\u00e9es \u00e0 poser leur candidature. Elle souscrit au principe de l\u2019\u00e9galit\u00e9 dans l&#8217;emploi et accepte les candidatures de toutes les personnes qualifi\u00e9es, y compris les femmes, les membres des peuples autochtones, les membres des minorit\u00e9s visibles, les personnes handicap\u00e9es et les personnes de toute orientation ou identit\u00e9 sexuelle. Veuillez suivre &hellip; <a href=\"https:\/\/www.nosm.ca\/fr\/about\/administrative-offices\/human-resources\/work-at-nosm\/how-to-apply\/\" class=\"more-link\">Continue reading <span class=\"screen-reader-text\">Comment pr\u00e9senter une candidature<\/span> <span class=\"meta-nav\">&rarr;<\/span><\/a><\/p>\n","protected":false},"author":16,"featured_media":0,"parent":1263,"menu_order":1,"comment_status":"closed","ping_status":"closed","template":"","meta":{"_acf_changed":false,"footnotes":""},"class_list":["post-1259","page","type-page","status-publish","hentry"],"acf":[],"_links":{"self":[{"href":"https:\/\/www.nosm.ca\/fr\/wp-json\/wp\/v2\/pages\/1259","targetHints":{"allow":["GET"]}}],"collection":[{"href":"https:\/\/www.nosm.ca\/fr\/wp-json\/wp\/v2\/pages"}],"about":[{"href":"https:\/\/www.nosm.ca\/fr\/wp-json\/wp\/v2\/types\/page"}],"author":[{"embeddable":true,"href":"https:\/\/www.nosm.ca\/fr\/wp-json\/wp\/v2\/users\/16"}],"replies":[{"embeddable":true,"href":"https:\/\/www.nosm.ca\/fr\/wp-json\/wp\/v2\/comments?post=1259"}],"version-history":[{"count":12,"href":"https:\/\/www.nosm.ca\/fr\/wp-json\/wp\/v2\/pages\/1259\/revisions"}],"predecessor-version":[{"id":50377,"href":"https:\/\/www.nosm.ca\/fr\/wp-json\/wp\/v2\/pages\/1259\/revisions\/50377"}],"up":[{"embeddable":true,"href":"https:\/\/www.nosm.ca\/fr\/wp-json\/wp\/v2\/pages\/1263"}],"wp:attachment":[{"href":"https:\/\/www.nosm.ca\/fr\/wp-json\/wp\/v2\/media?parent=1259"}],"curies":[{"name":"wp","href":"https:\/\/api.w.org\/{rel}","templated":true}]}}