{"id":1257,"date":"2016-02-09T13:36:15","date_gmt":"2016-02-09T18:36:15","guid":{"rendered":"http:\/\/10.1.1.93\/wordpress\/?page_id=1257"},"modified":"2024-10-15T13:05:52","modified_gmt":"2024-10-15T17:05:52","slug":"human-resources","status":"publish","type":"page","link":"https:\/\/www.nosm.ca\/fr\/about\/administrative-offices\/human-resources\/","title":{"rendered":"Ressources humaines"},"content":{"rendered":"<p>Les programmes et services de l\u2019Unit\u00e9 des ressources humaines incluent le cycle complet du recrutement, l\u2019administration des avantages sociaux et des retraites (y compris les demandes \u00e0 la CSPAAT), les relations de travail, la conception et l\u2019administration de la r\u00e9mun\u00e9ration, la paie, la gestion des dossiers des employ\u00e9s ainsi que le d\u00e9veloppement organisationnel.<\/p>\n<p>Le r\u00f4le strat\u00e9gique de l\u2019Unit\u00e9 est de promouvoir l\u2019excellence du personnel en assurant le leadership et en \u00e9laborant des politiques, en offrant des services de consultation, en \u00e9tablissant des partenariats et en administrant des programmes et services visant \u00e0 attirer, motiver et retenir des personnes qualifi\u00e9es. L\u2019Unit\u00e9 rel\u00e8ve du chef des op\u00e9rations.<\/p>\n<p>Vous pouvez nous \u00e9crire \u00e0\u00a0<a href=\"mailto:hr@nosm.ca\"><strong>hr@nosm.ca<\/strong><\/a>\u00a0ou venir nous voir personnellement. Quelle que soit votre question, nous sommes pr\u00eats \u00e0 vous aider.<\/p>\n<hr \/>\n<h3>Pour nous joindre<\/h3>\n<p><strong>Courriel<\/strong><br \/>\nhr@nosm.ca<br \/>\npayroll@nosm.ca<\/p>\n<p><strong>T\u00e9l\u00e9phone<\/strong><br \/>\n807-766-7425<\/p>\n<p><strong>Fax<\/strong><br \/>\n705-671-3880<\/p>\n<p><a href=\"https:\/\/www.nosm.ca\/about\/administrative-offices\/human-resources\/contact-hr\/\"><strong>R\u00e9pertoire du personnel des RH<\/strong><\/a><\/p>","protected":false},"excerpt":{"rendered":"<p>Les programmes et services de l\u2019Unit\u00e9 des ressources humaines incluent le cycle complet du recrutement, l\u2019administration des avantages sociaux et des retraites (y compris les demandes \u00e0 la CSPAAT), les relations de travail, la conception et l\u2019administration de la r\u00e9mun\u00e9ration, la paie, la gestion des dossiers des employ\u00e9s ainsi que le d\u00e9veloppement organisationnel. Le r\u00f4le &hellip; <a href=\"https:\/\/www.nosm.ca\/fr\/about\/administrative-offices\/human-resources\/\" class=\"more-link\">Continue reading <span class=\"screen-reader-text\">Ressources humaines<\/span> <span class=\"meta-nav\">&rarr;<\/span><\/a><\/p>\n","protected":false},"author":16,"featured_media":0,"parent":4431,"menu_order":10,"comment_status":"closed","ping_status":"closed","template":"","meta":{"_acf_changed":false,"footnotes":""},"class_list":["post-1257","page","type-page","status-publish","hentry"],"acf":[],"_links":{"self":[{"href":"https:\/\/www.nosm.ca\/fr\/wp-json\/wp\/v2\/pages\/1257","targetHints":{"allow":["GET"]}}],"collection":[{"href":"https:\/\/www.nosm.ca\/fr\/wp-json\/wp\/v2\/pages"}],"about":[{"href":"https:\/\/www.nosm.ca\/fr\/wp-json\/wp\/v2\/types\/page"}],"author":[{"embeddable":true,"href":"https:\/\/www.nosm.ca\/fr\/wp-json\/wp\/v2\/users\/16"}],"replies":[{"embeddable":true,"href":"https:\/\/www.nosm.ca\/fr\/wp-json\/wp\/v2\/comments?post=1257"}],"version-history":[{"count":32,"href":"https:\/\/www.nosm.ca\/fr\/wp-json\/wp\/v2\/pages\/1257\/revisions"}],"predecessor-version":[{"id":72226,"href":"https:\/\/www.nosm.ca\/fr\/wp-json\/wp\/v2\/pages\/1257\/revisions\/72226"}],"up":[{"embeddable":true,"href":"https:\/\/www.nosm.ca\/fr\/wp-json\/wp\/v2\/pages\/4431"}],"wp:attachment":[{"href":"https:\/\/www.nosm.ca\/fr\/wp-json\/wp\/v2\/media?parent=1257"}],"curies":[{"name":"wp","href":"https:\/\/api.w.org\/{rel}","templated":true}]}}