{"id":12066,"date":"2018-05-28T14:34:24","date_gmt":"2018-05-28T18:34:24","guid":{"rendered":"https:\/\/wp.nosm.ca\/?page_id=12066"},"modified":"2025-07-18T10:44:21","modified_gmt":"2025-07-18T14:44:21","slug":"reporting-an-injury","status":"publish","type":"page","link":"https:\/\/www.nosm.ca\/fr\/pgme-office\/reporting-an-injury\/","title":{"rendered":"Reporting an Injury"},"content":{"rendered":"<p class=\"qtranxs-available-languages-message qtranxs-available-languages-message-fr\">D\u00e9sol\u00e9,  cette entr\u00e9e de donn\u00e9es est seulement disponible en <a href=\"https:\/\/www.nosm.ca\/en\/wp-json\/wp\/v2\/pages\/12066\" class=\"qtranxs-available-language-link qtranxs-available-language-link-en\" title=\"English\">English<\/a>.<\/p>","protected":false},"excerpt":{"rendered":"<p>D\u00e9sol\u00e9, cette entr\u00e9e de donn\u00e9es est seulement disponible en English.<\/p>\n","protected":false},"author":16,"featured_media":0,"parent":11053,"menu_order":5,"comment_status":"closed","ping_status":"closed","template":"","meta":{"_acf_changed":false,"footnotes":""},"class_list":["post-12066","page","type-page","status-publish","hentry"],"acf":[],"_links":{"self":[{"href":"https:\/\/www.nosm.ca\/fr\/wp-json\/wp\/v2\/pages\/12066","targetHints":{"allow":["GET"]}}],"collection":[{"href":"https:\/\/www.nosm.ca\/fr\/wp-json\/wp\/v2\/pages"}],"about":[{"href":"https:\/\/www.nosm.ca\/fr\/wp-json\/wp\/v2\/types\/page"}],"author":[{"embeddable":true,"href":"https:\/\/www.nosm.ca\/fr\/wp-json\/wp\/v2\/users\/16"}],"replies":[{"embeddable":true,"href":"https:\/\/www.nosm.ca\/fr\/wp-json\/wp\/v2\/comments?post=12066"}],"version-history":[{"count":8,"href":"https:\/\/www.nosm.ca\/fr\/wp-json\/wp\/v2\/pages\/12066\/revisions"}],"predecessor-version":[{"id":73857,"href":"https:\/\/www.nosm.ca\/fr\/wp-json\/wp\/v2\/pages\/12066\/revisions\/73857"}],"up":[{"embeddable":true,"href":"https:\/\/www.nosm.ca\/fr\/wp-json\/wp\/v2\/pages\/11053"}],"wp:attachment":[{"href":"https:\/\/www.nosm.ca\/fr\/wp-json\/wp\/v2\/media?parent=12066"}],"curies":[{"name":"wp","href":"https:\/\/api.w.org\/{rel}","templated":true}]}}