{"id":12064,"date":"2018-05-28T10:16:27","date_gmt":"2018-05-28T14:16:27","guid":{"rendered":"https:\/\/wp.nosm.ca\/?page_id=12064"},"modified":"2024-12-09T13:59:40","modified_gmt":"2024-12-09T18:59:40","slug":"alumni-stories","status":"publish","type":"page","link":"https:\/\/www.nosm.ca\/fr\/alumni\/alumni-stories\/","title":{"rendered":"R\u00e9cits"},"content":{"rendered":"<p><\/p>\n<h2>La responsabilit\u00e9 sociale dans l\u2019exercice quotidien<\/h2>\n<p><img loading=\"lazy\" decoding=\"async\" class=\"alignnone size-medium wp-image-37481 alignleft\" src=\"https:\/\/www.nosm.ca\/wp-content\/uploads\/2021\/01\/Dr.-Ella-Goodman-and-family-pic-225x300.jpg\" alt=\"\" width=\"225\" height=\"300\" srcset=\"https:\/\/www.nosm.ca\/wp-content\/uploads\/2021\/01\/Dr.-Ella-Goodman-and-family-pic-225x300.jpg 225w, https:\/\/www.nosm.ca\/wp-content\/uploads\/2021\/01\/Dr.-Ella-Goodman-and-family-pic.jpg 269w\" sizes=\"auto, (max-width: 225px) 100vw, 225px\" \/><\/p>\n<p>La D<sup>re<\/sup>\u00a0Ella Goodman, membre de la toute premi\u00e8re classe et dipl\u00f4m\u00e9e en 2011 de l\u2019\u00c9cole de m\u00e9decine du Nord de l\u2019Ontario (EMNO) int\u00e8gre constamment la responsabilit\u00e9 sociale dans l\u2019exercice de sa profession.<\/p>\n<p>Depuis neuf ans, elle prend soin de populations tr\u00e8s vuln\u00e9rables au Norwest Community Health Centre au sud-est de Thunder Bay.<\/p>\n<p><a href=\"https:\/\/www.nosm.ca\/fr\/2021\/01\/12\/putting-social-accountability-into-everyday-practice\/\" target=\"_blank\" rel=\"noopener\">Pour en savoir davantage.<\/a><\/p>\n<p>&nbsp;<\/p>\n<p>Nous aimerions avoir de vos nouvelles.\u00a0<a href=\"https:\/\/goo.gl\/forms\/RI5RCkjj5YgJuB4w1\" target=\"_blank\" rel=\"noopener\"><strong>Racontez-nous votre histoire<\/strong><\/a>!<\/p>\n<hr \/>\n<h3 style=\"text-align: center\">Lisez les <a href=\"https:\/\/www.nosm.ca\/fr\/category\/gallery\/alumni-stories\/page\/1\/\" target=\"_blank\" rel=\"noopener\">r\u00e9cits de dipl\u00f4m\u00e9es et dipl\u00f4m\u00e9s<\/a>.<\/h3>\n<p><\/p>","protected":false},"excerpt":{"rendered":"<p>La responsabilit\u00e9 sociale dans l\u2019exercice quotidien La Dre\u00a0Ella Goodman, membre de la toute premi\u00e8re classe et dipl\u00f4m\u00e9e en 2011 de l\u2019\u00c9cole de m\u00e9decine du Nord de l\u2019Ontario (EMNO) int\u00e8gre constamment la responsabilit\u00e9 sociale dans l\u2019exercice de sa profession. Depuis neuf ans, elle prend soin de populations tr\u00e8s vuln\u00e9rables au Norwest Community Health Centre au sud-est &hellip; <a href=\"https:\/\/www.nosm.ca\/fr\/alumni\/alumni-stories\/\" class=\"more-link\">Continue reading <span class=\"screen-reader-text\">R\u00e9cits<\/span> <span class=\"meta-nav\">&rarr;<\/span><\/a><\/p>\n","protected":false},"author":16,"featured_media":0,"parent":8448,"menu_order":1,"comment_status":"closed","ping_status":"closed","template":"page-templates\/quick-links-2.php","meta":{"_acf_changed":false,"footnotes":""},"class_list":["post-12064","page","type-page","status-publish","hentry"],"acf":[],"_links":{"self":[{"href":"https:\/\/www.nosm.ca\/fr\/wp-json\/wp\/v2\/pages\/12064","targetHints":{"allow":["GET"]}}],"collection":[{"href":"https:\/\/www.nosm.ca\/fr\/wp-json\/wp\/v2\/pages"}],"about":[{"href":"https:\/\/www.nosm.ca\/fr\/wp-json\/wp\/v2\/types\/page"}],"author":[{"embeddable":true,"href":"https:\/\/www.nosm.ca\/fr\/wp-json\/wp\/v2\/users\/16"}],"replies":[{"embeddable":true,"href":"https:\/\/www.nosm.ca\/fr\/wp-json\/wp\/v2\/comments?post=12064"}],"version-history":[{"count":78,"href":"https:\/\/www.nosm.ca\/fr\/wp-json\/wp\/v2\/pages\/12064\/revisions"}],"predecessor-version":[{"id":73503,"href":"https:\/\/www.nosm.ca\/fr\/wp-json\/wp\/v2\/pages\/12064\/revisions\/73503"}],"up":[{"embeddable":true,"href":"https:\/\/www.nosm.ca\/fr\/wp-json\/wp\/v2\/pages\/8448"}],"wp:attachment":[{"href":"https:\/\/www.nosm.ca\/fr\/wp-json\/wp\/v2\/media?parent=12064"}],"curies":[{"name":"wp","href":"https:\/\/api.w.org\/{rel}","templated":true}]}}