{"id":12042,"date":"2018-05-28T09:17:33","date_gmt":"2018-05-28T13:17:33","guid":{"rendered":"https:\/\/wp.nosm.ca\/?page_id=12042"},"modified":"2026-03-13T10:19:23","modified_gmt":"2026-03-13T14:19:23","slug":"registration-basics","status":"publish","type":"page","link":"https:\/\/www.nosm.ca\/fr\/pgme-office\/current-residents\/new-residents\/registration-basics\/","title":{"rendered":"Registration Basics"},"content":{"rendered":"<p class=\"qtranxs-available-languages-message qtranxs-available-languages-message-fr\">D\u00e9sol\u00e9,  cette entr\u00e9e de donn\u00e9es est seulement disponible en <a href=\"https:\/\/www.nosm.ca\/en\/wp-json\/wp\/v2\/pages\/12042\" class=\"qtranxs-available-language-link qtranxs-available-language-link-en\" title=\"English\">English<\/a>.<\/p>","protected":false},"excerpt":{"rendered":"<p>D\u00e9sol\u00e9, cette entr\u00e9e de donn\u00e9es est seulement disponible en English.<\/p>\n","protected":false},"author":16,"featured_media":0,"parent":30196,"menu_order":1,"comment_status":"closed","ping_status":"closed","template":"","meta":{"_acf_changed":false,"footnotes":""},"class_list":["post-12042","page","type-page","status-publish","hentry"],"acf":[],"_links":{"self":[{"href":"https:\/\/www.nosm.ca\/fr\/wp-json\/wp\/v2\/pages\/12042","targetHints":{"allow":["GET"]}}],"collection":[{"href":"https:\/\/www.nosm.ca\/fr\/wp-json\/wp\/v2\/pages"}],"about":[{"href":"https:\/\/www.nosm.ca\/fr\/wp-json\/wp\/v2\/types\/page"}],"author":[{"embeddable":true,"href":"https:\/\/www.nosm.ca\/fr\/wp-json\/wp\/v2\/users\/16"}],"replies":[{"embeddable":true,"href":"https:\/\/www.nosm.ca\/fr\/wp-json\/wp\/v2\/comments?post=12042"}],"version-history":[{"count":64,"href":"https:\/\/www.nosm.ca\/fr\/wp-json\/wp\/v2\/pages\/12042\/revisions"}],"predecessor-version":[{"id":83318,"href":"https:\/\/www.nosm.ca\/fr\/wp-json\/wp\/v2\/pages\/12042\/revisions\/83318"}],"up":[{"embeddable":true,"href":"https:\/\/www.nosm.ca\/fr\/wp-json\/wp\/v2\/pages\/30196"}],"wp:attachment":[{"href":"https:\/\/www.nosm.ca\/fr\/wp-json\/wp\/v2\/media?parent=12042"}],"curies":[{"name":"wp","href":"https:\/\/api.w.org\/{rel}","templated":true}]}}