{"id":11965,"date":"2018-05-25T10:10:58","date_gmt":"2018-05-25T14:10:58","guid":{"rendered":"https:\/\/wp.nosm.ca\/?page_id=11965"},"modified":"2026-01-12T10:52:30","modified_gmt":"2026-01-12T15:52:30","slug":"bring-a-doctor-home","status":"publish","type":"page","link":"https:\/\/www.nosm.ca\/fr\/how-to-donate\/fundraising-for-nosm-university\/bring-a-doctor-home\/","title":{"rendered":"Bring a Doctor Home"},"content":{"rendered":"<p class=\"qtranxs-available-languages-message qtranxs-available-languages-message-fr\">D\u00e9sol\u00e9,  cette entr\u00e9e de donn\u00e9es est seulement disponible en <a href=\"https:\/\/www.nosm.ca\/en\/wp-json\/wp\/v2\/pages\/11965\" class=\"qtranxs-available-language-link qtranxs-available-language-link-en\" title=\"English\">English<\/a>.<\/p>","protected":false},"excerpt":{"rendered":"<p>D\u00e9sol\u00e9, cette entr\u00e9e de donn\u00e9es est seulement disponible en English.<\/p>\n","protected":false},"author":16,"featured_media":0,"parent":70571,"menu_order":2,"comment_status":"closed","ping_status":"closed","template":"page-templates\/landing.php","meta":{"_acf_changed":false,"footnotes":""},"class_list":["post-11965","page","type-page","status-publish","hentry"],"acf":[],"_links":{"self":[{"href":"https:\/\/www.nosm.ca\/fr\/wp-json\/wp\/v2\/pages\/11965","targetHints":{"allow":["GET"]}}],"collection":[{"href":"https:\/\/www.nosm.ca\/fr\/wp-json\/wp\/v2\/pages"}],"about":[{"href":"https:\/\/www.nosm.ca\/fr\/wp-json\/wp\/v2\/types\/page"}],"author":[{"embeddable":true,"href":"https:\/\/www.nosm.ca\/fr\/wp-json\/wp\/v2\/users\/16"}],"replies":[{"embeddable":true,"href":"https:\/\/www.nosm.ca\/fr\/wp-json\/wp\/v2\/comments?post=11965"}],"version-history":[{"count":16,"href":"https:\/\/www.nosm.ca\/fr\/wp-json\/wp\/v2\/pages\/11965\/revisions"}],"predecessor-version":[{"id":82302,"href":"https:\/\/www.nosm.ca\/fr\/wp-json\/wp\/v2\/pages\/11965\/revisions\/82302"}],"up":[{"embeddable":true,"href":"https:\/\/www.nosm.ca\/fr\/wp-json\/wp\/v2\/pages\/70571"}],"wp:attachment":[{"href":"https:\/\/www.nosm.ca\/fr\/wp-json\/wp\/v2\/media?parent=11965"}],"curies":[{"name":"wp","href":"https:\/\/api.w.org\/{rel}","templated":true}]}}