{"id":11701,"date":"2018-05-23T09:24:43","date_gmt":"2018-05-23T13:24:43","guid":{"rendered":"https:\/\/wp.nosm.ca\/?page_id=11701"},"modified":"2026-01-30T15:00:56","modified_gmt":"2026-01-30T20:00:56","slug":"alumni-benefits","status":"publish","type":"page","link":"https:\/\/www.nosm.ca\/fr\/alumni\/alumni-benefits\/","title":{"rendered":"Avantages pour les dipl\u00f4m\u00e9es et dipl\u00f4m\u00e9s"},"content":{"rendered":"<p><img loading=\"lazy\" decoding=\"async\" class=\"alignnone wp-image-37010 size-full\" src=\"https:\/\/www.nosm.ca\/wp-content\/uploads\/2020\/12\/Alumni-Banner_WebENG.jpg\" alt=\"\" width=\"1800\" height=\"650\" srcset=\"https:\/\/www.nosm.ca\/wp-content\/uploads\/2020\/12\/Alumni-Banner_WebENG.jpg 1800w, https:\/\/www.nosm.ca\/wp-content\/uploads\/2020\/12\/Alumni-Banner_WebENG-300x108.jpg 300w, https:\/\/www.nosm.ca\/wp-content\/uploads\/2020\/12\/Alumni-Banner_WebENG-1024x370.jpg 1024w, https:\/\/www.nosm.ca\/wp-content\/uploads\/2020\/12\/Alumni-Banner_WebENG-768x277.jpg 768w, https:\/\/www.nosm.ca\/wp-content\/uploads\/2020\/12\/Alumni-Banner_WebENG-1536x555.jpg 1536w\" sizes=\"auto, (max-width: 1800px) 100vw, 1800px\" \/><\/p>\n<hr \/>\n<p style=\"text-align: center\"><img loading=\"lazy\" decoding=\"async\" class=\"alignnone wp-image-34082 size-medium\" src=\"https:\/\/www.nosm.ca\/wp-content\/uploads\/2020\/09\/MD-logo-300x54.jpg\" alt=\"MD logo\" width=\"300\" height=\"54\" srcset=\"https:\/\/www.nosm.ca\/wp-content\/uploads\/2020\/09\/MD-logo-300x54.jpg 300w, https:\/\/www.nosm.ca\/wp-content\/uploads\/2020\/09\/MD-logo-768x139.jpg 768w, https:\/\/www.nosm.ca\/wp-content\/uploads\/2020\/09\/MD-logo.jpg 847w\" sizes=\"auto, (max-width: 300px) 100vw, 300px\" \/><\/p>\n<p style=\"text-align: center\"><a href=\"https:\/\/www.nosm.ca\/advancement\/alumni\/alumni-benefits\/now-partnering-with-scotiabank-and-md-to-better-support-the-nosm-physician-community\/\" target=\"_blank\" rel=\"noopener\"><strong>Partenariat avec la Banque Scotia et MD Financial Management pour mieux soutenir la communaut\u00e9 m\u00e9dicale de l&rsquo;EMNO. <\/strong><\/a><\/p>\n<hr \/>\n<p>Pour en savoir davantage, communiquez avec Lianne Baron, agente des relations avec les dipl\u00f4m\u00e9es et dipl\u00f4m\u00e9s et des relations publiques, au 807-766-7433 ou \u00e0\u00a0<a href=\"mailto:lbaron@nosm.ca\" target=\"_blank\" rel=\"noopener\">alumni@nosm.ca.<\/a><\/p>","protected":false},"excerpt":{"rendered":"<p>Partenariat avec la Banque Scotia et MD Financial Management pour mieux soutenir la communaut\u00e9 m\u00e9dicale de l&rsquo;EMNO. Pour en savoir davantage, communiquez avec Lianne Baron, agente des relations avec les dipl\u00f4m\u00e9es et dipl\u00f4m\u00e9s et des relations publiques, au 807-766-7433 ou \u00e0\u00a0alumni@nosm.ca.<\/p>\n","protected":false},"author":16,"featured_media":0,"parent":8448,"menu_order":6,"comment_status":"closed","ping_status":"closed","template":"","meta":{"_acf_changed":false,"footnotes":""},"class_list":["post-11701","page","type-page","status-publish","hentry"],"acf":[],"_links":{"self":[{"href":"https:\/\/www.nosm.ca\/fr\/wp-json\/wp\/v2\/pages\/11701","targetHints":{"allow":["GET"]}}],"collection":[{"href":"https:\/\/www.nosm.ca\/fr\/wp-json\/wp\/v2\/pages"}],"about":[{"href":"https:\/\/www.nosm.ca\/fr\/wp-json\/wp\/v2\/types\/page"}],"author":[{"embeddable":true,"href":"https:\/\/www.nosm.ca\/fr\/wp-json\/wp\/v2\/users\/16"}],"replies":[{"embeddable":true,"href":"https:\/\/www.nosm.ca\/fr\/wp-json\/wp\/v2\/comments?post=11701"}],"version-history":[{"count":86,"href":"https:\/\/www.nosm.ca\/fr\/wp-json\/wp\/v2\/pages\/11701\/revisions"}],"predecessor-version":[{"id":82646,"href":"https:\/\/www.nosm.ca\/fr\/wp-json\/wp\/v2\/pages\/11701\/revisions\/82646"}],"up":[{"embeddable":true,"href":"https:\/\/www.nosm.ca\/fr\/wp-json\/wp\/v2\/pages\/8448"}],"wp:attachment":[{"href":"https:\/\/www.nosm.ca\/fr\/wp-json\/wp\/v2\/media?parent=11701"}],"curies":[{"name":"wp","href":"https:\/\/api.w.org\/{rel}","templated":true}]}}