{"id":11679,"date":"2018-05-23T08:36:31","date_gmt":"2018-05-23T12:36:31","guid":{"rendered":"https:\/\/wp.nosm.ca\/?page_id=11679"},"modified":"2026-03-16T10:54:51","modified_gmt":"2026-03-16T14:54:51","slug":"news-and-events","status":"publish","type":"page","link":"https:\/\/www.nosm.ca\/fr\/alumni\/news-and-events\/","title":{"rendered":"Nouvelles et \u00c9v\u00e9nements"},"content":{"rendered":"<p><\/p>\n<div class='accordion-item closed'>\n<h3 class='accordion-title'>Calendrier des \u00e9v\u00e9nements de l&rsquo;EMNO<\/h3>\n<div class='accordion-content'>\n<p>Visitez le <a href=\"https:\/\/www.nosm.ca\/events\/\">Calendrier des \u00e9v\u00e9nements de l&rsquo;EMNO<\/a>.\n<\/div>\n<\/div>\n<h2><strong>Restez en contact<\/strong><\/h2>\n<p>Renseignez-vous sur les \u00e9v\u00e9nements \u00e0 venir, partagez vos souvenirs de l&rsquo;EMNO et voyez o\u00f9 vos camarades de classe se trouvent maintenant. <a href=\"https:\/\/www.nosm.ca\/advancement\/alumni\/stay-connected\/\" target=\"_blank\" rel=\"noopener\"><strong>Mettez vos coordonn\u00e9es \u00e0 jour ici<\/strong><\/a>.<\/p>\n<p><a href=\"https:\/\/twitter.com\/hashtag\/NOSMAlumni\" target=\"_blank\" rel=\"noopener\">#Diplom\u00e9sEMNO\u00a0<\/a> <a class=\"twitter-timeline\" href=\"https:\/\/twitter.com\/hashtag\/NOSMAlumni\"><img loading=\"lazy\" decoding=\"async\" class=\"alignleft wp-image-30240 \" src=\"https:\/\/www.nosm.ca\/wp-content\/uploads\/2020\/04\/twitter-150x150.png\" alt=\"\" width=\"102\" height=\"102\" \/><\/a><\/p>","protected":false},"excerpt":{"rendered":"<p>Restez en contact Renseignez-vous sur les \u00e9v\u00e9nements \u00e0 venir, partagez vos souvenirs de l&rsquo;EMNO et voyez o\u00f9 vos camarades de classe se trouvent maintenant. Mettez vos coordonn\u00e9es \u00e0 jour ici. #Diplom\u00e9sEMNO\u00a0<\/p>\n","protected":false},"author":16,"featured_media":0,"parent":8448,"menu_order":10,"comment_status":"closed","ping_status":"closed","template":"page-templates\/landing.php","meta":{"_acf_changed":false,"footnotes":""},"class_list":["post-11679","page","type-page","status-publish","hentry"],"acf":[],"_links":{"self":[{"href":"https:\/\/www.nosm.ca\/fr\/wp-json\/wp\/v2\/pages\/11679","targetHints":{"allow":["GET"]}}],"collection":[{"href":"https:\/\/www.nosm.ca\/fr\/wp-json\/wp\/v2\/pages"}],"about":[{"href":"https:\/\/www.nosm.ca\/fr\/wp-json\/wp\/v2\/types\/page"}],"author":[{"embeddable":true,"href":"https:\/\/www.nosm.ca\/fr\/wp-json\/wp\/v2\/users\/16"}],"replies":[{"embeddable":true,"href":"https:\/\/www.nosm.ca\/fr\/wp-json\/wp\/v2\/comments?post=11679"}],"version-history":[{"count":104,"href":"https:\/\/www.nosm.ca\/fr\/wp-json\/wp\/v2\/pages\/11679\/revisions"}],"predecessor-version":[{"id":83401,"href":"https:\/\/www.nosm.ca\/fr\/wp-json\/wp\/v2\/pages\/11679\/revisions\/83401"}],"up":[{"embeddable":true,"href":"https:\/\/www.nosm.ca\/fr\/wp-json\/wp\/v2\/pages\/8448"}],"wp:attachment":[{"href":"https:\/\/www.nosm.ca\/fr\/wp-json\/wp\/v2\/media?parent=11679"}],"curies":[{"name":"wp","href":"https:\/\/api.w.org\/{rel}","templated":true}]}}