{"id":11130,"date":"2018-05-14T12:08:31","date_gmt":"2018-05-14T16:08:31","guid":{"rendered":"https:\/\/wp.nosm.ca\/?page_id=11130"},"modified":"2026-02-17T12:42:51","modified_gmt":"2026-02-17T17:42:51","slug":"resident-wellness","status":"publish","type":"page","link":"https:\/\/www.nosm.ca\/fr\/pgme-office\/resident-wellness\/","title":{"rendered":"Bien-\u00eatre des r\u00e9sidents"},"content":{"rendered":"<p class=\"qtranxs-available-languages-message qtranxs-available-languages-message-fr\">D\u00e9sol\u00e9,  cette entr\u00e9e de donn\u00e9es est seulement disponible en <a href=\"https:\/\/www.nosm.ca\/en\/wp-json\/wp\/v2\/pages\/11130\" class=\"qtranxs-available-language-link qtranxs-available-language-link-en\" title=\"English\">English<\/a>.<\/p>","protected":false},"excerpt":{"rendered":"<p>D\u00e9sol\u00e9, cette entr\u00e9e de donn\u00e9es est seulement disponible en English.<\/p>\n","protected":false},"author":16,"featured_media":0,"parent":11053,"menu_order":16,"comment_status":"closed","ping_status":"closed","template":"page-templates\/pg-office.php","meta":{"_acf_changed":false,"footnotes":""},"class_list":["post-11130","page","type-page","status-publish","hentry"],"acf":[],"_links":{"self":[{"href":"https:\/\/www.nosm.ca\/fr\/wp-json\/wp\/v2\/pages\/11130","targetHints":{"allow":["GET"]}}],"collection":[{"href":"https:\/\/www.nosm.ca\/fr\/wp-json\/wp\/v2\/pages"}],"about":[{"href":"https:\/\/www.nosm.ca\/fr\/wp-json\/wp\/v2\/types\/page"}],"author":[{"embeddable":true,"href":"https:\/\/www.nosm.ca\/fr\/wp-json\/wp\/v2\/users\/16"}],"replies":[{"embeddable":true,"href":"https:\/\/www.nosm.ca\/fr\/wp-json\/wp\/v2\/comments?post=11130"}],"version-history":[{"count":195,"href":"https:\/\/www.nosm.ca\/fr\/wp-json\/wp\/v2\/pages\/11130\/revisions"}],"predecessor-version":[{"id":82877,"href":"https:\/\/www.nosm.ca\/fr\/wp-json\/wp\/v2\/pages\/11130\/revisions\/82877"}],"up":[{"embeddable":true,"href":"https:\/\/www.nosm.ca\/fr\/wp-json\/wp\/v2\/pages\/11053"}],"wp:attachment":[{"href":"https:\/\/www.nosm.ca\/fr\/wp-json\/wp\/v2\/media?parent=11130"}],"curies":[{"name":"wp","href":"https:\/\/api.w.org\/{rel}","templated":true}]}}