{"id":11115,"date":"2018-05-14T10:59:42","date_gmt":"2018-05-14T14:59:42","guid":{"rendered":"https:\/\/wp.nosm.ca\/?page_id=11115"},"modified":"2026-03-31T18:30:57","modified_gmt":"2026-03-31T22:30:57","slug":"goals","status":"publish","type":"page","link":"https:\/\/www.nosm.ca\/fr\/pgme-office\/current-residents\/evaluation-and-assessment\/goals\/","title":{"rendered":"Buts et objectifs"},"content":{"rendered":"<p class=\"qtranxs-available-languages-message qtranxs-available-languages-message-fr\">D\u00e9sol\u00e9,  cette entr\u00e9e de donn\u00e9es est seulement disponible en <a href=\"https:\/\/www.nosm.ca\/en\/wp-json\/wp\/v2\/pages\/11115\" class=\"qtranxs-available-language-link qtranxs-available-language-link-en\" title=\"English\">English<\/a>.<\/p>","protected":false},"excerpt":{"rendered":"<p>D\u00e9sol\u00e9, cette entr\u00e9e de donn\u00e9es est seulement disponible en English.<\/p>\n","protected":false},"author":16,"featured_media":0,"parent":11076,"menu_order":2,"comment_status":"closed","ping_status":"closed","template":"","meta":{"_acf_changed":false,"footnotes":""},"class_list":["post-11115","page","type-page","status-publish","hentry"],"acf":[],"_links":{"self":[{"href":"https:\/\/www.nosm.ca\/fr\/wp-json\/wp\/v2\/pages\/11115","targetHints":{"allow":["GET"]}}],"collection":[{"href":"https:\/\/www.nosm.ca\/fr\/wp-json\/wp\/v2\/pages"}],"about":[{"href":"https:\/\/www.nosm.ca\/fr\/wp-json\/wp\/v2\/types\/page"}],"author":[{"embeddable":true,"href":"https:\/\/www.nosm.ca\/fr\/wp-json\/wp\/v2\/users\/16"}],"replies":[{"embeddable":true,"href":"https:\/\/www.nosm.ca\/fr\/wp-json\/wp\/v2\/comments?post=11115"}],"version-history":[{"count":50,"href":"https:\/\/www.nosm.ca\/fr\/wp-json\/wp\/v2\/pages\/11115\/revisions"}],"predecessor-version":[{"id":83826,"href":"https:\/\/www.nosm.ca\/fr\/wp-json\/wp\/v2\/pages\/11115\/revisions\/83826"}],"up":[{"embeddable":true,"href":"https:\/\/www.nosm.ca\/fr\/wp-json\/wp\/v2\/pages\/11076"}],"wp:attachment":[{"href":"https:\/\/www.nosm.ca\/fr\/wp-json\/wp\/v2\/media?parent=11115"}],"curies":[{"name":"wp","href":"https:\/\/api.w.org\/{rel}","templated":true}]}}