{"id":11053,"date":"2018-05-11T14:39:47","date_gmt":"2018-05-11T18:39:47","guid":{"rendered":"https:\/\/wp.nosm.ca\/?page_id=11053"},"modified":"2026-03-26T10:18:10","modified_gmt":"2026-03-26T14:18:10","slug":"pgme-office","status":"publish","type":"page","link":"https:\/\/www.nosm.ca\/fr\/pgme-office\/","title":{"rendered":"Bureau de la formation postdoctorale"},"content":{"rendered":"<p>Le Bureau de la formation m\u00e9dicale postdoctorale (BFMP) de l&rsquo;\u00c9cole de m\u00e9decine du Nord de l&rsquo;Ontario a la responsabilit\u00e9 de fournir, administrer et appuyer tous les programmes de formation postdoctorale en r\u00e9sidence dans le Nord de l&rsquo;Ontario.<\/p>\n<p>Le r\u00f4le du BFMP est de coordonner l\u2019administration avec les r\u00e9sidents, les h\u00f4pitaux d\u2019enseignement, les lieux de stage et tous les programmes de r\u00e9sidence de l&rsquo;EMNO. De concert avec les coordonnateurs et directeurs de programme, le personnel et l\u2019administration du BFMP sont pr\u00eats \u00e0 vous \u00e9pauler, \u00e0 r\u00e9pondre \u00e0 vos questions et \u00e0 vous aider \u00e0 r\u00e9soudre des probl\u00e8mes.<\/p>\n<h3><strong>Le Bureau de la formation m\u00e9dicale postdoctorale supervise\u00a0: <\/strong><\/h3>\n<h3><strong><br \/>\n<\/strong><strong>Les activit\u00e9s \u00e9ducationnelles<\/strong><\/h3>\n<ul>\n<li>Il travaille avec les programmes pour en am\u00e9liorer la qualit\u00e9 et veiller au respect des normes d\u2019agr\u00e9ment (Coll\u00e8ge royal et M\u00e9decine familiale)<\/li>\n<li>Il centralise la coordination des processus d\u2019\u00e9valuation et d\u2019appel des programmes<\/li>\n<li>Il centralise la coordination des demandes de cong\u00e9 (vacances, conf\u00e9rences, maladie, etc.)<\/li>\n<\/ul>\n<p><strong>Promotion et recrutement<\/strong><\/p>\n<ul>\n<li>Il travaille avec tous les programmes dans le cadre du processus d\u2019admission du CaRMS et pour la gestion des \u00e9v\u00e9nements sp\u00e9ciaux<\/li>\n<\/ul>\n<p><strong>Administration<\/strong><\/p>\n<ul>\n<li>Cartes de stage<\/li>\n<li>Processus de transfert<\/li>\n<li>Inscription et immunisation<\/li>\n<li>Rapports au minist\u00e8re et autres donn\u00e9es requises<\/li>\n<\/ul>\n<p><\/p>","protected":false},"excerpt":{"rendered":"<p>Le Bureau de la formation m\u00e9dicale postdoctorale (BFMP) de l&rsquo;\u00c9cole de m\u00e9decine du Nord de l&rsquo;Ontario a la responsabilit\u00e9 de fournir, administrer et appuyer tous les programmes de formation postdoctorale en r\u00e9sidence dans le Nord de l&rsquo;Ontario. Le r\u00f4le du BFMP est de coordonner l\u2019administration avec les r\u00e9sidents, les h\u00f4pitaux d\u2019enseignement, les lieux de stage &hellip; <a href=\"https:\/\/www.nosm.ca\/fr\/pgme-office\/\" class=\"more-link\">Continue reading <span class=\"screen-reader-text\">Bureau de la formation postdoctorale<\/span> <span class=\"meta-nav\">&rarr;<\/span><\/a><\/p>\n","protected":false},"author":16,"featured_media":0,"parent":0,"menu_order":19,"comment_status":"closed","ping_status":"closed","template":"page-templates\/pg-office.php","meta":{"_acf_changed":false,"footnotes":""},"class_list":["post-11053","page","type-page","status-publish","hentry"],"acf":[],"_links":{"self":[{"href":"https:\/\/www.nosm.ca\/fr\/wp-json\/wp\/v2\/pages\/11053","targetHints":{"allow":["GET"]}}],"collection":[{"href":"https:\/\/www.nosm.ca\/fr\/wp-json\/wp\/v2\/pages"}],"about":[{"href":"https:\/\/www.nosm.ca\/fr\/wp-json\/wp\/v2\/types\/page"}],"author":[{"embeddable":true,"href":"https:\/\/www.nosm.ca\/fr\/wp-json\/wp\/v2\/users\/16"}],"replies":[{"embeddable":true,"href":"https:\/\/www.nosm.ca\/fr\/wp-json\/wp\/v2\/comments?post=11053"}],"version-history":[{"count":99,"href":"https:\/\/www.nosm.ca\/fr\/wp-json\/wp\/v2\/pages\/11053\/revisions"}],"predecessor-version":[{"id":83697,"href":"https:\/\/www.nosm.ca\/fr\/wp-json\/wp\/v2\/pages\/11053\/revisions\/83697"}],"wp:attachment":[{"href":"https:\/\/www.nosm.ca\/fr\/wp-json\/wp\/v2\/media?parent=11053"}],"curies":[{"name":"wp","href":"https:\/\/api.w.org\/{rel}","templated":true}]}}