{"id":1094,"date":"2016-02-08T15:57:31","date_gmt":"2016-02-08T20:57:31","guid":{"rendered":"http:\/\/10.1.1.93\/wordpress\/?page_id=1094"},"modified":"2025-02-21T16:01:12","modified_gmt":"2025-02-21T21:01:12","slug":"board-recruitment","status":"publish","type":"page","link":"https:\/\/www.nosm.ca\/fr\/about\/governance\/board\/membership\/board-recruitment\/","title":{"rendered":"Recrutement au conseil"},"content":{"rendered":"<p><\/p>\n<h1><strong>\u00c0 propos de l&rsquo;EMNO <\/strong><\/h1>\n<p>Depuis sa cr\u00e9ation, l\u2019\u00c9cole de m\u00e9decine du Nord de l\u2019Ontario a fi\u00e8rement d\u00e9fi\u00e9 la formation traditionnelle des professionnels de la sant\u00e9.<\/p>\n<p>Fruit d\u2019un mouvement populaire dans le Nord de l\u2019Ontario qui avait besoin de professionnels de la sant\u00e9, l\u2019\u00c9cole de m\u00e9decine du Nord de l\u2019Ontario est unique en son genre. Aucune autre \u00e9cole de m\u00e9decine canadienne n\u2019est rattach\u00e9e \u00e0 deux universit\u00e9s, dans ce cas, la Lakehead University \u00e0 Thunder Bay et l\u2019Universit\u00e9 Laurentienne \u00e0 Sudbury. Aucune autre \u00e9cole de m\u00e9decine canadienne n\u2019offre de la formation dans plus de 90 communaut\u00e9s r\u00e9parties sur 800 000 kilom\u00e8tres carr\u00e9s soit le campus de l\u2019EMNO.<\/p>\n<p>Au lieu d\u2019adopter une approche toute faite de l\u2019enseignement des programmes professionnels de la sant\u00e9 fond\u00e9s sur les m\u00e9thodes traditionnelles, l\u2019EMNO a con\u00e7u des strat\u00e9gies novatrices de formation qui r\u00e9pondent aux besoins des gens du Nord de l\u2019Ontario.<\/p>\n<h2><strong>\u00c0 propos du conseil d\u2019administration<\/strong><\/h2>\n<p>Le conseil d\u2019administration de l&rsquo;EMNO est constitu\u00e9 de 19 membres qui refl\u00e8tent la diversit\u00e9 g\u00e9ographique et d\u00e9mographique du Nord de l&rsquo;Ontario, notamment les Autochtones, les francophones et les communaut\u00e9s rurales et \u00e9loign\u00e9es. Il a la responsabilit\u00e9 de la gouvernance et de la gestion financi\u00e8re de l\u2019\u00c9cole, et sa composition est assez vaste pour regrouper et \u00e9quilibrer les comp\u00e9tences et l&rsquo;expertise requises qui lui permettent de s\u2019acquitter de ses responsabilit\u00e9s.<\/p>\n<ul>\n<li><a href=\"https:\/\/www.nosm.ca\/wp-content\/uploads\/2019\/01\/NOSM-By-Law-No-8-21September2016-Approved.pdf\"><u>R\u00e8glement administratif n<sup>o<\/sup> 8 de l&rsquo;EMNO<\/u> <\/a>(en anglais)<\/li>\n<li><u><a href=\"https:\/\/www.nosm.ca\/wp-content\/uploads\/2018\/06\/10Roles-and-Responsibliites-of-the-Board2-1.pdf\">R\u00f4les et responsabilit\u00e9s du conseil<\/a><\/u> (en anglais)<\/li>\n<li><u><a href=\"https:\/\/www.nosm.ca\/wp-content\/uploads\/2018\/06\/ResponsibilitiesExpectationsIndividualDirectors.pdf\">Responsabilit\u00e9s et attentes des membres du conseil <\/a><\/u>(en anglais)<\/li>\n<\/ul>\n<p>Les membres du conseil sont recrut\u00e9s en fonction de leur capacit\u00e9 d\u00e9montr\u00e9e de contribuer au bien-\u00eatre de l\u2019\u00c9cole et de s\u2019acquitter de leurs responsabilit\u00e9s de fiduciaires.<\/p>\n<ul>\n<li><u><a href=\"https:\/\/www.nosm.ca\/wp-content\/uploads\/2018\/06\/Guidelines-for-the-Nomination-of-Directors.pdf\">Lignes directrices concernant la nomination des membres du conseil<\/a> <\/u>(en anglais)<\/li>\n<\/ul>\n<p><strong>Le conseil d\u2019administration de l&rsquo;EMNO est \u00e0 la recherche de cinq membres<\/strong><br \/>\nL&rsquo;\u00c9cole de m\u00e9decine du Nord de l&rsquo;Ontario (EMNO) est \u00e0 la recherche de cinq (5) personnes pour si\u00e9ger \u00e0 son conseil d\u2019administration \u00e0 partir de septembre 2020.<\/p>\n<p>Si vous partagez l&rsquo;engagement de l&rsquo;EMNO \u00e0 am\u00e9liorer l&rsquo;acc\u00e8s aux soins de sant\u00e9 pour les gens et les communaut\u00e9s du Nord de l&rsquo;Ontario, voici une occasion id\u00e9ale d\u2019apporter une contribution. La vision de l&rsquo;EMNO,\u00a0<em>Formation et recherche novatrices pour am\u00e9liorer la sant\u00e9 dans le Nord<\/em>, signifie qu\u2019elle demeure fid\u00e8le \u00e0 son engagement d\u2019offrir une formation de haute qualit\u00e9 aux m\u00e9decins et aux professionnels de la sant\u00e9, et reste un chef de file de la formation et de la recherche r\u00e9gionalis\u00e9es ax\u00e9es sur l\u2019apprentissage faisant appel aux communaut\u00e9s.<\/p>\n<p>L\u2019EMNO cherche des personnes d\u2019origines diverses, surtout des Autochtones et des francophones, qui r\u00e9sident dans des communaut\u00e9s rurales ou \u00e9loign\u00e9es du Nord de l&rsquo;Ontario et poss\u00e8dent quelques-unes des caract\u00e9ristiques suivantes\u00a0:<\/p>\n<ul>\n<li>Solide compr\u00e9hension des populations diversifi\u00e9es et\/ou exp\u00e9rience, et sensibilit\u00e9 culturelle envers les communaut\u00e9s du Nord de l&rsquo;Ontario.<\/li>\n<li>Connaissance et\/ou exp\u00e9rience de la gouvernance, de la politique et de l&rsquo;administration des soins de sant\u00e9 et\/ou de la prestation des soins chez les Autochtones.<\/li>\n<li>Connaissance et\/ou exp\u00e9rience de la politique et de l&rsquo;administration des soins de sant\u00e9, de la transformation du syst\u00e8me de sant\u00e9 et\/ou de la prestation des soins chez les francophones.<\/li>\n<li>M\u00e9decin en r\u00e8gle \u00e0 l\u2019Ordre des m\u00e9decins et chirurgiens de l\u2019Ontario et exp\u00e9rience en enseignement clinique.<\/li>\n<li>Expertise en gestion financi\u00e8re au niveau d\u2019expert-comptable, y compris les exigences en mati\u00e8re de rapports financiers et v\u00e9rification d\u2019un organisme priv\u00e9 ou public complexe.<\/li>\n<li>Connaissance de la technologie de gestion de l\u2019information et de l\u2019innovation.<\/li>\n<li>Dipl\u00f4m\u00e9 de l&rsquo;EMNO.<\/li>\n<\/ul>\n<p>Dans le but de repr\u00e9senter la population diversifi\u00e9e du Nord, pr\u00e9f\u00e9rence sera donn\u00e9e aux candidats autochtones, francophones et\/ou des r\u00e9gions rurales ou \u00e9loign\u00e9es du Nord de l&rsquo;Ontario.<\/p>\n<p><strong>Renseignements pour poser une candidature<\/strong><br \/>\nLes personnes int\u00e9ress\u00e9es qui poss\u00e8dent la s\u00e9rie particuli\u00e8re de comp\u00e9tences et l&rsquo;exp\u00e9rience indiqu\u00e9s, sont invit\u00e9es \u00e0 poser leur candidature en ligne \u00e0\u00a0<a href=\"https:\/\/nosm.ca\/boardrecruitment\" target=\"_blank\" rel=\"noopener noreferrer\">nosm.ca\/boardrecruitment<\/a>.<\/p>\n<p><strong>L\u2019\u00e9ch\u00e9ance pour pr\u00e9senter les candidatures est le 28 f\u00e9vrier 2020.<\/strong><\/p>","protected":false},"excerpt":{"rendered":"<p>\u00c0 propos de l&rsquo;EMNO Depuis sa cr\u00e9ation, l\u2019\u00c9cole de m\u00e9decine du Nord de l\u2019Ontario a fi\u00e8rement d\u00e9fi\u00e9 la formation traditionnelle des professionnels de la sant\u00e9. Fruit d\u2019un mouvement populaire dans le Nord de l\u2019Ontario qui avait besoin de professionnels de la sant\u00e9, l\u2019\u00c9cole de m\u00e9decine du Nord de l\u2019Ontario est unique en son genre. Aucune &hellip; <a href=\"https:\/\/www.nosm.ca\/fr\/about\/governance\/board\/membership\/board-recruitment\/\" class=\"more-link\">Continue reading <span class=\"screen-reader-text\">Recrutement au conseil<\/span> <span class=\"meta-nav\">&rarr;<\/span><\/a><\/p>\n","protected":false},"author":16,"featured_media":0,"parent":1067,"menu_order":2,"comment_status":"closed","ping_status":"closed","template":"page-templates\/pg-office.php","meta":{"_acf_changed":false,"footnotes":""},"class_list":["post-1094","page","type-page","status-publish","hentry"],"acf":[],"_links":{"self":[{"href":"https:\/\/www.nosm.ca\/fr\/wp-json\/wp\/v2\/pages\/1094","targetHints":{"allow":["GET"]}}],"collection":[{"href":"https:\/\/www.nosm.ca\/fr\/wp-json\/wp\/v2\/pages"}],"about":[{"href":"https:\/\/www.nosm.ca\/fr\/wp-json\/wp\/v2\/types\/page"}],"author":[{"embeddable":true,"href":"https:\/\/www.nosm.ca\/fr\/wp-json\/wp\/v2\/users\/16"}],"replies":[{"embeddable":true,"href":"https:\/\/www.nosm.ca\/fr\/wp-json\/wp\/v2\/comments?post=1094"}],"version-history":[{"count":104,"href":"https:\/\/www.nosm.ca\/fr\/wp-json\/wp\/v2\/pages\/1094\/revisions"}],"predecessor-version":[{"id":76444,"href":"https:\/\/www.nosm.ca\/fr\/wp-json\/wp\/v2\/pages\/1094\/revisions\/76444"}],"up":[{"embeddable":true,"href":"https:\/\/www.nosm.ca\/fr\/wp-json\/wp\/v2\/pages\/1067"}],"wp:attachment":[{"href":"https:\/\/www.nosm.ca\/fr\/wp-json\/wp\/v2\/media?parent=1094"}],"curies":[{"name":"wp","href":"https:\/\/api.w.org\/{rel}","templated":true}]}}