{"id":10316,"date":"2018-04-25T08:42:17","date_gmt":"2018-04-25T12:42:17","guid":{"rendered":"https:\/\/wp.nosm.ca\/?page_id=10316"},"modified":"2025-07-02T13:40:46","modified_gmt":"2025-07-02T17:40:46","slug":"previous-deans-summer-medical-student-awards-recipients","status":"publish","type":"page","link":"https:\/\/www.nosm.ca\/fr\/research\/funding-opportunities\/research-awards-at-nosm\/archived-awards\/previous-deans-summer-medical-student-awards-recipients\/","title":{"rendered":"Previous Summer Medical Student Awards Recipients"},"content":{"rendered":"<p class=\"qtranxs-available-languages-message qtranxs-available-languages-message-fr\">D\u00e9sol\u00e9,  cette entr\u00e9e de donn\u00e9es est seulement disponible en <a href=\"https:\/\/www.nosm.ca\/en\/wp-json\/wp\/v2\/pages\/10316\" class=\"qtranxs-available-language-link qtranxs-available-language-link-en\" title=\"English\">English<\/a>.<\/p>","protected":false},"excerpt":{"rendered":"<p>D\u00e9sol\u00e9, cette entr\u00e9e de donn\u00e9es est seulement disponible en English.<\/p>\n","protected":false},"author":16,"featured_media":0,"parent":10194,"menu_order":3,"comment_status":"closed","ping_status":"closed","template":"","meta":{"_acf_changed":false,"footnotes":""},"class_list":["post-10316","page","type-page","status-publish","hentry"],"acf":[],"_links":{"self":[{"href":"https:\/\/www.nosm.ca\/fr\/wp-json\/wp\/v2\/pages\/10316","targetHints":{"allow":["GET"]}}],"collection":[{"href":"https:\/\/www.nosm.ca\/fr\/wp-json\/wp\/v2\/pages"}],"about":[{"href":"https:\/\/www.nosm.ca\/fr\/wp-json\/wp\/v2\/types\/page"}],"author":[{"embeddable":true,"href":"https:\/\/www.nosm.ca\/fr\/wp-json\/wp\/v2\/users\/16"}],"replies":[{"embeddable":true,"href":"https:\/\/www.nosm.ca\/fr\/wp-json\/wp\/v2\/comments?post=10316"}],"version-history":[{"count":21,"href":"https:\/\/www.nosm.ca\/fr\/wp-json\/wp\/v2\/pages\/10316\/revisions"}],"predecessor-version":[{"id":79025,"href":"https:\/\/www.nosm.ca\/fr\/wp-json\/wp\/v2\/pages\/10316\/revisions\/79025"}],"up":[{"embeddable":true,"href":"https:\/\/www.nosm.ca\/fr\/wp-json\/wp\/v2\/pages\/10194"}],"wp:attachment":[{"href":"https:\/\/www.nosm.ca\/fr\/wp-json\/wp\/v2\/media?parent=10316"}],"curies":[{"name":"wp","href":"https:\/\/api.w.org\/{rel}","templated":true}]}}