{"id":10224,"date":"2018-04-24T13:35:46","date_gmt":"2018-04-24T17:35:46","guid":{"rendered":"https:\/\/wp.nosm.ca\/?page_id=10224"},"modified":"2022-12-07T16:18:41","modified_gmt":"2022-12-07T21:18:41","slug":"pathways-to-well-being-workshop","status":"publish","type":"page","link":"https:\/\/www.nosm.ca\/fr\/research\/research-conferences-gatherings-and-publications\/research-gatherings\/pathways-to-well-being-workshop\/","title":{"rendered":"Pathways to Well-Being Workshop"},"content":{"rendered":"<p class=\"qtranxs-available-languages-message qtranxs-available-languages-message-fr\">D\u00e9sol\u00e9,  cette entr\u00e9e de donn\u00e9es est seulement disponible en <a href=\"https:\/\/www.nosm.ca\/en\/wp-json\/wp\/v2\/pages\/10224\" class=\"qtranxs-available-language-link qtranxs-available-language-link-en\" title=\"English\">English<\/a>.<\/p>","protected":false},"excerpt":{"rendered":"<p>D\u00e9sol\u00e9, cette entr\u00e9e de donn\u00e9es est seulement disponible en English.<\/p>\n","protected":false},"author":16,"featured_media":0,"parent":8185,"menu_order":1,"comment_status":"closed","ping_status":"closed","template":"","meta":{"_acf_changed":false,"footnotes":""},"class_list":["post-10224","page","type-page","status-publish","hentry"],"acf":[],"_links":{"self":[{"href":"https:\/\/www.nosm.ca\/fr\/wp-json\/wp\/v2\/pages\/10224","targetHints":{"allow":["GET"]}}],"collection":[{"href":"https:\/\/www.nosm.ca\/fr\/wp-json\/wp\/v2\/pages"}],"about":[{"href":"https:\/\/www.nosm.ca\/fr\/wp-json\/wp\/v2\/types\/page"}],"author":[{"embeddable":true,"href":"https:\/\/www.nosm.ca\/fr\/wp-json\/wp\/v2\/users\/16"}],"replies":[{"embeddable":true,"href":"https:\/\/www.nosm.ca\/fr\/wp-json\/wp\/v2\/comments?post=10224"}],"version-history":[{"count":8,"href":"https:\/\/www.nosm.ca\/fr\/wp-json\/wp\/v2\/pages\/10224\/revisions"}],"predecessor-version":[{"id":57773,"href":"https:\/\/www.nosm.ca\/fr\/wp-json\/wp\/v2\/pages\/10224\/revisions\/57773"}],"up":[{"embeddable":true,"href":"https:\/\/www.nosm.ca\/fr\/wp-json\/wp\/v2\/pages\/8185"}],"wp:attachment":[{"href":"https:\/\/www.nosm.ca\/fr\/wp-json\/wp\/v2\/media?parent=10224"}],"curies":[{"name":"wp","href":"https:\/\/api.w.org\/{rel}","templated":true}]}}